{"id":7124,"date":"2024-11-20T11:12:38","date_gmt":"2024-11-20T08:12:38","guid":{"rendered":"https:\/\/rocketseo.md\/servicii-de-linkbuilding-in-moldova\/"},"modified":"2024-12-10T12:57:50","modified_gmt":"2024-12-10T09:57:50","slug":"servicii-de-linkbuilding-in-moldova","status":"publish","type":"page","link":"https:\/\/rocketseo.md\/ro\/servicii-de-linkbuilding-in-moldova\/","title":{"rendered":"Servicii de linkbuilding in Moldova"},"content":{"rendered":"","protected":false},"excerpt":{"rendered":"","protected":false},"author":2,"featured_media":0,"parent":0,"menu_order":0,"comment_status":"closed","ping_status":"closed","template":"template-parts\/page-link.php","meta":{"_acf_changed":false,"inline_featured_image":false,"_uag_custom_page_level_css":"","footnotes":""},"class_list":["post-7124","page","type-page","status-publish","hentry"],"acf":[],"spectra_custom_meta":{"rank_math_internal_links_processed":["1"],"_alp_processed":["1733824674"],"_wpml_media_duplicate":["0"],"_wpml_media_featured":["0"],"list4":["2"],"_list3_0_text":["field_673725fbc296f"],"_list3_1_text":["field_673725fbc296f"],"_list3_2_text":["field_673725fbc296f"],"_list3_3_text":["field_673725fbc296f"],"_list3_4_text":["field_673725fbc296f"],"_list3_5_text":["field_673725fbc296f"],"_list6_0_text":["field_67372938b33ba"],"_list6_1_text":["field_67372938b33ba"],"_list6_2_text":["field_67372938b33ba"],"_list3_0_img":["field_673725eac296d"],"_list3_1_img":["field_673725eac296d"],"_list3_2_img":["field_673725eac296d"],"_list3_3_img":["field_673725eac296d"],"_list3_4_img":["field_673725eac296d"],"_list3_5_img":["field_673725eac296d"],"_list3_3_title":["field_673725f2c296e"],"_list3_4_title":["field_673725f2c296e"],"_list3_5_title":["field_673725f2c296e"],"_list4_0_title":["field_67372790b8fcc"],"_list4_1_title":["field_67372790b8fcc"],"_list7_0_title":["field_67372a0bf2c59"],"_list7_1_title":["field_67372a0bf2c59"],"_list7_2_title":["field_67372a0bf2c59"],"_list7_3_title":["field_67372a0bf2c59"],"_list7_4_title":["field_67372a0bf2c59"],"_list7_5_title":["field_67372a0bf2c59"],"_list7_6_title":["field_67372a0bf2c59"],"_title4":["field_67372780b8fca"],"_list4":["field_67372789b8fcb"],"_btn_text1":["field_6737248c59325"],"_link1":["field_6737249459326"],"list1":["2"],"_list1":["field_6737247159321"],"_title6":["field_67372927b33b8"],"list6":["4"],"_list6":["field_6737292fb33b9"],"_title7":["field_673729eff2c56"],"_title8":["field_67372b3c87fb3"],"_list1_0_title":["field_6737247e59323"],"_list1_1_title":["field_6737247e59323"],"_list4_0_text":["field_67372795b8fcd"],"_list4_1_text":["field_67372795b8fcd"],"_title5":["field_673728a8a5e1c"],"list7":["9"],"_text7":["field_673729f6f2c57"],"_list7":["field_67372a01f2c58"],"_list7_0_text":["field_67372a10f2c5a"],"_list7_1_text":["field_67372a10f2c5a"],"_list7_2_text":["field_67372a10f2c5a"],"_list7_3_text":["field_67372a10f2c5a"],"_list7_4_text":["field_67372a10f2c5a"],"_list7_5_text":["field_67372a10f2c5a"],"_form8":["field_67372b5387fb6"],"_subtitle8":["field_67372b4687fb4"],"list9":["2"],"_title9":["field_67372c5a1e513"],"_list9":["field_67372c601e514"],"_list9_0_color":["field_67372c6c1e515"],"_list9_0_title":["field_67372c791e516"],"_list9_0_text":["field_67372c7e1e517"],"_list9_0_btn_text":["field_67372c821e518"],"_list9_0_link":["field_67372c871e519"],"_list9_0_img":["field_67372c8b1e51a"],"_list9_1_color":["field_67372c6c1e515"],"_list9_1_title":["field_67372c791e516"],"_list9_1_text":["field_67372c7e1e517"],"_list9_1_btn_text":["field_67372c821e518"],"_list9_1_link":["field_67372c871e519"],"_list9_1_img":["field_67372c8b1e51a"],"_list9_0_img2":["field_67372c911e51b"],"_list9_1_img2":["field_67372c911e51b"],"_list1_0_link":["field_6737248459324"],"_list1_1_link":["field_6737248459324"],"_text5":["field_673728ada5e1d"],"_btn_text5":["field_673728b4a5e1e"],"_link5":["field_673728baa5e1f"],"_title8_2":["field_67372b4c87fb5"],"img4":["6943"],"_img4":["field_6737279ab8fce"],"_list6_3_text":["field_67372938b33ba"],"_list7_6_text":["field_67372a10f2c5a"],"_list7_7_title":["field_67372a0bf2c59"],"_list7_7_text":["field_67372a10f2c5a"],"_list7_8_title":["field_67372a0bf2c59"],"_list7_8_text":["field_67372a10f2c5a"],"_text2_2":["field_6737256a4b104"],"_wp_page_template":["template-parts\/page-link.php"],"title1":["Servicii de linkbuilding \u00een Moldova"],"title2":["Ce este linkbuilding?"],"list3_0_text":["Deoarece nu suntem proprietari ai site-urilor pe care plas\u0103m linkuri, linkurile vor r\u0103m\u00e2ne pe site-uri at\u00e2t de mult c\u00e2t este posibil. Cu toate acestea, <strong>garant\u0103m<\/strong> \u00eenlocuirea linkurilor de calitate \u00eendep\u0103rtate \u00een termen de <strong>6 luni.<\/strong>"],"list3_1_text":["Nu aplic\u0103m major\u0103ri de pre\u021b, pl\u0103ti\u021bi doar comisionul pentru munca noastr\u0103, care reprezint\u0103 35% din buget. Pre\u021burile noastre sunt semnificativ mai mici dec\u00e2t cele pe care le-a\u021bi ob\u021bine dac\u0103 a\u021bi contacta direct proprietarii de site-uri."],"list3_2_text":["Serviciile noastre includ: analiza concuren\u021bei \u0219i profilului de linkuri actual, selec\u021bia cuvintelor cheie pentru lucrul cu ele, alegerea site-urilor pentru solicitarea dumneavoastr\u0103, crearea de texte de calitate \u0219i altele."],"list3_3_text":["Colabor\u0103m cu peste 10.000 de cele mai mari site-uri din RM, SUA, UE \u0219i AU cu indicatori \u00eenal\u021bi. Echipa noastr\u0103 <strong>multilingv\u0103 proprie<\/strong> ofer\u0103 servicii de construirea linkurilor, inclusiv linkuri inversate \u0219i din \u021b\u0103ri exotice."],"list3_4_text":["\u00cen procesul de selec\u021bie a site-urilor, utiliz\u0103m doar site-uri de calitate \u0219i relevante, inclusiv con\u021binut pentru a \u00eembun\u0103t\u0103\u021bi \u00eencrederea \u0219i autoritatea site-ului dumneavoastr\u0103."],"list3_5_text":["Oferim rapoarte regulate \u00een care men\u021bion\u0103m linkurile imediat dup\u0103 plasarea acestora \u0219i informa\u021bii despre costul real. Acest lucru permite clien\u021bilor no\u0219tri s\u0103 vad\u0103 rezultatele muncii noastre \u0219i s\u0103 evalueze eficien\u021ba investi\u021biilor."],"list6_0_text":["Cea mai mare baz\u0103 de resurse pentru achizi\u021bionarea de linkuri \u00een Moldova"],"list6_1_text":["Select\u0103m site-uri de calitate \u0219i tematice pentru promovarea resursei dumneavoastr\u0103"],"list6_2_text":["Lucr\u0103m \u0219i adun\u0103m resurse din \u021b\u0103ri foarte exotice"],"title3":["Avantajele noastre"],"list3_0_title":["Garan\u021bie"],"list3_1_title":["Transparen\u021ba pre\u021burilor"],"list3_2_title":["Abordare complet\u0103"],"list3_3_title":["Baz\u0103 \u0219i echip\u0103 proprie"],"list3_4_title":["Calitate \u00eenalt\u0103"],"list3_5_title":["Rapoarte corecte"],"list4_0_title":["Pentru masa de linkuri:"],"list4_1_title":["Pentru promovarea site-ului:"],"list7_0_title":["Ce probleme rezolv\u0103 Link building?"],"list7_1_title":["De ce ave\u021bi nevoie de linkbuilding?"],"list7_2_title":["Cum contribuie utilizarea serviciului nostru la \u00eembun\u0103t\u0103\u021birea imaginii brandului?"],"list7_3_title":["De ce s\u0103 alege\u021bi linkbuilding la RocketSEO?"],"list7_4_title":["Cum pot cCine creeaz\u0103 con\u021binutul sponsorizat?ump\u0103ra un articol sponsorizat?"],"list7_5_title":["Cine creeaz\u0103 con\u021binutul sponsorizat?"],"list7_6_title":["Cum pot verifica calitatea blogului \u00eenainte de a lua decizia de a continua?"],"title4":["Sarcinile pe care le rezolv\u0103 serviciile noastre:"],"btn_text1":["Ob\u021bine\u021bi o consulta\u021bie"],"link1":["#form"],"title6":["C\u00e2teva fapte"],"title7":["#\u00centreb\u0103ri frecvente"],"title8":["Zbur\u0103m \u00een TOP \u00eempreun\u0103?"],"list1_0_title":["#ce sarcini rezolv\u0103 Link building"],"list1_1_title":["#costul linkurilor \u00eenapoi"],"list4_0_text":["<ul>\r\n \t<li>cre\u0219terea num\u0103rului de linkuri<\/li>\r\n \t<li>surse de calitate<\/li>\r\n \t<li>diversitate \u00een profilul de linkuri<\/li>\r\n \t<li>linkuri naturale<\/li>\r\n<\/ul>"],"list4_1_text":["html\r\n\u041a\u043e\u043f\u0438\u0440\u043e\u0432\u0430\u0442\u044c \u043a\u043e\u0434\r\n<ul>\r\n \t<li>\u00eembun\u0103t\u0103\u021birea pozi\u021biilor<\/li>\r\n \t<li>cre\u0219terea traficului<\/li>\r\n \t<li>cre\u0219terea Domain Rank<\/li>\r\n \t<li>cre\u0219terea autorit\u0103\u021bii<\/li>\r\n \t<li>extinderea audien\u021bei<\/li>\r\n<\/ul>"],"title5":["#Costul link building-ului"],"text7":["E\u0219ti \u00eencep\u0103tor \u00een link building \u0219i ai multe \u00eentreb\u0103ri? Vom \u00eencerca s\u0103 r\u0103spundem \r\nla cele mai importante \u00eentreb\u0103ri care apar \u00een acest domeniu."],"list7_0_text":["Link building-ul are particularit\u0103\u021bi \u0219i nuan\u021be care sunt greu de \u00een\u021beles la prima vedere. Pentru a utiliza toate oportunit\u0103\u021bile acestui instrument, RocketSEO a dezvoltat o strategie personalizat\u0103 dedicat\u0103 artei construirii de linkuri de calitate.\r\n<ul>\r\n \t<li>Am acumulat experien\u021b\u0103 real\u0103 \u00een cercetarea linkurilor, achizi\u021bionarea de backlinkuri \u0219i scrierea de articole sponsorizate de calitate.\r\n<div><\/div><\/li>\r\n \t<li>Vom face un audit al site-ului dumneavoastr\u0103 \u0219i vom crea o strategie personalizat\u0103 de plasare a backlinkurilor (analiza proiectului, alegerea cuvintelor cheie strategice, tipurile de site-uri pentru selec\u021bie etc.).<\/li>\r\n \t<li>Majoritatea clien\u021bilor no\u0219tri sunt loiali de mai mul\u021bi ani. \u0218i toate acestea datorit\u0103 unei formule magice: o echip\u0103 foarte receptiv\u0103, cele mai bune pre\u021buri, o baz\u0103 extins\u0103 de site-uri \u0219i numeroase oportunit\u0103\u021bi pentru backlinkurile dumneavoastr\u0103!<\/li>\r\n \t<li>Avem \u00een baza noastr\u0103 toate cele mai mari site-uri din Moldova, disponibile pentru plasarea post\u0103rilor publicitare, verificate de speciali\u0219tii no\u0219tri SEO.<\/li>\r\n<\/ul>"],"list7_1_text":["Link building-ul are particularit\u0103\u021bi \u0219i nuan\u021be care sunt greu de \u00een\u021beles la prima vedere. Pentru a utiliza toate oportunit\u0103\u021bile acestui instrument, RocketSEO a dezvoltat o strategie personalizat\u0103 dedicat\u0103 artei construirii de linkuri de calitate.\r\n<ul>\r\n \t<li>Am acumulat experien\u021b\u0103 real\u0103 \u00een cercetarea linkurilor, achizi\u021bionarea de backlinkuri \u0219i scrierea de articole sponsorizate de calitate.\r\n<div><\/div><\/li>\r\n \t<li>Vom face un audit al site-ului dumneavoastr\u0103 \u0219i vom crea o strategie personalizat\u0103 de plasare a backlinkurilor (analiza proiectului dumneavoastr\u0103, alegerea cuvintelor cheie strategice, tipurile de site-uri pentru selec\u021bie etc.).<\/li>\r\n \t<li>Majoritatea clien\u021bilor no\u0219tri sunt loiali de mai mul\u021bi ani. \u0218i toate acestea datorit\u0103 unei formule magice: o echip\u0103 foarte receptiv\u0103, cele mai bune pre\u021buri, o baz\u0103 extins\u0103 de site-uri \u0219i numeroase oportunit\u0103\u021bi pentru backlinkurile dumneavoastr\u0103!<\/li>\r\n \t<li>Avem \u00een baza noastr\u0103 toate cele mai mari site-uri din Moldova, disponibile pentru plasarea post\u0103rilor publicitare, verificate de speciali\u0219tii no\u0219tri SEO.<\/li>\r\n<\/ul>"],"list7_2_text":["Link building-ul are particularit\u0103\u021bi \u0219i nuan\u021be care sunt greu de \u00een\u021beles la prima vedere. Pentru a utiliza toate oportunit\u0103\u021bile acestui instrument, RocketSEO a dezvoltat o strategie personalizat\u0103 dedicat\u0103 artei construirii de linkuri de calitate.\r\n<ul>\r\n \t<li>Am acumulat experien\u021b\u0103 real\u0103 \u00een cercetarea linkurilor, achizi\u021bionarea de backlinkuri \u0219i scrierea de articole sponsorizate de calitate.\r\n<div><\/div><\/li>\r\n \t<li>Vom face un audit al site-ului dumneavoastr\u0103 \u0219i vom crea o strategie personalizat\u0103 de plasare a backlinkurilor (analiza proiectului dumneavoastr\u0103, alegerea cuvintelor cheie strategice, tipurile de site-uri pentru selec\u021bie etc.).<\/li>\r\n \t<li>Majoritatea clien\u021bilor no\u0219tri sunt loiali de mai mul\u021bi ani. \u0218i toate acestea datorit\u0103 unei formule magice: o echip\u0103 foarte receptiv\u0103, cele mai bune pre\u021buri, o baz\u0103 extins\u0103 de site-uri \u0219i numeroase oportunit\u0103\u021bi pentru backlinkurile dumneavoastr\u0103!<\/li>\r\n \t<li>Avem \u00een baza noastr\u0103 toate cele mai mari site-uri din Moldova, disponibile pentru plasarea post\u0103rilor publicitare, verificate de speciali\u0219tii no\u0219tri SEO.<\/li>\r\n<\/ul>"],"list7_3_text":["Link building-ul are particularit\u0103\u021bi \u0219i nuan\u021be care sunt greu de \u00een\u021beles la prima vedere. Pentru a utiliza toate oportunit\u0103\u021bile acestui instrument, RocketSEO a dezvoltat o strategie personalizat\u0103 dedicat\u0103 artei construirii de linkuri de calitate.\r\n<ul>\r\n \t<li>Am acumulat experien\u021b\u0103 real\u0103 \u00een cercetarea linkurilor, achizi\u021bionarea de backlinkuri \u0219i scrierea de articole sponsorizate de calitate.\r\n<div><\/div><\/li>\r\n \t<li>Vom efectua un audit al site-ului dumneavoastr\u0103 \u0219i vom crea o strategie personalizat\u0103 de plasare a backlinkurilor (analiza proiectului dumneavoastr\u0103, alegerea cuvintelor cheie strategice, tipurile de site-uri pentru selec\u021bie etc.).<\/li>\r\n \t<li>Majoritatea clien\u021bilor no\u0219tri sunt loiali de mai mul\u021bi ani. \u0218i toate acestea datorit\u0103 unei formule magice: o echip\u0103 foarte receptiv\u0103, cele mai bune pre\u021buri, o baz\u0103 extins\u0103 de site-uri \u0219i numeroase oportunit\u0103\u021bi pentru backlinkurile dumneavoastr\u0103!<\/li>\r\n \t<li>Avem \u00een baza noastr\u0103 toate cele mai mari site-uri din Moldova, disponibile pentru plasarea post\u0103rilor publicitare, verificate de speciali\u0219tii no\u0219tri SEO.<\/li>\r\n<\/ul>"],"list7_4_text":["Link building-ul are particularit\u0103\u021bi \u0219i nuan\u021be care sunt greu de \u00een\u021beles la prima vedere. Pentru a utiliza toate oportunit\u0103\u021bile acestui instrument, RocketSEO a dezvoltat o strategie personalizat\u0103 dedicat\u0103 artei construirii de linkuri de calitate.\r\n<ul>\r\n \t<li>Am acumulat experien\u021b\u0103 real\u0103 \u00een cercetarea linkurilor, achizi\u021bionarea de backlinkuri \u0219i scrierea de articole sponsorizate de calitate.\r\n<div><\/div><\/li>\r\n \t<li>Vom efectua un audit al site-ului dumneavoastr\u0103 \u0219i vom crea o strategie personalizat\u0103 de plasare a backlinkurilor (analiza proiectului dumneavoastr\u0103, alegerea cuvintelor cheie strategice, tipurile de site-uri pentru selec\u021bie etc.).<\/li>\r\n \t<li>Majoritatea clien\u021bilor no\u0219tri sunt loiali de mai mul\u021bi ani. \u0218i toate acestea datorit\u0103 unei formule magice: o echip\u0103 foarte receptiv\u0103, cele mai bune pre\u021buri, o baz\u0103 extins\u0103 de site-uri \u0219i numeroase oportunit\u0103\u021bi pentru backlinkurile dumneavoastr\u0103!<\/li>\r\n \t<li>Avem \u00een baza noastr\u0103 toate cele mai mari site-uri din Moldova, disponibile pentru plasarea post\u0103rilor publicitare, verificate de speciali\u0219tii no\u0219tri SEO.<\/li>\r\n<\/ul>"],"list7_5_text":["Link building-ul are particularit\u0103\u021bi \u0219i nuan\u021be care sunt greu de \u00een\u021beles la prima vedere. Pentru a utiliza toate oportunit\u0103\u021bile acestui instrument, RocketSEO a dezvoltat o strategie personalizat\u0103 dedicat\u0103 artei construirii de linkuri de calitate.\r\n<ul>\r\n \t<li>Am acumulat experien\u021b\u0103 real\u0103 \u00een cercetarea linkurilor, achizi\u021bionarea de backlinkuri \u0219i scrierea de articole sponsorizate de calitate.\r\n<div><\/div><\/li>\r\n \t<li>Vom efectua un audit al site-ului dumneavoastr\u0103 \u0219i vom crea o strategie personalizat\u0103 de plasare a backlinkurilor (analiza proiectului dumneavoastr\u0103, alegerea cuvintelor cheie strategice, tipurile de site-uri pentru selec\u021bie etc.).<\/li>\r\n \t<li>Majoritatea clien\u021bilor no\u0219tri sunt loiali de mai mul\u021bi ani. \u0218i toate acestea datorit\u0103 unei formule magice: o echip\u0103 foarte receptiv\u0103, cele mai bune pre\u021buri, o baz\u0103 extins\u0103 de site-uri \u0219i numeroase oportunit\u0103\u021bi pentru backlinkurile dumneavoastr\u0103!<\/li>\r\n \t<li>Avem \u00een baza noastr\u0103 toate cele mai mari site-uri din Moldova, disponibile pentru plasarea post\u0103rilor publicitare, verificate de speciali\u0219tii no\u0219tri SEO.<\/li>\r\n<\/ul>"],"form8":["[contact-form-7 id=\"d64eae4\" title=\"Formular de contact (Link building)\"]"],"subtitle8":["Vom fi bucuro\u0219i s\u0103 v\u0103 ajut\u0103m!"],"title9":["Alte servicii SEO ale noastre"],"list9_0_title":["SEO pentru promovarea site-urilor"],"list9_0_text":["Start rapid pentru rezultate rapide aici \u0219i acum."],"list9_0_btn_text":["Detalii"],"list9_0_link":["https:\/\/rocketseo.md\/ro\/promovarea-seo\/"],"list9_1_title":["Suport \u0219i \u00eentre\u021binere site"],"list9_1_text":["Oferim protec\u021bie \u0219i suport pentru site-urile dumneavoastr\u0103 24\/7. Facem modific\u0103ri \u0219i corect\u0103m erorile"],"list9_1_btn_text":["Detalii"],"list9_1_link":["https:\/\/rocketseo.md\/ro\/creare-site-web\/"],"list1_0_link":["#Consultan\u021b\u0103"],"list1_1_link":["#Consultan\u021b\u0103"],"text2":["Acord\u00e2nd o aten\u021bie deosebit\u0103 link-urilor externe de calitate din surse de \u00eencredere, <strong>ajut\u0103m la cre\u0219terea masei de link-uri ale site-ului dumneavoastr\u0103<\/strong> \u0219i <strong>\u00eembun\u0103t\u0103\u021birea clasamentului s\u0103u<\/strong> \u00een motoarele de c\u0103utare."],"text5":["* <strong>35%<\/strong> din bugetul pentru promovarea prin link-uri"],"btn_text5":["Comand\u0103 serviciul"],"link5":["#Consultan\u021b\u0103"],"title8_2":["Cerere pentru link building"],"list6_3_text":["Pre\u021bul link-urilor este mai mic dec\u00e2t achizi\u021bionarea direct\u0103 a platformelor"],"list7_6_text":["Link building-ul are caracteristici \u0219i nuan\u021be care sunt greu de \u00een\u021beles la prima vedere. Pentru a folosi la maxim toate oportunit\u0103\u021bile acestui instrument, RocketSEO a dezvoltat o strategie personalizat\u0103 dedicat\u0103 artei de a construi link-uri de calitate.\r\n<ul>\r\n \t<li>Am acumulat experien\u021b\u0103 real\u0103 \u00een cercetarea link-urilor, achizi\u021bionarea de link-uri externe \u0219i scrierea de articole sponsorizate de calitate.<\/li>\r\n \t<li>Vom face un audit al site-ului dumneavoastr\u0103 \u0219i vom crea o strategie personalizat\u0103 de plasare a link-urilor externe (analiza proiectului dumneavoastr\u0103, alegerea cuvintelor cheie strategice, tipul de site-uri de selectat etc.).<\/li>\r\n \t<li>Majoritatea clien\u021bilor no\u0219tri sunt loiali de-a lungul mai multor ani. \u0218i toate acestea datorit\u0103 unei formule magice: o echip\u0103 foarte receptiv\u0103, cele mai bune pre\u021buri, o baz\u0103 extins\u0103 de site-uri \u0219i multiple oportunit\u0103\u021bi pentru link-urile dumneavoastr\u0103 externe!<\/li>\r\n \t<li>Avem \u00een baz\u0103 toate cele mai mari site-uri din Moldova disponibile pentru plasarea post\u0103rilor publicitare, care sunt verificate de speciali\u0219tii no\u0219tri SEO.<\/li>\r\n<\/ul>"],"list7_7_title":["Ce se \u00eent\u00e2mpl\u0103 dac\u0103 blogger-ul nu va putea \u00eendeplini lucrarea convenit\u0103?"],"list7_7_text":["Link building-ul are caracteristici \u0219i nuan\u021be care sunt greu de \u00een\u021beles la prima vedere. Pentru a folosi la maxim toate oportunit\u0103\u021bile acestui instrument, RocketSEO a dezvoltat o strategie personalizat\u0103 dedicat\u0103 artei de a construi link-uri de calitate.\r\n<ul>\r\n \t<li>Am acumulat experien\u021b\u0103 real\u0103 \u00een cercetarea link-urilor, achizi\u021bionarea de link-uri externe \u0219i scrierea de articole sponsorizate de calitate.<\/li>\r\n \t<li>Vom face un audit al site-ului dumneavoastr\u0103 \u0219i vom crea o strategie personalizat\u0103 de plasare a link-urilor externe (analiza proiectului dumneavoastr\u0103, alegerea cuvintelor cheie strategice, tipul de site-uri de selectat etc.).<\/li>\r\n \t<li>Majoritatea clien\u021bilor no\u0219tri sunt loiali de-a lungul mai multor ani. \u0218i toate acestea datorit\u0103 unei formule magice: o echip\u0103 foarte receptiv\u0103, cele mai bune pre\u021buri, o baz\u0103 extins\u0103 de site-uri \u0219i multiple oportunit\u0103\u021bi pentru link-urile dumneavoastr\u0103 externe!<\/li>\r\n \t<li>Avem \u00een baz\u0103 toate cele mai mari site-uri din Moldova disponibile pentru plasarea post\u0103rilor publicitare, care sunt verificate de speciali\u0219tii no\u0219tri SEO.<\/li>\r\n<\/ul>"],"list7_8_title":["Cum de frecvent trebuie s\u0103 primi\u021bi link-uri externe?"],"list7_8_text":["Link building-ul are caracteristici \u0219i nuan\u021be care sunt greu de \u00een\u021beles la prima vedere. Pentru a folosi la maxim toate oportunit\u0103\u021bile acestui instrument, RocketSEO a dezvoltat o strategie personalizat\u0103 dedicat\u0103 artei de a construi link-uri de calitate.\r\n<ul>\r\n \t<li>Am acumulat experien\u021b\u0103 real\u0103 \u00een cercetarea link-urilor, achizi\u021bionarea de link-uri externe \u0219i scrierea de articole sponsorizate de calitate.<\/li>\r\n \t<li>Vom face un audit al site-ului dumneavoastr\u0103 \u0219i vom crea o strategie personalizat\u0103 de plasare a link-urilor externe (analiza proiectului dumneavoastr\u0103, alegerea cuvintelor cheie strategice, tipul de site-uri de selectat etc.).<\/li>\r\n \t<li>Majoritatea clien\u021bilor no\u0219tri sunt loiali de-a lungul mai multor ani. \u0218i toate acestea datorit\u0103 unei formule magice: o echip\u0103 foarte receptiv\u0103, cele mai bune pre\u021buri, o baz\u0103 extins\u0103 de site-uri \u0219i multiple oportunit\u0103\u021bi pentru link-urile dumneavoastr\u0103 externe!<\/li>\r\n \t<li>Avem \u00een baz\u0103 toate cele mai mari site-uri din Moldova disponibile pentru plasarea post\u0103rilor publicitare, care sunt verificate de speciali\u0219tii no\u0219tri SEO.<\/li>\r\n<\/ul>"],"rank_math_title":["Link building \u00een Moldova \ud83d\udd1d: Link-uri de calitate pentru site-ul dumneavoastr\u0103 cu RocketSEO"],"rank_math_description":["Link building \u00een Chi\u0219in\u0103u \u0219i Moldova de la echipa de link builderi RocketSEO. Avem propria baz\u0103 de site-uri din Moldova! Link-uri de tip outreach \u0219i link building complet pentru promovarea site-ului dumneavoastr\u0103."],"text2_2":["<ul>\r\n \t<li>Link building este procesul de conectare a unui site la altul prin intermediul link-urilor (cunoscute \u0219i ca link-uri externe). Google folose\u0219te link-urile pentru a \u00een\u021belege comportamentele utilizatorilor pe internet.<\/li>\r\n \t<li>Con\u021binutul popular este, de obicei, citat mai frecvent, iar Google \u00eel poate clasifica mai sus pe cuvintele cheie relevante. Cu c\u00e2t ave\u021bi mai multe link-uri externe de calitate care duc spre site-ul dumneavoastr\u0103, cu at\u00e2t ve\u021bi fi clasificat mai sus \u00een motoarele de c\u0103utare.<\/li>\r\n<\/ul>"],"img1":["6942"],"list3":["6"],"list3_0_img":["6946"],"list3_1_img":["6945"],"list3_2_img":["6944"],"list3_3_img":["6947"],"list3_4_img":["6948"],"list3_5_img":["6949"],"_title1":["field_6737246659320"],"_img1":["field_6737249a59327"],"_title2":["field_6737255e4b102"],"_title3":["field_673725d5c296a"],"_list3":["field_673725dbc296b"],"_list3_0_title":["field_673725f2c296e"],"_list3_1_title":["field_673725f2c296e"],"_list3_2_title":["field_673725f2c296e"],"list9_0_color":["#C6F27C"],"list9_0_img":["6953"],"list9_1_color":["#e9f7ff"],"list9_1_img":["6954"],"list9_0_img2":["6801"],"list9_1_img2":["6955"],"_text2":["field_673725644b103"],"_edit_lock":["1733824538:2"],"rank_math_seo_score":["15"],"_edit_last":["2"],"_last_translation_edit_mode":["native-editor"],"_uag_page_assets":["a:9:{s:3:\"css\";s:263:\".uag-blocks-common-selector{z-index:var(--z-index-desktop) !important}@media (max-width: 976px){.uag-blocks-common-selector{z-index:var(--z-index-tablet) !important}}@media (max-width: 767px){.uag-blocks-common-selector{z-index:var(--z-index-mobile) !important}}\n\";s:2:\"js\";s:0:\"\";s:18:\"current_block_list\";a:7:{i:0;s:11:\"core\/search\";i:1;s:10:\"core\/group\";i:2;s:12:\"core\/heading\";i:3;s:17:\"core\/latest-posts\";i:4;s:20:\"core\/latest-comments\";i:5;s:13:\"core\/archives\";i:6;s:15:\"core\/categories\";}s:8:\"uag_flag\";b:0;s:11:\"uag_version\";s:10:\"1777619894\";s:6:\"gfonts\";a:0:{}s:10:\"gfonts_url\";s:0:\"\";s:12:\"gfonts_files\";a:0:{}s:14:\"uag_faq_layout\";b:0;}"],"_uag_css_file_name":["uag-css-7124.css"]},"uagb_featured_image_src":{"full":false,"thumbnail":false,"medium":false,"medium_large":false,"large":false,"1536x1536":false,"2048x2048":false,"woocommerce_thumbnail":false,"woocommerce_single":false,"woocommerce_gallery_thumbnail":false},"uagb_author_info":{"display_name":"Rocketseo","author_link":"https:\/\/rocketseo.md\/ro\/author\/rocketseo\/"},"uagb_comment_info":0,"uagb_excerpt":null,"_links":{"self":[{"href":"https:\/\/rocketseo.md\/ro\/wp-json\/wp\/v2\/pages\/7124","targetHints":{"allow":["GET"]}}],"collection":[{"href":"https:\/\/rocketseo.md\/ro\/wp-json\/wp\/v2\/pages"}],"about":[{"href":"https:\/\/rocketseo.md\/ro\/wp-json\/wp\/v2\/types\/page"}],"author":[{"embeddable":true,"href":"https:\/\/rocketseo.md\/ro\/wp-json\/wp\/v2\/users\/2"}],"replies":[{"embeddable":true,"href":"https:\/\/rocketseo.md\/ro\/wp-json\/wp\/v2\/comments?post=7124"}],"version-history":[{"count":1,"href":"https:\/\/rocketseo.md\/ro\/wp-json\/wp\/v2\/pages\/7124\/revisions"}],"predecessor-version":[{"id":7131,"href":"https:\/\/rocketseo.md\/ro\/wp-json\/wp\/v2\/pages\/7124\/revisions\/7131"}],"wp:attachment":[{"href":"https:\/\/rocketseo.md\/ro\/wp-json\/wp\/v2\/media?parent=7124"}],"curies":[{"name":"wp","href":"https:\/\/api.w.org\/{rel}","templated":true}]}}