{"id":7122,"date":"2024-11-13T12:12:17","date_gmt":"2024-11-13T09:12:17","guid":{"rendered":"https:\/\/rocketseo.md\/seo-consultanta\/"},"modified":"2024-11-13T12:12:17","modified_gmt":"2024-11-13T09:12:17","slug":"seo-consultanta","status":"publish","type":"page","link":"https:\/\/rocketseo.md\/ro\/seo-consultanta\/","title":{"rendered":"SEO consultan\u021b\u0103"},"content":{"rendered":"","protected":false},"excerpt":{"rendered":"","protected":false},"author":2,"featured_media":0,"parent":0,"menu_order":0,"comment_status":"closed","ping_status":"closed","template":"template-parts\/page-consulting.php","meta":{"_acf_changed":false,"inline_featured_image":false,"_uag_custom_page_level_css":"","footnotes":""},"class_list":["post-7122","page","type-page","status-publish","hentry"],"acf":[],"spectra_custom_meta":{"rank_math_internal_links_processed":["1"],"_alp_processed":["1733757176"],"_wpml_media_duplicate":["0"],"_wpml_media_featured":["0"],"list4":["2"],"_list2_0_text":["field_67346f8ab0f1a"],"_list2_1_text":["field_67346f8ab0f1a"],"_list2_2_text":["field_67346f8ab0f1a"],"_list3_0_text":["field_673471c30241c"],"_list3_1_text":["field_673471c30241c"],"_list3_2_text":["field_673471c30241c"],"_list3_3_text":["field_673471c30241c"],"_list3_4_text":["field_673471c30241c"],"_list5_0_text":["field_673473c29f891"],"_list5_1_text":["field_673473c29f891"],"_list2_3_text":["field_67346f8ab0f1a"],"_list5_0_btn_text":["field_673473c79f892"],"_list5_1_btn_text":["field_673473c79f892"],"_list2_0_img":["field_67346f82b0f19"],"_list2_1_img":["field_67346f82b0f19"],"_list2_2_img":["field_67346f82b0f19"],"_list5_0_img":["field_673473d59f894"],"_list5_1_img":["field_673473d59f894"],"_list2_3_img":["field_67346f82b0f19"],"_list5_0_title":["field_673473bb9f890"],"_list5_1_title":["field_673473bb9f890"],"_list4_0_title":["field_6734726eca77e"],"_list4_1_title":["field_6734726eca77e"],"_list7_0_title":["field_673477d539932"],"_list7_1_title":["field_673477d539932"],"_title4":["field_67347256ca77c"],"_list4":["field_67347264ca77d"],"_list5_0_link":["field_673473d19f893"],"_list5_1_link":["field_673473d19f893"],"_btn_text1":["field_67346db959615"],"_link1":["field_67346dc159616"],"list5":["2"],"_list5":["field_673473ad9f88e"],"_title6":["field_673475e70859b"],"_title7":["field_673477c439930"],"_list2_4_img":["field_67346f82b0f19"],"_list2_5_img":["field_67346f82b0f19"],"_list2_5_text":["field_67346f8ab0f1a"],"_list4_0_text":["field_67347278ca77f"],"_list4_1_text":["field_67347278ca77f"],"_title5":["field_673473a79f88d"],"list7":["2"],"_list7":["field_673477cc39931"],"_list7_0_text":["field_673477da39933"],"_list7_1_text":["field_673477da39933"],"_list7_0_img":["field_673477f839936"],"_list7_1_img":["field_673477f839936"],"_list2_6_img":["field_67346f82b0f19"],"_list2_6_text":["field_67346f8ab0f1a"],"_list2_7_img":["field_67346f82b0f19"],"_list2_7_text":["field_67346f8ab0f1a"],"_list2_8_img":["field_67346f82b0f19"],"_list2_8_text":["field_67346f8ab0f1a"],"img4":["6768"],"_img4":["field_67347285ca780"],"_list5_0_position":["field_673473b59f88f"],"_list5_1_position":["field_673473b59f88f"],"_subtitle6":["field_673475ee0859c"],"_form6":["field_673475f50859d"],"_title6_2":["field_6734773215a9a"],"_list7_0_color":["field_67347811c6719"],"_list7_0_btn_text":["field_673477e839934"],"_list7_0_link":["field_673477f039935"],"_list7_0_img2":["field_673477fd39937"],"_list7_1_color":["field_67347811c6719"],"_list7_1_btn_text":["field_673477e839934"],"_list7_1_link":["field_673477f039935"],"_list7_1_img2":["field_673477fd39937"],"_wp_page_template":["template-parts\/page-consulting.php"],"title1":["Consultan\u021b\u0103 SEO"],"text1":["Structurat, concis \u0219i clar, \u00eemp\u0103rt\u0103\u0219im experien\u021ba noastr\u0103 de 16 ani \u00een SEO, dup\u0103 care \u201eclien\u021bilor le devine mai u\u0219or s\u0103 respire\u201d."],"title2":["C\u00e2nd este necesar\u0103 \r\nconsultan\u021ba SEO"],"list2_0_text":["<strong>Ne\u00een\u021belegerea direc\u021biei de ac\u021biune<\/strong> \u0219i cum s\u0103 promovezi un site"],"list2_1_text":["Site-ul <strong>nu aduce profit,<\/strong> doar pierderi"],"list2_2_text":["<strong>Schimbarea modelului de afaceri<\/strong> al site-ului sau extinderea acestuia"],"list3_0_text":["Analiz\u0103m situa\u021bia actual\u0103, calcul\u0103m punctul de echilibru \u0219i stabilim obiectivele proiectului"],"list3_1_text":["Identific\u0103m punctele slabe \u0219i zonele \u00eenguste ale proiectului, determin\u0103m noi puncte de cre\u0219tere pe termen scurt \u0219i lung"],"list3_2_text":["Dezvolt\u0103m o strategie cu un plan detaliat \u0219i realist de ac\u021biune pentru a atinge obiectivele dumneavoastr\u0103"],"list3_3_text":["\u00cen timpul consultan\u021bei, \u00eemp\u0103rt\u0103\u0219im orice \u0219abloane ale companiei noastre \u0219i prezent\u0103m cele mai bune practici de planificare."],"list3_4_text":["\r\nhtml\r\n\u041a\u043e\u043f\u0438\u0440\u043e\u0432\u0430\u0442\u044c \u043a\u043e\u0434\r\n<div><\/div>\r\nCalcul\u0103m ROI-ul canalului SEO pentru a evalua rentabilitatea investi\u021biei \u00een proiect"],"list5_0_text":["<ul>\r\n \t<li>\r\n<div>16+ ani \u00een SEO<\/div><\/li>\r\n<\/ul>\r\n"],"list5_1_text":["<ul>\r\n \t<li>\r\n<div>8+ ani \u00een SEO<\/div><\/li>\r\n<\/ul>"],"list2_3_text":["<strong>Nevoia<\/strong> de a instrui echipa intern\u0103"],"list2_4_text":["<strong>Rezultate nesatisf\u0103c\u0103toare<\/strong> ale strategiei SEO actuale"],"list5_0_btn_text":["Afla\u021bi mai multe"],"list5_1_btn_text":["Afla\u021bi mai multe"],"title3":["Cum se desf\u0103\u0219oar\u0103 consultan\u021ba SEO?"],"list5_0_title":["Maxim Konovalov"],"list5_1_title":["Kirill Larkin"],"list4_0_title":["Sesiune SEO strategic\u0103"],"list4_1_title":["Consultan\u021b\u0103 individual\u0103"],"list7_0_title":["Crearea de site-uri"],"list7_1_title":["SEO \u00een etapa de dezvoltare"],"title4":["Ce formate de consultan\u021b\u0103 putem oferi?"],"list5_0_link":["https:\/\/rocketseo.md\/ro\/blog\/author\/maxim-konovalov\/"],"list5_1_link":["https:\/\/rocketseo.md\/ro\/blog\/author\/kirill-larkin\/"],"btn_text1":["Ob\u021bine consulta\u021bie"],"link1":["#Contacte"],"title6":["Vrei s\u0103 ajungem \u00een TOP \u00eempreun\u0103?"],"title7":["Serviciile noastre suplimentare"],"list2_5_text":["<strong>Pierderea pozi\u021biilor<\/strong> \u0219i <strong>traficului<\/strong> dup\u0103 actualizarea algoritmilor Google"],"list4_0_text":["<ul>\r\n \t<li>\r\n<div>Sesiune de brainstorming cu tine \u0219i echipa ta pentru a g\u0103si noi puncte de cre\u0219tere din canalul SEO pentru afacerea ta<\/div><\/li>\r\n \t<li>\r\n<div>Realizat de: <strong>Head of SEO<\/strong> \u0219i SEO <strong>Team Lead<\/strong><\/div><\/li>\r\n \t<li>\r\n<div>Durata: <strong>3 ore<\/strong><\/div><\/li>\r\n<\/ul>"],"list4_1_text":["<ul>\r\n \t<li>\r\n<div>Realizat de: <strong>Head of SEO Konovalov Maxim<\/strong><\/div><\/li>\r\n \t<li>\r\n<div>Durata: <strong>2 ore<\/strong><\/div><\/li>\r\n<\/ul>"],"title5":["Cine ofer\u0103 consultan\u021b\u0103?"],"list7_0_text":["\u00cenceput rapid pentru rezultate rapide aici \u0219i acum."],"list7_1_text":["Asigur\u0103m o optimizare corect\u0103 \u00eenainte de lansare"],"text1_2":["SEO-consulting - este o consultan\u021b\u0103 cu speciali\u0219ti SEO pentru optimizarea de calitate a site-ului dumneavoastr\u0103. V\u0103 ajut\u0103m s\u0103 \u00een\u021belege\u021bi subtilit\u0103\u021bile optimiz\u0103rii site-ului, oferim sfaturi practice \u0219i ajut\u0103m s\u0103 g\u0103si\u021bi noi puncte de cre\u0219tere din canalul SEO pentru afacerea dumneavoastr\u0103.\r\n"],"list2_6_text":["Site-ul \u00een <strong>stadiul<\/strong>\r\n<strong>dezvolt\u0103rii<\/strong>"],"list2_7_text":["<strong>Transferul site-ului<\/strong> pe un nou\r\ndomeniu"],"list2_8_text":["Transferul site-ului <strong>pe o nou\u0103 <\/strong>\r\n<strong>CMS<\/strong>"],"rank_math_title":["SEO consulting de la exper\u021bii RocketSEO - Chi\u0219in\u0103u, Moldova \ud83d\udd1d"],"rank_math_description":["Consulting SEO este realizat de exper\u021bii no\u0219tri cu o experien\u021b\u0103 de peste 8 ani \u00een promovarea site-urilor. Vom calcula ROI-ul canalului SEO \u0219i dup\u0103 consultan\u021ba noastr\u0103 ve\u021bi avea \u00een\u021belegerea direc\u021biei \u00een care trebuie s\u0103 merge\u021bi."],"list5_0_position":["Head of SEO"],"list5_1_position":["SEO Team Lead"],"subtitle6":["Vom fi bucuro\u0219i s\u0103 v\u0103 ajut\u0103m!"],"form6":["[contact-form-7 id=\"0fc8d4e\" title=\"Formular de contact (Pagina Consultan\u021b\u0103)\"]"],"title6_2":["Aplica\u021bie pentru consultan\u021b\u0103"],"list7_0_btn_text":["Mai multe detalii"],"list7_0_link":["https:\/\/rocketseo.md\/ro\/creare-site-web\/"],"list7_1_btn_text":["Mai multe detalii"],"list7_1_link":["https:\/\/rocketseo.md\/ro\/seo-in-etapa-de-dezvoltare\/"],"img1":["6733"],"list2":["9"],"list3":["5"],"list2_0_img":["6745"],"list2_1_img":["6746"],"list2_2_img":["6747"],"list5_0_img":["6779"],"list5_1_img":["6780"],"list2_3_img":["6748"],"_title1":["field_67346dab59613"],"_text1":["field_67346db259614"],"_img1":["field_67346dc759617"],"_title2":["field_67346f70b0f17"],"_list2":["field_67346f7bb0f18"],"_list2_4_text":["field_67346f8ab0f1a"],"_title3":["field_673471b00241a"],"_list3":["field_673471b90241b"],"list2_4_img":["6749"],"list2_5_img":["6750"],"_text1_2":["field_67346f452f3da"],"list7_0_img":["6800"],"list7_1_img":["6802"],"list2_6_img":["6751"],"list2_7_img":["6752"],"list2_8_img":["6753"],"list7_0_color":["#C6F27C"],"list7_0_img2":["6801"],"list7_1_color":["#e9f7ff"],"list7_1_img2":["6803"],"_uag_page_assets":["a:9:{s:3:\"css\";s:263:\".uag-blocks-common-selector{z-index:var(--z-index-desktop) !important}@media (max-width: 976px){.uag-blocks-common-selector{z-index:var(--z-index-tablet) !important}}@media (max-width: 767px){.uag-blocks-common-selector{z-index:var(--z-index-mobile) !important}}\n\";s:2:\"js\";s:0:\"\";s:18:\"current_block_list\";a:7:{i:0;s:11:\"core\/search\";i:1;s:10:\"core\/group\";i:2;s:12:\"core\/heading\";i:3;s:17:\"core\/latest-posts\";i:4;s:20:\"core\/latest-comments\";i:5;s:13:\"core\/archives\";i:6;s:15:\"core\/categories\";}s:8:\"uag_flag\";b:0;s:11:\"uag_version\";s:10:\"1777619894\";s:6:\"gfonts\";a:0:{}s:10:\"gfonts_url\";s:0:\"\";s:12:\"gfonts_files\";a:0:{}s:14:\"uag_faq_layout\";b:0;}"],"_uag_css_file_name":["uag-css-7122.css"]},"uagb_featured_image_src":{"full":false,"thumbnail":false,"medium":false,"medium_large":false,"large":false,"1536x1536":false,"2048x2048":false,"woocommerce_thumbnail":false,"woocommerce_single":false,"woocommerce_gallery_thumbnail":false},"uagb_author_info":{"display_name":"Rocketseo","author_link":"https:\/\/rocketseo.md\/ro\/author\/rocketseo\/"},"uagb_comment_info":0,"uagb_excerpt":null,"_links":{"self":[{"href":"https:\/\/rocketseo.md\/ro\/wp-json\/wp\/v2\/pages\/7122","targetHints":{"allow":["GET"]}}],"collection":[{"href":"https:\/\/rocketseo.md\/ro\/wp-json\/wp\/v2\/pages"}],"about":[{"href":"https:\/\/rocketseo.md\/ro\/wp-json\/wp\/v2\/types\/page"}],"author":[{"embeddable":true,"href":"https:\/\/rocketseo.md\/ro\/wp-json\/wp\/v2\/users\/2"}],"replies":[{"embeddable":true,"href":"https:\/\/rocketseo.md\/ro\/wp-json\/wp\/v2\/comments?post=7122"}],"version-history":[{"count":0,"href":"https:\/\/rocketseo.md\/ro\/wp-json\/wp\/v2\/pages\/7122\/revisions"}],"wp:attachment":[{"href":"https:\/\/rocketseo.md\/ro\/wp-json\/wp\/v2\/media?parent=7122"}],"curies":[{"name":"wp","href":"https:\/\/api.w.org\/{rel}","templated":true}]}}