{"id":6195,"date":"2024-06-06T17:19:10","date_gmt":"2024-06-06T14:19:10","guid":{"rendered":"https:\/\/rocketseo.md\/ux-ui-optimizare\/"},"modified":"2024-06-10T13:54:51","modified_gmt":"2024-06-10T10:54:51","slug":"ux-ui-optimizare","status":"publish","type":"page","link":"https:\/\/rocketseo.md\/ro\/ux-ui-optimizare\/","title":{"rendered":"UX\/UI Optimizare"},"content":{"rendered":"","protected":false},"excerpt":{"rendered":"","protected":false},"author":2,"featured_media":0,"parent":0,"menu_order":0,"comment_status":"closed","ping_status":"closed","template":"template-parts\/page-seo.php","meta":{"_acf_changed":false,"inline_featured_image":false,"_uag_custom_page_level_css":"","footnotes":""},"class_list":["post-6195","page","type-page","status-publish","hentry"],"acf":[],"spectra_custom_meta":{"_alp_processed":["1718016893"],"_wpml_media_duplicate":["1"],"_wpml_media_featured":["1"],"list2":["6"],"list3_0_color":["#F0DFFF"],"list3_1_color":["#cbecfe"],"list3_2_color":["#ffb16c"],"list3_3_color":["#e5f69c"],"list3_4_color":["#fcc6e9"],"list3":["5"],"list4":["4"],"_title1":["field_661910964860d"],"_text1":["field_6619114a75f01"],"_img1":["field_661910b248612"],"_title2":["field_6619118776999"],"_list2":["field_661911937699a"],"_list3_0_color":["field_66191342dd33b"],"_list3_1_color":["field_66191342dd33b"],"_list3_2_color":["field_66191342dd33b"],"_list3_3_color":["field_66191342dd33b"],"_list3_4_color":["field_66191342dd33b"],"_list2_0_text":["field_661911a07699c"],"_list2_1_text":["field_661911a07699c"],"_list2_2_text":["field_661911a07699c"],"_list3_0_text":["field_6619135bdd33d"],"_list3_1_text":["field_6619135bdd33d"],"_list3_2_text":["field_6619135bdd33d"],"_list3_3_text":["field_6619135bdd33d"],"_list3_4_text":["field_6619135bdd33d"],"_list5_0_text":["field_661916ee78e3a"],"_list5_1_text":["field_661916ee78e3a"],"_list5_2_text":["field_661916ee78e3a"],"_list5_3_text":["field_661916ee78e3a"],"_list2_3_text":["field_661911a07699c"],"_list2_4_text":["field_661911a07699c"],"_title3":["field_6619131fdd338"],"_list3":["field_6619133cdd33a"],"_list2_0_img":["field_661911997699b"],"_list2_1_img":["field_661911997699b"],"_list2_2_img":["field_661911997699b"],"_list2_3_img":["field_661911997699b"],"_list3_0_title":["field_66191350dd33c"],"_list3_1_title":["field_66191350dd33c"],"_list3_2_title":["field_66191350dd33c"],"_list3_3_title":["field_66191350dd33c"],"_list3_4_title":["field_66191350dd33c"],"_list7_0_title":["field_6619184e78c71"],"_list7_1_title":["field_6619184e78c71"],"_title4":["field_6619149f3afc1"],"_text4":["field_661914a53afc2"],"_list4":["field_661914af3afc3"],"_list4_0_img":["field_661914e53afca"],"list4_1_img":[""],"_list4_1_img":["field_661914e53afca"],"list4_2_img":[""],"_list4_2_img":["field_661914e53afca"],"_list4_3_img":["field_661914e53afca"],"_btn_text1":["field_661910a748610"],"_link1":["field_661910ad48611"],"list1":["3"],"_list1":["field_6619109c4860e"],"list5":["7"],"_list5":["field_661916e778e39"],"_title6":["field_661917bd8ab28"],"_title7":["field_6619183978c6e"],"_title8":["field_6619196500a57"],"_list1_0_title":["field_661910a14860f"],"_list1_1_title":["field_661910a14860f"],"_list1_2_title":["field_661910a14860f"],"_list2_4_img":["field_661911997699b"],"_list2_5_img":["field_661911997699b"],"_list2_5_text":["field_661911a07699c"],"_img3":["field_66191331dd339"],"list4_0_color":["#FFB16C"],"_list4_0_color":["field_661914b63afc4"],"_list4_0_tag":["field_661914c43afc5"],"_list4_0_site":["field_661914c93afc6"],"_list4_0_subtitle":["field_661914cd3afc7"],"_list4_0_x":["field_661914d53afc8"],"_list4_0_text":["field_661914da3afc9"],"list4_1_color":["#cbf2ff"],"_list4_1_color":["field_661914b63afc4"],"_list4_1_tag":["field_661914c43afc5"],"_list4_1_site":["field_661914c93afc6"],"_list4_1_subtitle":["field_661914cd3afc7"],"_list4_1_x":["field_661914d53afc8"],"_list4_1_text":["field_661914da3afc9"],"list4_2_color":["#f0dfff"],"_list4_2_color":["field_661914b63afc4"],"_list4_2_tag":["field_661914c43afc5"],"_list4_2_site":["field_661914c93afc6"],"_list4_2_subtitle":["field_661914cd3afc7"],"_list4_2_x":["field_661914d53afc8"],"_list4_2_text":["field_661914da3afc9"],"list4_3_color":["#c6f27c"],"_list4_3_color":["field_661914b63afc4"],"_list4_3_tag":["field_661914c43afc5"],"_list4_3_site":["field_661914c93afc6"],"_list4_3_subtitle":["field_661914cd3afc7"],"_list4_3_x":["field_661914d53afc8"],"_list4_3_text":["field_661914da3afc9"],"_btn_text4":["field_6619165f88643"],"_link4":["field_6619166988644"],"_title5":["field_661916df78e38"],"_list5_4_text":["field_661916ee78e3a"],"_list5_5_text":["field_661916ee78e3a"],"_list5_6_text":["field_661916ee78e3a"],"_text6":["field_661917c68ab29"],"_btn_text6":["field_661917cc8ab2a"],"_link6":["field_661917d48ab2b"],"list7":["2"],"_text7":["field_6619184278c6f"],"_list7":["field_6619184878c70"],"_list7_0_text":["field_6619185978c72"],"_list7_1_text":["field_6619185978c72"],"_text8":["field_6619196b00a58"],"_form8":["field_6619196f00a59"],"_subtitle8":["field_661919e35bb0f"],"list9":["2"],"_title9":["field_66191a111a4aa"],"_list9":["field_66191a191a4ab"],"list9_0_color":["#C6F27C"],"_list9_0_color":["field_66191a271a4ac"],"_list9_0_title":["field_66191a351a4ad"],"_list9_0_text":["field_66191a3c1a4ae"],"_list9_0_btn_text":["field_66191a481a4af"],"_list9_0_link":["field_66191a4f1a4b0"],"_list9_0_img":["field_66191a541a4b1"],"list9_1_color":["#e9f7ff"],"_list9_1_color":["field_66191a271a4ac"],"_list9_1_title":["field_66191a351a4ad"],"_list9_1_text":["field_66191a3c1a4ae"],"_list9_1_btn_text":["field_66191a481a4af"],"_list9_1_link":["field_66191a4f1a4b0"],"_list9_1_img":["field_66191a541a4b1"],"_list4_0_img2":["field_661cd59dddb4b"],"list4_1_img2":[""],"_list4_1_img2":["field_661cd59dddb4b"],"list4_2_img2":[""],"_list4_2_img2":["field_661cd59dddb4b"],"_list4_3_img2":["field_661cd59dddb4b"],"_list9_0_img2":["field_661cd8b790857"],"_list9_1_img2":["field_661cd8b790857"],"_list1_0_link":["field_663108eda5826"],"_list1_1_link":["field_663108eda5826"],"_list1_2_link":["field_663108eda5826"],"_anchor2":["field_66472b78c44cb"],"_anchor3":["field_66472b8dc44cc"],"_anchor4":["field_66472b94c44cd"],"_anchor5":["field_66472b9bc44ce"],"_anchor6":["field_66472ba4c44cf"],"_anchor7":["field_66472bb4c44d0"],"_anchor8":["field_66472bbdc44d1"],"_anchor9":["field_66472bc5c44d2"],"block1":["a:1:{i:0;s:29:\"\u041f\u043e\u043a\u0430\u0437\u044b\u0432\u0430\u0442\u044c \u0431\u043b\u043e\u043a\";}"],"_block1":["field_664c28f10b4c5"],"block2":["a:1:{i:0;s:29:\"\u041f\u043e\u043a\u0430\u0437\u044b\u0432\u0430\u0442\u044c \u0431\u043b\u043e\u043a\";}"],"_block2":["field_664c29010b4c6"],"block3":["a:1:{i:0;s:29:\"\u041f\u043e\u043a\u0430\u0437\u044b\u0432\u0430\u0442\u044c \u0431\u043b\u043e\u043a\";}"],"_block3":["field_664c29080b4c7"],"block4":[""],"_block4":["field_664c290e0b4c8"],"block5":["a:1:{i:0;s:29:\"\u041f\u043e\u043a\u0430\u0437\u044b\u0432\u0430\u0442\u044c \u0431\u043b\u043e\u043a\";}"],"_block5":["field_664c29140b4c9"],"block6":["a:1:{i:0;s:29:\"\u041f\u043e\u043a\u0430\u0437\u044b\u0432\u0430\u0442\u044c \u0431\u043b\u043e\u043a\";}"],"_block6":["field_664c291a0b4ca"],"block7":["a:1:{i:0;s:29:\"\u041f\u043e\u043a\u0430\u0437\u044b\u0432\u0430\u0442\u044c \u0431\u043b\u043e\u043a\";}"],"_block7":["field_664c29210b4cb"],"block8":["a:1:{i:0;s:29:\"\u041f\u043e\u043a\u0430\u0437\u044b\u0432\u0430\u0442\u044c \u0431\u043b\u043e\u043a\";}"],"_block8":["field_664c29260b4cc"],"block9":["a:1:{i:0;s:29:\"\u041f\u043e\u043a\u0430\u0437\u044b\u0432\u0430\u0442\u044c \u0431\u043b\u043e\u043a\";}"],"_block9":["field_664c292c0b4cd"],"_wp_page_template":["template-parts\/page-seo.php"],"_last_translation_edit_mode":["native-editor"],"_yoast_wpseo_title":["Optimizare UX\/UI \u00een Moldova de la echipa RocketSEO!"],"_yoast_wpseo_metadesc":["Comanda\u021bi analiz\u0103 UX\/UI pentru site-ul dvs. din Moldova. \ud83d\ude80Echipa de speciali\u0219ti experimenta\u021bi se va ocupa de optimizare \u0219i v\u0103 va ajuta s\u0103 ajunge\u021bi \u00een TOP. \ud83d\udd1d Vizita\u021bi site-ul nostru pentru a afla pre\u021burile, a citi recenziile \u0219i a ob\u021bine alte detalii."],"_yoast_wpseo_focuskeywords":["[]"],"title1":["UX\/UI Optimizare"],"text1":["Ne baz\u0103m pe peste 14 ani de experien\u021b\u0103 \u00een domeniul e-commerce. \u00cen\u021belegem c\u00e2t de important este s\u0103 crea\u021bi interfe\u021be u\u0219or de utilizat \u0219i de \u00een\u021beles, care \u00eembun\u0103t\u0103\u021besc experien\u021ba utilizatorilor \u0219i cresc conversiile \u0219i v\u00e2nz\u0103rile."],"title2":["Probleme cu care \r\n\r\nne confrunt\u0103m"],"list2_0_text":["<span style=\"font-weight: 400;\">Nivel sc\u0103zut de conversii pe site<\/span>"],"list2_1_text":["<span style=\"font-weight: 400;\">Rat\u0103 mare de respingere<\/span>"],"list2_2_text":["<span style=\"font-weight: 400;\">Dificult\u0103\u021bi \u00een navigarea \u0219i c\u0103utarea produselor<\/span>"],"list3_0_text":["<span style=\"font-weight: 400;\">Suntem implica\u021bi la maxim \u00een procesul de \u00eembun\u0103t\u0103\u021bire a indicatorilor principali \u0219i a rezultatelor proiectelor dumneavoastr\u0103. Vom face tot posibilul pentru a \u00eembun\u0103t\u0103\u021bi u\u0219urin\u021ba \u0219i atractivitatea site-ului dvs., ceea ce va duce la cre\u0219terea conversiilor, clien\u021bii se vor \u00eentoarce cu pl\u0103cere, v\u00e2nz\u0103rile vor cre\u0219te.<\/span>"],"list3_1_text":["<span style=\"font-weight: 400;\">Speciali\u0219tii no\u0219tri au o expertiz\u0103 profund\u0103 nu doar la nivel de analiz\u0103 UX\/UI, ci \u0219i la nivel de management al proiectelor e-commerce. \u0218tim cu ce durere se confrunt\u0103 zilnic afacerea dvs. \u00een domeniul v\u00e2nz\u0103rilor online, dar cel mai important, \u0219tim cum s\u0103 o rezolv\u0103m.<\/span>"],"list3_2_text":["<span style=\"font-weight: 400;\">Speciali\u0219tii no\u0219tri au condus \u0219i consultat proiecte la nivelul CSI \u0219i Europei, recomand\u0103rile lor au permis \u00eembun\u0103t\u0103\u021birea rapid\u0103 a indicatorilor \u0219i cre\u0219terea v\u00e2nz\u0103rilor \u00een proiecte, acum clien\u021bii no\u0219tri mul\u021bumi\u021bi recomand\u0103 cu \u00eencredere serviciile noastre prietenilor lor.<\/span>"],"list3_3_text":["<span style=\"font-weight: 400;\">Munca noastr\u0103 este transparent\u0103 \u0219i deschis\u0103 pentru dvs. Ve\u021bi fi \u00eentotdeauna la curent cu toate sarcinile \u0219i stadiile acestora \u00een managerul nostru de sarcini. Analiz\u0103m lunar indicatorii cheie \u0219i discut\u0103m despre ace\u0219tia cu dvs.<\/span>"],"list3_4_text":["<span style=\"font-weight: 400;\">Studiem \u00een detaliu domeniul dvs., specificul proiectului dvs. \u0219i pia\u021ba pe care activa\u021bi. Ne ad\u00e2ncim profund \u00een procesele dvs. pentru a forma solu\u021bia cea mai potrivit\u0103 pentru dvs.<\/span>"],"list5_0_text":["&nbsp;\r\n\r\nL\u0103sa\u021bi o <a href=\"#Contacte\">cerere pe site <\/a>"],"list5_1_text":["Managerul nostru v\u0103 va contacta \u0219i va clasifica proiectul dumneavoastr\u0103"],"list5_2_text":["<span style=\"font-weight: 400;\">\u00cen termen de 1-3 zile, echipa noastr\u0103 va crea o mini-analiz\u0103 a st\u0103rii actuale a UX\/UI al site-ului dvs.<\/span>"],"list5_3_text":["<span style=\"font-weight: 400;\">Vom organiza o \u00eent\u00e2lnire online sau offline, unde vom prezenta analiza \u0219i oferta comercial\u0103. <\/span>"],"list2_3_text":["<span style=\"font-weight: 400;\">Lipsa adapt\u0103rii pentru dispozitive mobile<\/span>"],"list2_4_text":["<span style=\"font-weight: 400;\">Atractivitate vizual\u0103 insuficient\u0103 a site-ului<\/span>"],"title3":["De ce s\u0103 alege\u021bi \r\nRocketSEO"],"list3_0_title":["Nou\u0103 ne pas\u0103"],"list3_1_title":["Expertiza"],"list3_2_title":["Reputa\u021bia"],"list3_3_title":["Transparen\u021ba"],"list3_4_title":["Implica\u021bia"],"list7_0_title":["Cum se formeaz\u0103 costul analizei UX\/UI?"],"list7_1_title":["C\u00e2nd ar trebui s\u0103 m\u0103 a\u0219tept la rezultate de la analiza UX\/UI?"],"title4":["Rezultatele clien\u021bilor no\u0219tri \u00een cifre"],"text4":["De peste 16 ani ajut\u0103m diverse companii s\u0103 creasc\u0103 \r\ncererea pentru serviciile \u0219i produsele lor"],"btn_text1":["Comand\u0103 serviciul"],"link1":["#Contacte"],"title6":["#Costul analizei UX\/UI"],"title7":["#\u00centreb\u0103ri \u0219i R\u0103spunsuri"],"title8":["Zbur\u0103m \u00eempreun\u0103 \u00een TOP?"],"list1_0_title":["#UX\/UI analiza"],"list1_1_title":["#Optimizarea conversiilor (CRO)"],"list1_2_title":["#Cre\u0219terea v\u00e2nz\u0103rilor"],"list2_5_text":["<span style=\"font-weight: 400;\">Lipsa unei structuri \u0219i a unei logici clare pentru plasarea elementelor<\/span>"],"list4_0_tag":["#SEO"],"list4_0_site":["Sanatate.md"],"list4_0_subtitle":["Cre\u0219terea traficului organic"],"list4_0_x":["x42"],"list4_0_text":["De la 187 la 7920 de vizitatori unici \r\npe zi \u00een 9 luni"],"list4_1_tag":["#SEO"],"list4_1_site":["Dentavita.md"],"list4_1_subtitle":["Cre\u0219terea traficului organic"],"list4_1_x":["x6"],"list4_1_text":["De la 60 la 350 de vizitatori unici \r\npe zi \u00een 4 luni"],"list4_2_tag":["#SEO"],"list4_2_site":["Tandem.md"],"list4_2_subtitle":["Cre\u0219terea traficului organic"],"list4_2_x":["x3"],"list4_2_text":["De la 3052 la 8752 de vizitatori unici \r\n\u00een 9 luni"],"list4_3_tag":["#SEO"],"list4_3_site":["NDA Australia project"],"list4_3_subtitle":["Cre\u0219terea traficului organic"],"list4_3_x":["x38"],"list4_3_text":["De la 40 la 1500 de vizitatori unici \r\n\u00een 9 luni"],"btn_text4":["Vreau \u0219i eu"],"link4":["#\u041a\u043e\u043d\u0442\u0430\u043a\u0442\u044b"],"title5":["Care este primul pas pentru \u00eenceput?"],"list5_4_text":["<span style=\"font-weight: 400;\">\u00cencheiem un contract pentru analiza UX\/UI \u0219i implementarea modific\u0103rilor<\/span>"],"list5_5_text":["<span style=\"font-weight: 400;\">Plata serviciilor se face pe baza anexelor lunare la contract <\/span>"],"list5_6_text":["<span style=\"font-weight: 400;\">Pentru fiecare perioad\u0103 de raportare finalizat\u0103, oferim rapoarte detaliate <\/span>"],"text6":["<span style=\"font-weight: 400;\">* Costul mediu al analizei UX\/UI este <strong>de la 1000 la 2000 de euro<\/strong> pe proiect.<\/span>\r\n\r\n<span style=\"font-weight: 400;\">*Pre\u021bul este <strong>f\u0103r\u0103 TVA<\/strong> \u0219i depinde de volumul lucr\u0103rilor \u0219i complexitatea proiectului<\/span>"],"btn_text6":["Comand\u0103 o consultare"],"link6":["#Contacte"],"text7":["S\u0103 \u00een\u021belegem detaliile"],"list7_0_text":["<span style=\"font-weight: 400;\">Costul analizei UX\/UI este format din 3 aspecte cheie, fiecare dintre\u00a0acestea fiind parte integrant\u0103 a procesului<\/span>\r\n<ul>\r\n \t<li style=\"font-weight: 400;\" aria-level=\"1\"><b>Onorariul echipei de speciali\u0219ti<\/b><\/li>\r\n \t<li style=\"font-weight: 400;\" aria-level=\"1\"><b>Auditul \u0219i analiza situa\u021biei existente<\/b><\/li>\r\n \t<li style=\"font-weight: 400;\" aria-level=\"1\"><b>Elaborarea recomand\u0103rilor de \u00eembun\u0103t\u0103\u021bire<\/b><\/li>\r\n<\/ul>"],"list7_1_text":["<span style=\"font-weight: 400;\">Rezultatele pot fi vizibile imediat dup\u0103 implementarea recomand\u0103rilor, recomand\u0103rile pot fi implementate de echipa dvs., precum \u0219i de speciali\u0219tii no\u0219tri (implementarea recomand\u0103rilor se discut\u0103 separat)<\/span>"],"text8":["Suntem bucuro\u0219i s\u0103 v\u0103 ajut\u0103m!"],"form8":["[contact-form-7 id=\"a9c2e34\" title=\"Formular de contact Acas\u0103\"]"],"subtitle8":["Aplica\u021bie pentru analiza UX\/UI"],"title9":["Posibil s\u0103 fi\u021bi interesat de alte \r\nserviciile noastre"],"list9_0_title":["Dezvoltare site"],"list9_0_text":["Ob\u021bine\u021bi rezultate rapide cu un \u00eenceput rapid chiar acum \u0219i aici."],"list9_0_btn_text":["Mai multe detalii"],"list9_0_link":["https:\/\/rocketseo.md\/ro\/creare-site-web\/"],"list9_1_title":["Audit tehnic"],"list9_1_text":["Efectu\u0103m o analiz\u0103 competent\u0103 a site-urilor dumneavoastr\u0103 "],"list9_1_btn_text":["Mai multe detalii"],"list9_1_link":["https:\/\/rocketseo.md\/ro\/audit-tehnic\/"],"list1_0_link":["#Costul"],"list1_1_link":["#Costul"],"list1_2_link":["#Rezultate"],"anchor2":["link1"],"anchor3":["link2"],"anchor4":["Rezultate"],"anchor5":["link4"],"anchor6":["Costul"],"anchor7":["Rezultate"],"anchor8":["Contacte"],"anchor9":["link8"],"_edit_lock":["1718112653:2"],"_edit_last":["2"],"_yoast_indexnow_last_ping":["1717753664"],"_yoast_wpseo_keywordsynonyms":["[\"\"]"],"_yoast_wpseo_estimated-reading-time-minutes":["0"],"_yoast_wpseo_wordproof_timestamp":[""],"rank_math_title":["Optimizare UX\/UI \u00een Moldova de la echipa RocketSEO!"],"rank_math_description":["Comanda\u021bi analiz\u0103 UX\/UI pentru site-ul dvs. din Moldova. \ud83d\ude80Echipa de speciali\u0219ti experimenta\u021bi se va ocupa de optimizare \u0219i v\u0103 va ajuta s\u0103 ajunge\u021bi \u00een TOP. \ud83d\udd1d Vizita\u021bi site-ul nostru pentru a afla pre\u021burile, a citi recenziile \u0219i a ob\u021bine alte detalii."],"rank_math_news_sitemap_robots":["index"],"rank_math_robots":["a:1:{i:0;s:5:\"index\";}"],"rank_math_internal_links_processed":["1"],"rank_math_seo_score":["19"],"img1":["1065"],"list2_0_img":["1075"],"list2_1_img":["1077"],"list2_2_img":["1079"],"list2_3_img":["1081"],"list4_0_img":["1162"],"list4_3_img":["1166"],"list2_4_img":["1083"],"list2_5_img":["1085"],"img3":["1096"],"list9_0_img":["1149"],"list9_1_img":["1151"],"list4_0_img2":["1170"],"list4_3_img2":["1172"],"list9_0_img2":["1176"],"list9_1_img2":["1178"],"_wpml_word_count":["{\"total\":774,\"to_translate\":{\"ru\":774}}"],"_uag_page_assets":["a:9:{s:3:\"css\";s:263:\".uag-blocks-common-selector{z-index:var(--z-index-desktop) !important}@media (max-width: 976px){.uag-blocks-common-selector{z-index:var(--z-index-tablet) !important}}@media (max-width: 767px){.uag-blocks-common-selector{z-index:var(--z-index-mobile) !important}}\n\";s:2:\"js\";s:0:\"\";s:18:\"current_block_list\";a:7:{i:0;s:11:\"core\/search\";i:1;s:10:\"core\/group\";i:2;s:12:\"core\/heading\";i:3;s:17:\"core\/latest-posts\";i:4;s:20:\"core\/latest-comments\";i:5;s:13:\"core\/archives\";i:6;s:15:\"core\/categories\";}s:8:\"uag_flag\";b:0;s:11:\"uag_version\";s:10:\"1777619894\";s:6:\"gfonts\";a:0:{}s:10:\"gfonts_url\";s:0:\"\";s:12:\"gfonts_files\";a:0:{}s:14:\"uag_faq_layout\";b:0;}"],"_uag_css_file_name":["uag-css-6195.css"]},"uagb_featured_image_src":{"full":false,"thumbnail":false,"medium":false,"medium_large":false,"large":false,"1536x1536":false,"2048x2048":false,"woocommerce_thumbnail":false,"woocommerce_single":false,"woocommerce_gallery_thumbnail":false},"uagb_author_info":{"display_name":"Rocketseo","author_link":"https:\/\/rocketseo.md\/ro\/author\/rocketseo\/"},"uagb_comment_info":0,"uagb_excerpt":null,"_links":{"self":[{"href":"https:\/\/rocketseo.md\/ro\/wp-json\/wp\/v2\/pages\/6195","targetHints":{"allow":["GET"]}}],"collection":[{"href":"https:\/\/rocketseo.md\/ro\/wp-json\/wp\/v2\/pages"}],"about":[{"href":"https:\/\/rocketseo.md\/ro\/wp-json\/wp\/v2\/types\/page"}],"author":[{"embeddable":true,"href":"https:\/\/rocketseo.md\/ro\/wp-json\/wp\/v2\/users\/2"}],"replies":[{"embeddable":true,"href":"https:\/\/rocketseo.md\/ro\/wp-json\/wp\/v2\/comments?post=6195"}],"version-history":[{"count":7,"href":"https:\/\/rocketseo.md\/ro\/wp-json\/wp\/v2\/pages\/6195\/revisions"}],"predecessor-version":[{"id":6218,"href":"https:\/\/rocketseo.md\/ro\/wp-json\/wp\/v2\/pages\/6195\/revisions\/6218"}],"wp:attachment":[{"href":"https:\/\/rocketseo.md\/ro\/wp-json\/wp\/v2\/media?parent=6195"}],"curies":[{"name":"wp","href":"https:\/\/api.w.org\/{rel}","templated":true}]}}