{"id":6180,"date":"2024-06-05T16:53:08","date_gmt":"2024-06-05T13:53:08","guid":{"rendered":"https:\/\/rocketseo.md\/promovarea-smm-in-moldova\/"},"modified":"2024-06-11T16:32:50","modified_gmt":"2024-06-11T13:32:50","slug":"promovarea-smm-in-moldova","status":"publish","type":"page","link":"https:\/\/rocketseo.md\/ro\/promovarea-smm-in-moldova\/","title":{"rendered":"Promovarea SMM \u00een Moldova"},"content":{"rendered":"","protected":false},"excerpt":{"rendered":"","protected":false},"author":2,"featured_media":0,"parent":0,"menu_order":0,"comment_status":"closed","ping_status":"closed","template":"template-parts\/page-seo.php","meta":{"_acf_changed":false,"inline_featured_image":false,"_uag_custom_page_level_css":"","footnotes":""},"class_list":["post-6180","page","type-page","status-publish","hentry"],"acf":[],"spectra_custom_meta":{"_alp_processed":["1718112772"],"_wpml_media_duplicate":["1"],"_wpml_media_featured":["1"],"list2":["6"],"list3_0_color":["#F0DFFF"],"list3_1_color":["#cbecfe"],"list3_2_color":["#ffb16c"],"list3_3_color":["#e5f69c"],"list3":["4"],"list2_2_img":["5638"],"list2_3_img":["5636"],"list4":["4"],"_title1":["field_661910964860d"],"_text1":["field_6619114a75f01"],"_img1":["field_661910b248612"],"_title2":["field_6619118776999"],"_list2":["field_661911937699a"],"_list3_0_color":["field_66191342dd33b"],"_list3_1_color":["field_66191342dd33b"],"_list3_2_color":["field_66191342dd33b"],"_list3_3_color":["field_66191342dd33b"],"_list2_0_text":["field_661911a07699c"],"_list2_1_text":["field_661911a07699c"],"_list2_2_text":["field_661911a07699c"],"_list3_0_text":["field_6619135bdd33d"],"_list3_1_text":["field_6619135bdd33d"],"_list3_2_text":["field_6619135bdd33d"],"_list3_3_text":["field_6619135bdd33d"],"_list5_0_text":["field_661916ee78e3a"],"_list5_1_text":["field_661916ee78e3a"],"_list5_2_text":["field_661916ee78e3a"],"_list2_3_text":["field_661911a07699c"],"_list2_4_text":["field_661911a07699c"],"_title3":["field_6619131fdd338"],"_list3":["field_6619133cdd33a"],"_list2_0_img":["field_661911997699b"],"_list2_1_img":["field_661911997699b"],"_list2_2_img":["field_661911997699b"],"_list2_3_img":["field_661911997699b"],"_list3_0_title":["field_66191350dd33c"],"_list3_1_title":["field_66191350dd33c"],"_list3_2_title":["field_66191350dd33c"],"_list3_3_title":["field_66191350dd33c"],"_list7_0_title":["field_6619184e78c71"],"_list7_1_title":["field_6619184e78c71"],"_list7_2_title":["field_6619184e78c71"],"_title4":["field_6619149f3afc1"],"_text4":["field_661914a53afc2"],"_list4":["field_661914af3afc3"],"_list4_0_img":["field_661914e53afca"],"list4_1_img":[""],"_list4_1_img":["field_661914e53afca"],"list4_2_img":[""],"_list4_2_img":["field_661914e53afca"],"_list4_3_img":["field_661914e53afca"],"_btn_text1":["field_661910a748610"],"_link1":["field_661910ad48611"],"list1":["2"],"_list1":["field_6619109c4860e"],"list5":["3"],"_list5":["field_661916e778e39"],"_title6":["field_661917bd8ab28"],"_title7":["field_6619183978c6e"],"_title8":["field_6619196500a57"],"_list1_0_title":["field_661910a14860f"],"_list1_1_title":["field_661910a14860f"],"_list2_4_img":["field_661911997699b"],"_list2_5_img":["field_661911997699b"],"_list2_5_text":["field_661911a07699c"],"_img3":["field_66191331dd339"],"list4_0_color":["#FFB16C"],"_list4_0_color":["field_661914b63afc4"],"_list4_0_tag":["field_661914c43afc5"],"_list4_0_site":["field_661914c93afc6"],"_list4_0_subtitle":["field_661914cd3afc7"],"_list4_0_x":["field_661914d53afc8"],"_list4_0_text":["field_661914da3afc9"],"list4_1_color":["#cbf2ff"],"_list4_1_color":["field_661914b63afc4"],"_list4_1_tag":["field_661914c43afc5"],"_list4_1_site":["field_661914c93afc6"],"_list4_1_subtitle":["field_661914cd3afc7"],"_list4_1_x":["field_661914d53afc8"],"_list4_1_text":["field_661914da3afc9"],"list4_2_color":["#f0dfff"],"_list4_2_color":["field_661914b63afc4"],"_list4_2_tag":["field_661914c43afc5"],"_list4_2_site":["field_661914c93afc6"],"_list4_2_subtitle":["field_661914cd3afc7"],"_list4_2_x":["field_661914d53afc8"],"_list4_2_text":["field_661914da3afc9"],"list4_3_color":["#c6f27c"],"_list4_3_color":["field_661914b63afc4"],"_list4_3_tag":["field_661914c43afc5"],"_list4_3_site":["field_661914c93afc6"],"_list4_3_subtitle":["field_661914cd3afc7"],"_list4_3_x":["field_661914d53afc8"],"_list4_3_text":["field_661914da3afc9"],"_btn_text4":["field_6619165f88643"],"_link4":["field_6619166988644"],"_title5":["field_661916df78e38"],"_text6":["field_661917c68ab29"],"_btn_text6":["field_661917cc8ab2a"],"_link6":["field_661917d48ab2b"],"list7":["3"],"_text7":["field_6619184278c6f"],"_list7":["field_6619184878c70"],"_list7_0_text":["field_6619185978c72"],"_list7_1_text":["field_6619185978c72"],"_list7_2_text":["field_6619185978c72"],"_text8":["field_6619196b00a58"],"_form8":["field_6619196f00a59"],"_subtitle8":["field_661919e35bb0f"],"list9":["2"],"_title9":["field_66191a111a4aa"],"_list9":["field_66191a191a4ab"],"list9_0_color":["#C6F27C"],"_list9_0_color":["field_66191a271a4ac"],"_list9_0_title":["field_66191a351a4ad"],"_list9_0_text":["field_66191a3c1a4ae"],"_list9_0_btn_text":["field_66191a481a4af"],"_list9_0_link":["field_66191a4f1a4b0"],"_list9_0_img":["field_66191a541a4b1"],"list9_1_color":["#e9f7ff"],"_list9_1_color":["field_66191a271a4ac"],"_list9_1_title":["field_66191a351a4ad"],"_list9_1_text":["field_66191a3c1a4ae"],"_list9_1_btn_text":["field_66191a481a4af"],"_list9_1_link":["field_66191a4f1a4b0"],"_list9_1_img":["field_66191a541a4b1"],"_list4_0_img2":["field_661cd59dddb4b"],"list4_1_img2":[""],"_list4_1_img2":["field_661cd59dddb4b"],"list4_2_img2":[""],"_list4_2_img2":["field_661cd59dddb4b"],"_list4_3_img2":["field_661cd59dddb4b"],"_list9_0_img2":["field_661cd8b790857"],"_list9_1_img2":["field_661cd8b790857"],"_list1_0_link":["field_663108eda5826"],"_list1_1_link":["field_663108eda5826"],"_anchor2":["field_66472b78c44cb"],"_anchor3":["field_66472b8dc44cc"],"_anchor4":["field_66472b94c44cd"],"_anchor5":["field_66472b9bc44ce"],"_anchor6":["field_66472ba4c44cf"],"_anchor7":["field_66472bb4c44d0"],"_anchor8":["field_66472bbdc44d1"],"_anchor9":["field_66472bc5c44d2"],"block1":["a:1:{i:0;s:29:\"\u041f\u043e\u043a\u0430\u0437\u044b\u0432\u0430\u0442\u044c \u0431\u043b\u043e\u043a\";}"],"_block1":["field_664c28f10b4c5"],"block2":["a:1:{i:0;s:29:\"\u041f\u043e\u043a\u0430\u0437\u044b\u0432\u0430\u0442\u044c \u0431\u043b\u043e\u043a\";}"],"_block2":["field_664c29010b4c6"],"block3":["a:1:{i:0;s:29:\"\u041f\u043e\u043a\u0430\u0437\u044b\u0432\u0430\u0442\u044c \u0431\u043b\u043e\u043a\";}"],"_block3":["field_664c29080b4c7"],"block4":["a:1:{i:0;s:29:\"\u041f\u043e\u043a\u0430\u0437\u044b\u0432\u0430\u0442\u044c \u0431\u043b\u043e\u043a\";}"],"_block4":["field_664c290e0b4c8"],"block5":["a:1:{i:0;s:29:\"\u041f\u043e\u043a\u0430\u0437\u044b\u0432\u0430\u0442\u044c \u0431\u043b\u043e\u043a\";}"],"_block5":["field_664c29140b4c9"],"block6":["a:1:{i:0;s:29:\"\u041f\u043e\u043a\u0430\u0437\u044b\u0432\u0430\u0442\u044c \u0431\u043b\u043e\u043a\";}"],"_block6":["field_664c291a0b4ca"],"block7":["a:1:{i:0;s:29:\"\u041f\u043e\u043a\u0430\u0437\u044b\u0432\u0430\u0442\u044c \u0431\u043b\u043e\u043a\";}"],"_block7":["field_664c29210b4cb"],"block8":["a:1:{i:0;s:29:\"\u041f\u043e\u043a\u0430\u0437\u044b\u0432\u0430\u0442\u044c \u0431\u043b\u043e\u043a\";}"],"_block8":["field_664c29260b4cc"],"block9":["a:1:{i:0;s:29:\"\u041f\u043e\u043a\u0430\u0437\u044b\u0432\u0430\u0442\u044c \u0431\u043b\u043e\u043a\";}"],"_block9":["field_664c292c0b4cd"],"_wp_page_template":["template-parts\/page-seo.php"],"_last_translation_edit_mode":["native-editor"],"_yoast_wpseo_title":["Promovarea SMM \u00een Moldova: Comanda\u021bi promovarea brandului dvs. la RocketSEO"],"_yoast_wpseo_metadesc":["Comanda\u021bi promovarea SMM complet\u0103 pentru site-ul dvs. \u00een Moldova. \ud83d\ude80 Echipa noastr\u0103 de speciali\u0219ti cu experien\u021b\u0103 va optimiza \u0219i v\u0103 va ajuta s\u0103 ajunge\u021bi \u00een TOP. \ud83d\udd1d Vizita\u021bi site-ul nostru pentru a afla pre\u021burile, a citi recenziile \u0219i a ob\u021bine alte detalii."],"_yoast_wpseo_focuskeywords":["[]"],"title1":["Promovarea SMM \u00een Moldova pe Facebook, Instagram, TikTok"],"text1":["Vom construi o imagine atractiv\u0103 a brandului care va stimula v\u00e2nz\u0103rile. Prin strategie, con\u021binut \u0219i administrarea re\u021belelor sociale vom atinge rezultatul dorit de dvs. "],"title2":["<h2>Servicii de SMM<\/h2>\r\n<br>\r\n<h4>Vom dezv\u0103lui poten\u021bialul paginilor dvs. de Facebook, Instagram \u0219i TikTok, vom structura activitatea bazat\u0103 pe analitic\u0103 \u0219i metrici pentru a monitoriza eficien\u021ba.<\/h4>"],"list2_0_text":["<b><strong>Trafic f\u0103r\u0103 conversii de pe site<\/strong><\/b>"],"list2_1_text":["<b>Auditul paginilor \u00een re\u021belele sociale<\/b>"],"list2_2_text":["<b>Promovarea post\u0103rilor<\/b>"],"list3_0_text":["<span style=\"font-weight: 400;\">La etapa ini\u021bial\u0103, determin\u0103m cele mai eficiente instrumente pentru promovarea brandului dvs. \u00een re\u021belele sociale. Analiz\u0103m concuren\u021bii, formul\u0103m \u0219i test\u0103m ipoteze, ajust\u0103m \u0219i optimiz\u0103m regulat strategia pentru a atinge rezultatele maxime.<\/span>"],"list3_1_text":["<span style=\"font-weight: 400;\">Pe baza strategiei dezvoltate, determin\u0103m pozi\u021bionarea, obiectivele de acoperire \u0219i analiz\u0103m parametrii de implicare a audien\u021bei pentru a ajusta activitatea.<\/span>"],"list3_2_text":["<span style=\"font-weight: 400;\">Analiz\u0103m con\u021binutul dvs., evalu\u0103m eficien\u021ba acestuia prin indicatori cheie \u00een re\u021belele sociale, formul\u0103m ipoteze \u0219i propunem crearea unui nou con\u021binut pe baza concluziilor. <\/span>"],"list3_3_text":["<span style=\"font-weight: 400;\">\u00cen cadrul raportului lunar, analiz\u0103m eficien\u021ba activit\u0103\u021bii \u0219i propunem solu\u021bii noi bazate pe indicatorii de implicare (ER, ERR).<\/span>"],"list5_0_text":["<ul>\r\n \t<li aria-level=\"1\"><b>Comunicare regulat\u0103 cu audien\u021ba<\/b><\/li>\r\n<\/ul>\r\n<ul>\r\n \t<li style=\"list-style-type: none;\">\r\n<ul>\r\n \t<li>Interac\u021biune constant\u0103: <span style=\"font-weight: 400;\">Public\u0103ri regulate \u0219i r\u0103spunsuri la comentarii permit men\u021binerea unei interac\u021biuni constante cu audien\u021ba dvs., cre\u00e2nd un sentiment de apropiere \u0219i implicare. <\/span><\/li>\r\n \t<li>Feedback operativ: <span style=\"font-weight: 400;\">Re\u021belele sociale ofer\u0103 posibilitatea de a r\u0103spunde rapid la \u00eentreb\u0103rile \u0219i recenziile clien\u021bilor, \u00eembun\u0103t\u0103\u021bind serviciul \u0219i satisfac\u021bia clien\u021bilor. <\/span><\/li>\r\n \t<li>Construirea rela\u021biilor de \u00eencredere: <b><span style=\"font-weight: 400;\">Comunicarea frecvent\u0103 \u0219i de calitate contribuie la formarea rela\u021biilor de \u00eencredere \u00eentre brand \u0219i audien\u021b\u0103, sporind probabilitatea de achizi\u021bii repetate. <\/span><\/b><\/li>\r\n<\/ul>\r\n<\/li>\r\n<\/ul>"],"list5_1_text":["<ul>\r\n \t<li aria-level=\"1\"><b>Cre\u0219terea notoriet\u0103\u021bii brandului<\/b><\/li>\r\n<\/ul>\r\n<ul>\r\n \t<li style=\"list-style-type: none;\">\r\n<ul>\r\n \t<li>Acoperire larg\u0103: 90% din cump\u0103r\u0103torii activi sunt \u00eenregistra\u021bi \u00een re\u021belele sociale, permi\u021b\u00e2ndu-v\u0103 s\u0103 acoperi\u021bi o audien\u021b\u0103 larg\u0103 \u0219i s\u0103 atrage\u021bi noi clien\u021bi poten\u021biali.<\/li>\r\n \t<li>Identitate vizual\u0103: Public\u0103ri regulate cu utilizarea stilului, logo-urilor \u0219i culorilor brandului ajut\u0103 la consolidarea identit\u0103\u021bii vizuale a brandului \u00een mintea audien\u021bei.<\/li>\r\n \t<li>Efect viral: Con\u021binutul de calitate \u0219i interesant poate fi r\u0103sp\u00e2ndit pe scar\u0103 larg\u0103 de utilizatori, contribuind la r\u0103sp\u00e2ndirea viral\u0103 a informa\u021biilor despre brand.<\/li>\r\n<\/ul>\r\n<\/li>\r\n<\/ul>"],"list5_2_text":["<ul>\r\n \t<li aria-level=\"1\"><b>Cre\u0219terea loialit\u0103\u021bii clien\u021bilor<\/b><\/li>\r\n<\/ul>\r\n<ul>\r\n \t<li style=\"list-style-type: none;\">\r\n<ul>\r\n \t<li>Personalizarea interac\u021biunii: <span style=\"font-weight: 400;\">Re\u021belele sociale permit abordarea clien\u021bilor la un nivel mai personal, \u021bin\u00e2nd cont de preferin\u021bele \u0219i interesele lor, sporind loialitatea. <\/span><\/li>\r\n \t<li>Crearea unei comunit\u0103\u021bi: Re\u021belele sociale creeaz\u0103 o platform\u0103 pentru formarea unei comunit\u0103\u021bi \u00een jurul brandului dvs., unde clien\u021bii pot interac\u021biona \u00eentre ei \u0219i \u00ee\u0219i pot \u00eemp\u0103rt\u0103\u0219i experien\u021bele.<\/li>\r\n \t<li>Reac\u021bie la recenzii: R\u0103spunsul rapid \u0219i pozitiv la recenzii \u0219i comentarii arat\u0103 c\u0103 aprecia\u021bi clien\u021bii \u0219i sunte\u021bi gata s\u0103 rezolva\u021bi problemele lor, consolid\u00e2nd loialitatea acestora.<\/li>\r\n<\/ul>\r\n<\/li>\r\n<\/ul>"],"list2_3_text":["<b>Dezvoltarea strategiei<\/b>\r\n<ul>\r\n \t<li><span style=\"font-weight: 400;\">Stabilirea obiectivelor<\/span><\/li>\r\n \t<li><span style=\"font-weight: 400;\">Pozi\u021bionare<\/span><\/li>\r\n \t<li><span style=\"font-weight: 400;\">Comunicare<\/span><\/li>\r\n \t<li><span style=\"font-weight: 400;\">Strategie de con\u021binut<\/span><\/li>\r\n \t<li><span style=\"font-weight: 400;\">Lucrul cu publicitatea<\/span><\/li>\r\n<\/ul>"],"list2_4_text":["<b>Suport \u0219i administrarea re\u021belelor sociale<\/b>\r\n<ul>\r\n \t<li><span style=\"font-weight: 400;\">Dezvoltarea unui plan de con\u021binut lunar<\/span><\/li>\r\n \t<li><span style=\"font-weight: 400;\">Designul publica\u021biilor<\/span><\/li>\r\n \t<li><span style=\"font-weight: 400;\">Con\u021binut \u00een rom\u00e2n\u0103 \u0219i rus\u0103 <\/span><\/li>\r\n \t<li><span style=\"font-weight: 400;\">Promovarea post\u0103rilor<\/span><\/li>\r\n \t<li><span style=\"font-weight: 400;\">Lucrul cu feedback-ul<\/span><\/li>\r\n<\/ul>"],"title3":["Cum lucr\u0103m?"],"list3_0_title":["Strategie"],"list3_1_title":["Ne baz\u0103m pe obiectivele clientului"],"list3_2_title":["Crearea unui con\u021binut eficient"],"list3_3_title":["C\u0103utarea punctelor de cre\u0219tere"],"list7_0_title":["SMM-ul duce la v\u00e2nz\u0103ri?"],"list7_1_title":["C\u00e2t timp dureaz\u0103 dezvoltarea SMM?"],"list7_2_title":["Cum se m\u0103soar\u0103 eficien\u021ba SMM?"],"title4":["Rezultatele clien\u021bilor no\u0219tri \u00een cifre"],"text4":["De peste 16 ani ajut\u0103m diverse companii s\u0103 creasc\u0103 \r\ncererea pentru serviciile \u0219i produsele lor"],"btn_text1":["Comand\u0103 serviciul"],"link1":["#Contacte"],"title6":["#Costul SMM"],"title7":["#\u00centreb\u0103ri \u0219i R\u0103spunsuri"],"title8":["Gata s\u0103 atrage\u021bi aten\u021bia asupra brandului dvs. \u00een re\u021belele sociale?"],"list1_0_title":["#Costul promov\u0103rii SMM"],"list1_1_title":["#Cum se evalueaz\u0103 promovarea SMM"],"list2_5_text":["<b>Crearea con\u021binutului<\/b>\r\n<ul>\r\n \t<li><span style=\"font-weight: 400;\">Fotografii<\/span><\/li>\r\n \t<li><span style=\"font-weight: 400;\">Videoclipuri<\/span><\/li>\r\n \t<li><span style=\"font-weight: 400;\">Videoclipuri format Reels<\/span><\/li>\r\n<\/ul>"],"list4_0_tag":["#SMM"],"list4_0_site":["Vois"],"list4_0_subtitle":["Proiectare \u0219i promovare"],"list4_0_x":["x3"],"list4_0_text":["7500+ abona\u021bi activi pe Instagram \u00eentr-un an"],"list4_1_tag":["#SMM"],"list4_1_site":["Grafit"],"list4_1_subtitle":["Strategia HR de promovare a brandului"],"list4_1_x":["x5"],"list4_1_text":["3 videoclipuri cu 500.000+ vizualiz\u0103ri pe TikTok\r\ncomunitate activ\u0103 pe Facebook \u0219i Instagram "],"list4_2_tag":["#SMM"],"list4_2_site":["Holz"],"list4_2_subtitle":["Concepte de administrare \u0219i crearea con\u021binutului pentru holding"],"list4_2_x":["x2"],"list4_2_text":["Fuior, Wurst \r\nGastropub , Keller Holz"],"list4_3_tag":["#SMM"],"list4_3_site":["Omactiv"],"list4_3_subtitle":["Promovarea comunit\u0103\u021bii pe Instagram \u0219i a site-ului"],"list4_3_x":["x7"],"list4_3_text":["Publicitate pentru seria de evenimente: \r\nNo Rest Om Fest, Cheat Meal Fest"],"btn_text4":["Vreau \u0219i eu"],"link4":["#Contacte"],"title5":["Avantajele promov\u0103rii SMM"],"text6":["<span style=\"font-weight: 400;\">#Costul promov\u0103rii SMM depinde de obiectivele de marketing ale brandului<\/span>, <span style=\"font-weight: 400;\">de cantitatea de con\u021binut \u0219i de calitatea con\u021binutului.<\/span>\r\n\r\n<span style=\"font-weight: 400;\">De la 800 euro <\/span>"],"btn_text6":["Comand\u0103 o consultare"],"link6":["#Contacte"],"text7":["S\u0103 \u00een\u021belegem detaliile"],"list7_0_text":["<span style=\"font-weight: 400;\">Da. Experien\u021ba noastr\u0103 a demonstrat c\u0103 v\u00e2nz\u0103rile sunt mai mari cu administrarea conturilor. Cu toate acestea, este dificil s\u0103 se urm\u0103reasc\u0103 o corela\u021bie direct\u0103 \u0219i cifre exacte ale v\u00e2nz\u0103rilor, deoarece func\u021bia principal\u0103 a re\u021belelor sociale este comunicarea. O persoan\u0103 poate re\u021bine oferta dvs. \u0219i reveni atunci c\u00e2nd \u00eei convine. Cele mai bune rezultate financiare se pot ob\u021bine doar prin combinarea achizi\u021biei de publicitate \u0219i administrarea paginilor. <\/span>"],"list7_1_text":["<span style=\"font-weight: 400;\">Elaborarea strategiei \u0219i a con\u021binutului poate dura de la dou\u0103 la \u0219ase s\u0103pt\u0103m\u00e2ni, \u00een func\u021bie de sarcinile stabilite, dup\u0103 care activitatea devine periodic\u0103. Lunar se preg\u0103te\u0219te \u0219i se public\u0103 con\u021binut, se lucreaz\u0103 cu texte, pove\u0219ti, feedback-ul utilizatorilor. <\/span>"],"list7_2_text":["<span style=\"font-weight: 400;\">Eficien\u021ba SMM poate fi m\u0103surat\u0103 prin diverse metrici, cum ar fi acoperirea, implicarea (like-uri, comentarii, distribuiri), num\u0103rul de abona\u021bi, traficul pe site, conversiile \u0219i ROI (rentabilitatea investi\u021biei). Re\u021belele sociale ofer\u0103 instrumente analitice integrate pentru a urm\u0103ri ace\u0219ti indicatori.<\/span>"],"text8":["L\u0103sa\u021bi o cerere pentru o consulta\u021bie gratuit\u0103. Vom discuta \u00eempreun\u0103 obiectivele dvs. de afaceri \u0219i vom afla cum v\u0103 putem ajuta s\u0103 le atinge\u021bi."],"form8":["[contact-form-7 id=\"a9c2e34\" title=\"Formular de contact Acas\u0103\"]"],"subtitle8":["Cerere pentru promovare"],"title9":["Posibil s\u0103 fi\u021bi interesat de alte \r\nserviciile noastre"],"list9_0_title":["Dezvoltare site"],"list9_0_text":["Ob\u021bine\u021bi rezultate rapide cu un \u00eenceput rapid chiar acum \u0219i aici."],"list9_0_btn_text":["Mai multe detalii"],"list9_0_link":["https:\/\/rocketseo.md\/ro\/creare-site-web\/"],"list9_1_title":["Audit tehnic"],"list9_1_text":["Efectu\u0103m o analiz\u0103 competent\u0103 a site-urilor dumneavoastr\u0103 "],"list9_1_btn_text":["Mai multe detalii"],"list9_1_link":["https:\/\/rocketseo.md\/ro\/audit-tehnic\/"],"list1_0_link":["#\u0421\u0442\u043e\u0438\u043c\u043e\u0441\u0442\u044c"],"list1_1_link":["#\u0420\u0435\u0437\u0443\u043b\u044c\u0442\u0430\u0442\u044b"],"anchor2":["link1"],"anchor3":["link2"],"anchor4":["Rezultate"],"anchor5":["link4"],"anchor6":["Pre\u021b"],"anchor7":["Rezultate"],"anchor8":["Contacte"],"anchor9":["link8"],"_edit_lock":["1718112639:2"],"_edit_last":["2"],"_yoast_indexnow_last_ping":["1717598295"],"_yoast_wpseo_keywordsynonyms":["[\"\"]"],"_yoast_wpseo_estimated-reading-time-minutes":["0"],"_yoast_wpseo_wordproof_timestamp":[""],"rank_math_title":["Promovarea SMM \u00een Moldova: Comanda\u021bi promovarea brandului dvs. la RocketSEO"],"rank_math_description":["Comanda\u021bi promovarea SMM complet\u0103 pentru site-ul dvs. \u00een Moldova. \ud83d\ude80 Echipa noastr\u0103 de speciali\u0219ti cu experien\u021b\u0103 va optimiza \u0219i v\u0103 va ajuta s\u0103 ajunge\u021bi \u00een TOP. \ud83d\udd1d Vizita\u021bi site-ul nostru pentru a afla pre\u021burile, a citi recenziile \u0219i a ob\u021bine alte detalii."],"rank_math_news_sitemap_robots":["index"],"rank_math_robots":["a:1:{i:0;s:5:\"index\";}"],"rank_math_internal_links_processed":["1"],"rank_math_seo_score":["19"],"img1":["1065"],"list2_0_img":["1075"],"list2_1_img":["1077"],"list4_0_img":["1162"],"list4_3_img":["1166"],"list2_4_img":["1083"],"list2_5_img":["1085"],"img3":["1096"],"list9_0_img":["1149"],"list9_1_img":["1151"],"list4_0_img2":["1170"],"list4_3_img2":["1172"],"list9_0_img2":["1176"],"list9_1_img2":["1178"],"_wpml_word_count":["{\"total\":946,\"to_translate\":{\"ru\":946}}"],"_uag_page_assets":["a:9:{s:3:\"css\";s:263:\".uag-blocks-common-selector{z-index:var(--z-index-desktop) !important}@media (max-width: 976px){.uag-blocks-common-selector{z-index:var(--z-index-tablet) !important}}@media (max-width: 767px){.uag-blocks-common-selector{z-index:var(--z-index-mobile) !important}}\n\";s:2:\"js\";s:0:\"\";s:18:\"current_block_list\";a:7:{i:0;s:11:\"core\/search\";i:1;s:10:\"core\/group\";i:2;s:12:\"core\/heading\";i:3;s:17:\"core\/latest-posts\";i:4;s:20:\"core\/latest-comments\";i:5;s:13:\"core\/archives\";i:6;s:15:\"core\/categories\";}s:8:\"uag_flag\";b:0;s:11:\"uag_version\";s:10:\"1777619894\";s:6:\"gfonts\";a:0:{}s:10:\"gfonts_url\";s:0:\"\";s:12:\"gfonts_files\";a:0:{}s:14:\"uag_faq_layout\";b:0;}"],"_uag_css_file_name":["uag-css-6180.css"]},"uagb_featured_image_src":{"full":false,"thumbnail":false,"medium":false,"medium_large":false,"large":false,"1536x1536":false,"2048x2048":false,"woocommerce_thumbnail":false,"woocommerce_single":false,"woocommerce_gallery_thumbnail":false},"uagb_author_info":{"display_name":"Rocketseo","author_link":"https:\/\/rocketseo.md\/ro\/author\/rocketseo\/"},"uagb_comment_info":0,"uagb_excerpt":null,"_links":{"self":[{"href":"https:\/\/rocketseo.md\/ro\/wp-json\/wp\/v2\/pages\/6180","targetHints":{"allow":["GET"]}}],"collection":[{"href":"https:\/\/rocketseo.md\/ro\/wp-json\/wp\/v2\/pages"}],"about":[{"href":"https:\/\/rocketseo.md\/ro\/wp-json\/wp\/v2\/types\/page"}],"author":[{"embeddable":true,"href":"https:\/\/rocketseo.md\/ro\/wp-json\/wp\/v2\/users\/2"}],"replies":[{"embeddable":true,"href":"https:\/\/rocketseo.md\/ro\/wp-json\/wp\/v2\/comments?post=6180"}],"version-history":[{"count":3,"href":"https:\/\/rocketseo.md\/ro\/wp-json\/wp\/v2\/pages\/6180\/revisions"}],"predecessor-version":[{"id":6247,"href":"https:\/\/rocketseo.md\/ro\/wp-json\/wp\/v2\/pages\/6180\/revisions\/6247"}],"wp:attachment":[{"href":"https:\/\/rocketseo.md\/ro\/wp-json\/wp\/v2\/media?parent=6180"}],"curies":[{"name":"wp","href":"https:\/\/api.w.org\/{rel}","templated":true}]}}