{"id":6082,"date":"2024-06-04T12:47:58","date_gmt":"2024-06-04T09:47:58","guid":{"rendered":"https:\/\/rocketseo.md\/dezvoltare-site-pe-wordpress\/"},"modified":"2024-12-10T13:07:07","modified_gmt":"2024-12-10T10:07:07","slug":"dezvoltare-site-pe-wordpress","status":"publish","type":"page","link":"https:\/\/rocketseo.md\/ro\/dezvoltare-site-pe-wordpress\/","title":{"rendered":"Dezvoltare site pe WordPress"},"content":{"rendered":"","protected":false},"excerpt":{"rendered":"","protected":false},"author":2,"featured_media":0,"parent":0,"menu_order":0,"comment_status":"closed","ping_status":"closed","template":"template-parts\/page-service.php","meta":{"_acf_changed":false,"inline_featured_image":false,"_uag_custom_page_level_css":"","footnotes":""},"class_list":["post-6082","page","type-page","status-publish","hentry"],"acf":[],"spectra_custom_meta":{"_alp_processed":["1733825231"],"_wpml_media_duplicate":["0"],"_wpml_media_featured":["0"],"img1":["5737"],"list2":["4"],"list3_0_color":["#0F110F"],"list3_1_color":["#0F110F"],"list3_2_color":["#ffffff"],"list3_3_color":["#0F110F"],"list3_4_color":["#0F110F"],"list6_0_color":["#C6F27C"],"list6_1_color":["#ffb16c"],"list3":["5"],"list4":["6"],"_title1":["field_65dc67b15a05c"],"_img1":["field_65dc67ec5a05f"],"_title2":["field_65dc68085a061"],"_list2":["field_65dc681e5a064"],"_list3_0_color":["field_65dc9636d8c4b"],"_list3_1_color":["field_65dc9636d8c4b"],"_list3_2_color":["field_65dc9636d8c4b"],"_list3_3_color":["field_65dc9636d8c4b"],"_list3_4_color":["field_65dc9636d8c4b"],"_list6_0_color":["field_65dc76c0cf40f"],"_list6_1_color":["field_65dc76c0cf40f"],"_list2_0_text":["field_65dc68375a067"],"_list2_1_text":["field_65dc68375a067"],"_list2_2_text":["field_65dc68375a067"],"_list6_0_text":["field_65dc76afcf40d"],"_list6_1_text":["field_65dc76afcf40d"],"_list2_3_text":["field_65dc68375a067"],"_img2":["field_65dc67fd5a060"],"_title3":["field_65dc933ff481c"],"_list3":["field_65dc9353f4821"],"_list2_0_img":["field_65dc68245a065"],"_list2_1_img":["field_65dc68245a065"],"_list2_2_img":["field_65dc68245a065"],"_list3_0_img":["field_65dc935af4822"],"_list3_1_img":["field_65dc935af4822"],"_list3_2_img":["field_65dc935af4822"],"_list3_3_img":["field_65dc935af4822"],"_list3_4_img":["field_65dc935af4822"],"_list6_0_img":["field_65dc76d2cf410"],"_list6_1_img":["field_65dc76d2cf410"],"_list2_3_img":["field_65dc68245a065"],"_list6_0_title":["field_65dc763acf40c"],"_list6_1_title":["field_65dc763acf40c"],"_list2_0_title":["field_65dc68305a066"],"_list2_1_title":["field_65dc68305a066"],"_list2_2_title":["field_65dc68305a066"],"_list2_3_title":["field_65dc68305a066"],"_list4_0_title":["field_65dc69af71998"],"_list4_1_title":["field_65dc69af71998"],"_list4_2_title":["field_65dc69af71998"],"_list4_3_title":["field_65dc69af71998"],"_list4_4_title":["field_65dc69af71998"],"_list4_5_title":["field_65dc69af71998"],"_list4_2_0_title":["field_65dc69c27199b"],"_list3_0_list_0_title":["field_65dc9371f4825"],"_list3_0_list_1_title":["field_65dc9371f4825"],"_list3_1_list_0_title":["field_65dc9371f4825"],"_list3_1_list_1_title":["field_65dc9371f4825"],"_list3_2_list_0_title":["field_65dc9371f4825"],"_list3_2_list_1_title":["field_65dc9371f4825"],"_list3_3_list_0_title":["field_65dc9371f4825"],"_list3_3_list_1_title":["field_65dc9371f4825"],"_list3_4_list_0_title":["field_65dc9371f4825"],"_list3_4_list_1_title":["field_65dc9371f4825"],"_title4":["field_65dc699871995"],"_list4":["field_65dc69a971997"],"_list3_0_link":["field_65dc9376f4826"],"_list3_1_link":["field_65dc9376f4826"],"_list3_2_link":["field_65dc9376f4826"],"_list3_3_link":["field_65dc9376f4826"],"_list3_4_link":["field_65dc9376f4826"],"_list6_0_link":["field_65dc76b9cf40e"],"_list6_1_link":["field_65dc76b9cf40e"],"_btn_text1":["field_65dc67b95a05d"],"_link1":["field_65dc67c15a05e"],"_title6":["field_65dc761ecf40a"],"list6":["2"],"_list6":["field_65dc7625cf40b"],"_title5":["field_65dc6bdda2351"],"_list3_0_img2":["field_65dc9361f4823"],"_list3_1_img2":["field_65dc9361f4823"],"_list3_2_img2":["field_65dc9361f4823"],"_list3_3_img2":["field_65dc9361f4823"],"_list3_4_img2":["field_65dc9361f4823"],"_link2":["field_65dc68175a063"],"_link3":["field_65dc9385f4828"],"block1":["a:1:{i:0;s:29:\"\u041f\u043e\u043a\u0430\u0437\u044b\u0432\u0430\u0442\u044c \u0431\u043b\u043e\u043a\";}"],"_block1":["field_664c2a4087b4b"],"block2":["a:1:{i:0;s:29:\"\u041f\u043e\u043a\u0430\u0437\u044b\u0432\u0430\u0442\u044c \u0431\u043b\u043e\u043a\";}"],"_block2":["field_664c2a5587b4c"],"block3":["a:1:{i:0;s:29:\"\u041f\u043e\u043a\u0430\u0437\u044b\u0432\u0430\u0442\u044c \u0431\u043b\u043e\u043a\";}"],"_block3":["field_664c2a7387b4d"],"block4":["a:1:{i:0;s:29:\"\u041f\u043e\u043a\u0430\u0437\u044b\u0432\u0430\u0442\u044c \u0431\u043b\u043e\u043a\";}"],"_block4":["field_664c2a7987b4e"],"block5":["a:1:{i:0;s:29:\"\u041f\u043e\u043a\u0430\u0437\u044b\u0432\u0430\u0442\u044c \u0431\u043b\u043e\u043a\";}"],"_block5":["field_664c2a8087b4f"],"block6":["a:1:{i:0;s:29:\"\u041f\u043e\u043a\u0430\u0437\u044b\u0432\u0430\u0442\u044c \u0431\u043b\u043e\u043a\";}"],"_block6":["field_664c2a8687b50"],"block7":["a:1:{i:0;s:29:\"\u041f\u043e\u043a\u0430\u0437\u044b\u0432\u0430\u0442\u044c \u0431\u043b\u043e\u043a\";}"],"_block7":["field_664c2a8f87b51"],"_btn_text2":["field_65dc68115a062"],"_btn_text3":["field_65dc937df4827"],"list3_0_img3":[""],"_list3_0_img3":["field_65dc96c8cc818"],"list3_1_img3":[""],"_list3_1_img3":["field_65dc96c8cc818"],"_list3_2_img3":["field_65dc96c8cc818"],"_list3_3_img3":["field_65dc96c8cc818"],"list3_4_img3":[""],"_list3_4_img3":["field_65dc96c8cc818"],"list3_0_list":["2"],"_list3_0_list":["field_65dc9369f4824"],"list3_1_list":["2"],"_list3_1_list":["field_65dc9369f4824"],"list3_2_list":["2"],"_list3_2_list":["field_65dc9369f4824"],"list3_3_list":["2"],"_list3_3_list":["field_65dc9369f4824"],"list3_4_list":["2"],"_list3_4_list":["field_65dc9369f4824"],"_subtitle4":["field_65dc699f71996"],"_subtitle4_2":["field_65dc69b371999"],"list4_2":["1"],"_list4_2":["field_65dc69bb7199a"],"_img4":["field_65dc69ca7199c"],"_subtitle5":["field_65dc6be3a2352"],"_title5_2":["field_65dc6bf9f17c9"],"_form5":["field_65dc6be9a2353"],"block66":["a:1:{i:0;s:29:\"\u041f\u043e\u043a\u0430\u0437\u044b\u0432\u0430\u0442\u044c \u0431\u043b\u043e\u043a\";}"],"_block66":["field_664c2b34a6910"],"_wp_page_template":["template-parts\/page-service.php"],"_last_translation_edit_mode":["native-editor"],"_yoast_wpseo_title":["Crearea \u0219i dezvoltarea site-urilor web de la RocketSEO \u00een Chi\u0219in\u0103u \u0219i Moldova \ud83d\udd1d"],"_yoast_wpseo_metadesc":["Crearea si dezvoltarea site-urilor web in Moldova: magazine online, landing pages, site-uri corporative, proiecte individuale. Conectarea sistemelor de plat\u0103, integrare cu CRM, design unic."],"_yoast_wpseo_focuskeywords":["[]"],"title1":["Dezvoltare de site-uri pe Wordpress"],"title2":["O solu\u021bie cuprinz\u0103toare cu capacit\u0103\u021bi largi de adaptare pentru un proiect specific"],"list2_0_text":["Un CMS simplu \u0219i func\u021bional pentru afacerile mici, care rezolv\u0103 problemele de baz\u0103 ale afacerii. "],"list2_1_text":["Pentru multe ni\u0219e ale afacerilor medii, aceast\u0103 platform\u0103 este suficient\u0103 pentru dezvoltarea v\u00e2nz\u0103rilor \u0219i prezentarea companiei "],"list2_2_text":["RocketSEO are un nivel larg de competen\u021be \u00een lucrul cu Wordpress \u0219i un portofoliu de peste 50 de site-uri create pe aceast\u0103 platform\u0103. "],"list6_0_text":["Vom efectua un audit al site-ului dumneavoastr\u0103 pentru a identifica erorile tehnice."],"list6_1_text":["Cre\u0219terea num\u0103rului de clien\u021bi datorat\u0103 traficului organic, care continu\u0103 s\u0103 creasc\u0103 chiar \u0219i dup\u0103 epuizarea bugetului publicitar. Gener\u0103m trafic de calitate, preg\u0103tit pentru conversii imediate!"],"list2_3_text":["Servicii web, aplica\u021bii mobile, sisteme CRM personale - transform\u0103m orice sarcin\u0103 ampl\u0103 \u00eentr-un produs func\u021bional."],"title3":["Clien\u021bii no\u0219tri - afaceri medii \u0219i mari \r\ndin Moldova \u0219i str\u0103in\u0103tate."],"list6_0_title":["Audit tehnic"],"list6_1_title":["Promovarea SEO a site-urilor"],"list2_0_title":["Func\u021bionalitate"],"list2_1_title":["Pentru orice proiect"],"list2_2_title":["Experien\u021b\u0103 \u00een utilizare"],"list2_3_title":["Mobilitatea solu\u021biilor"],"list4_0_title":["# Prag sc\u0103zut de intrare: dezvoltare rapid\u0103 \u0219i ieftin\u0103"],"list4_1_title":["# Potrivit at\u00e2t pentru site-urile web de c\u0103r\u021bi de vizit\u0103, c\u00e2t \u0219i pentru magazinele mici"],"list4_2_title":["# Surs\u0103 deschis\u0103 \u0219i suport u\u0219or"],"list4_3_title":["# Orice func\u021bionalitate poate fi modificat\u0103 la cerere"],"list4_4_title":["# Conectare u\u0219oar\u0103 a pl\u0103\u021bilor online"],"list4_5_title":["# Pute\u021bi utiliza un design sau un \u0219ablon unic"],"list4_2_0_title":["Dup\u0103 predarea proiectului, oferim instruc\u021biuni complete pentru gestionarea independent\u0103 a site-ului \u0219i a tuturor sec\u021biunilor, precum \u0219i suport tehnic complex \u00een fiecare lun\u0103. "],"list3_0_list_0_title":["#Dezvoltare"],"list3_0_list_1_title":["#Suport tehnic"],"list3_1_list_0_title":["#Dezvoltare"],"list3_1_list_1_title":["#Suport tehnic"],"list3_2_list_0_title":["#Dezvoltare"],"list3_2_list_1_title":["#Suport tehnic"],"list3_3_list_0_title":["#Dezvoltare"],"list3_3_list_1_title":["#Suport tehnic"],"list3_4_list_0_title":["#Dezvoltare"],"list3_4_list_1_title":["#Suport tehnic"],"title4":["Angaj\u0103m cei mai buni speciali\u0219ti. "],"list3_0_link":["https:\/\/rocketseo.md\/ro\/blog\/case\/tandem\/"],"list3_1_link":["https:\/\/rocketseo.md\/ro\/blog\/case\/medpark-md\/"],"list3_2_link":["https:\/\/rocketseo.md\/ro\/blog\/case\/pegas\/"],"list3_3_link":["https:\/\/ihost.md\/"],"list3_4_link":["https:\/\/rocketseo.md\/ro\/blog\/case\/operakids\/"],"list6_0_link":["https:\/\/rocketseo.md\/ro\/audit-tehnic\/"],"list6_1_link":["https:\/\/rocketseo.md\/ro\/promovarea-seo\/"],"btn_text1":["Completa\u021bi cererea"],"link1":["#form"],"title6":["Posibil s\u0103 fi\u021bi interesat de alte \r\nserviciile noastre"],"title5":["Ave\u021bi o idee? Noi o realiz\u0103m."],"link2":["#form"],"link3":["https:\/\/rocketseo.md\/ro\/cazuri\/"],"btn_text2":["Completa\u021bi cererea"],"btn_text3":["Vezi mai mult"],"subtitle4":["De ce Wordpress"],"subtitle4_2":["Suport tehnic "],"subtitle5":["Lucr\u0103m cu proiecte \u00eencep\u00e2nd de la 3.000 de euro"],"title5_2":["Aplica\u021bie pentru dezvoltare"],"form5":["[contact-form-7 id=\"48bb8b7\" title=\"Formular de contact (crearea site-ului web)\"]"],"_edit_lock":["1733825091:2"],"_edit_last":["2"],"_yoast_indexnow_last_ping":["1717573967"],"_yoast_wpseo_keywordsynonyms":["[\"\"]"],"_yoast_wpseo_estimated-reading-time-minutes":["0"],"_yoast_wpseo_wordproof_timestamp":[""],"rank_math_title":["Crearea site-urilor pe WordPress de la RocketSEO \u00een Chi\u0219in\u0103u, Moldova \ud83d\udd1d"],"rank_math_description":["Dezvoltare site-uri pe WordPress: solu\u021bii complexe pentru afaceri mici \u0219i mijlocii. Design unic, cod curat, vitez\u0103 mare de lucru, instruc\u021biuni de utilizare a site-ului \u0219i suport tehnic lunar de la echipa RocketSEO."],"rank_math_news_sitemap_robots":["index"],"rank_math_robots":["a:1:{i:0;s:5:\"index\";}"],"rank_math_internal_links_processed":["1"],"rank_math_seo_score":["17"],"_wpml_word_count":["{\"total\":383,\"to_translate\":{\"ru\":383}}"],"img2":["169"],"list2_0_img":["170"],"list2_1_img":["171"],"list2_2_img":["172"],"list3_0_img":["696"],"list3_1_img":["698"],"list3_2_img":["700"],"list3_3_img":["709"],"list3_4_img":["719"],"list6_0_img":["40"],"list6_1_img":["41"],"list2_3_img":["173"],"list3_0_img2":["713"],"list3_1_img2":["715"],"list3_2_img2":["717"],"list3_3_img2":["711"],"list3_4_img2":["721"],"list3_2_img3":["230"],"list3_3_img3":["235"],"img4":["184"],"_uag_page_assets":["a:9:{s:3:\"css\";s:263:\".uag-blocks-common-selector{z-index:var(--z-index-desktop) !important}@media (max-width: 976px){.uag-blocks-common-selector{z-index:var(--z-index-tablet) !important}}@media (max-width: 767px){.uag-blocks-common-selector{z-index:var(--z-index-mobile) !important}}\n\";s:2:\"js\";s:0:\"\";s:18:\"current_block_list\";a:7:{i:0;s:11:\"core\/search\";i:1;s:10:\"core\/group\";i:2;s:12:\"core\/heading\";i:3;s:17:\"core\/latest-posts\";i:4;s:20:\"core\/latest-comments\";i:5;s:13:\"core\/archives\";i:6;s:15:\"core\/categories\";}s:8:\"uag_flag\";b:0;s:11:\"uag_version\";s:10:\"1777619894\";s:6:\"gfonts\";a:0:{}s:10:\"gfonts_url\";s:0:\"\";s:12:\"gfonts_files\";a:0:{}s:14:\"uag_faq_layout\";b:0;}"],"_uag_css_file_name":["uag-css-6082.css"]},"uagb_featured_image_src":{"full":false,"thumbnail":false,"medium":false,"medium_large":false,"large":false,"1536x1536":false,"2048x2048":false,"woocommerce_thumbnail":false,"woocommerce_single":false,"woocommerce_gallery_thumbnail":false},"uagb_author_info":{"display_name":"Rocketseo","author_link":"https:\/\/rocketseo.md\/ro\/author\/rocketseo\/"},"uagb_comment_info":0,"uagb_excerpt":null,"_links":{"self":[{"href":"https:\/\/rocketseo.md\/ro\/wp-json\/wp\/v2\/pages\/6082","targetHints":{"allow":["GET"]}}],"collection":[{"href":"https:\/\/rocketseo.md\/ro\/wp-json\/wp\/v2\/pages"}],"about":[{"href":"https:\/\/rocketseo.md\/ro\/wp-json\/wp\/v2\/types\/page"}],"author":[{"embeddable":true,"href":"https:\/\/rocketseo.md\/ro\/wp-json\/wp\/v2\/users\/2"}],"replies":[{"embeddable":true,"href":"https:\/\/rocketseo.md\/ro\/wp-json\/wp\/v2\/comments?post=6082"}],"version-history":[{"count":5,"href":"https:\/\/rocketseo.md\/ro\/wp-json\/wp\/v2\/pages\/6082\/revisions"}],"predecessor-version":[{"id":7133,"href":"https:\/\/rocketseo.md\/ro\/wp-json\/wp\/v2\/pages\/6082\/revisions\/7133"}],"wp:attachment":[{"href":"https:\/\/rocketseo.md\/ro\/wp-json\/wp\/v2\/media?parent=6082"}],"curies":[{"name":"wp","href":"https:\/\/api.w.org\/{rel}","templated":true}]}}