{"id":6032,"date":"2024-05-24T17:21:02","date_gmt":"2024-05-24T14:21:02","guid":{"rendered":"https:\/\/rocketseo.md\/publicitatea-contextuala-google-ads-in-moldova\/"},"modified":"2024-06-11T16:32:57","modified_gmt":"2024-06-11T13:32:57","slug":"publicitatea-contextuala-google-ads-in-moldova","status":"publish","type":"page","link":"https:\/\/rocketseo.md\/ro\/publicitatea-contextuala-google-ads-in-moldova\/","title":{"rendered":"Publicitatea contextual\u0103 Google Ads \u00een Moldova"},"content":{"rendered":"","protected":false},"excerpt":{"rendered":"","protected":false},"author":2,"featured_media":0,"parent":0,"menu_order":0,"comment_status":"closed","ping_status":"closed","template":"template-parts\/page-seo.php","meta":{"_acf_changed":false,"inline_featured_image":false,"_uag_custom_page_level_css":"","footnotes":""},"class_list":["post-6032","page","type-page","status-publish","hentry"],"acf":[],"spectra_custom_meta":{"_alp_processed":["1718112779"],"_wpml_media_duplicate":["1"],"_wpml_media_featured":["1"],"list2":["6"],"list3_0_color":["#F0DFFF"],"list3_1_color":["#cbecfe"],"list3_2_color":["#ffb16c"],"list3_3_color":["#F0DFFF"],"list3":["4"],"list2_1_img":["5636"],"list2_2_img":["5639"],"list4":["4"],"_title1":["field_661910964860d"],"_text1":["field_6619114a75f01"],"_img1":["field_661910b248612"],"_title2":["field_6619118776999"],"_list2":["field_661911937699a"],"_list3_0_color":["field_66191342dd33b"],"_list3_1_color":["field_66191342dd33b"],"_list3_2_color":["field_66191342dd33b"],"_list3_3_color":["field_66191342dd33b"],"_list2_0_text":["field_661911a07699c"],"_list2_1_text":["field_661911a07699c"],"_list2_2_text":["field_661911a07699c"],"_list3_0_text":["field_6619135bdd33d"],"_list3_1_text":["field_6619135bdd33d"],"_list3_2_text":["field_6619135bdd33d"],"_list3_3_text":["field_6619135bdd33d"],"_list5_0_text":["field_661916ee78e3a"],"_list5_1_text":["field_661916ee78e3a"],"_list5_2_text":["field_661916ee78e3a"],"_list2_3_text":["field_661911a07699c"],"_list2_4_text":["field_661911a07699c"],"_title3":["field_6619131fdd338"],"_list3":["field_6619133cdd33a"],"_list2_0_img":["field_661911997699b"],"_list2_1_img":["field_661911997699b"],"_list2_2_img":["field_661911997699b"],"_list2_3_img":["field_661911997699b"],"_list3_0_title":["field_66191350dd33c"],"_list3_1_title":["field_66191350dd33c"],"_list3_2_title":["field_66191350dd33c"],"_list3_3_title":["field_66191350dd33c"],"_list7_0_title":["field_6619184e78c71"],"_list7_1_title":["field_6619184e78c71"],"_title4":["field_6619149f3afc1"],"_text4":["field_661914a53afc2"],"_list4":["field_661914af3afc3"],"_list4_0_img":["field_661914e53afca"],"list4_1_img":[""],"_list4_1_img":["field_661914e53afca"],"list4_2_img":[""],"_list4_2_img":["field_661914e53afca"],"_list4_3_img":["field_661914e53afca"],"_btn_text1":["field_661910a748610"],"_link1":["field_661910ad48611"],"list1":["2"],"_list1":["field_6619109c4860e"],"list5":["3"],"_list5":["field_661916e778e39"],"_title6":["field_661917bd8ab28"],"_title7":["field_6619183978c6e"],"_title8":["field_6619196500a57"],"_list1_0_title":["field_661910a14860f"],"_list1_1_title":["field_661910a14860f"],"_list2_4_img":["field_661911997699b"],"list2_5_img":["5634"],"_list2_5_img":["field_661911997699b"],"_list2_5_text":["field_661911a07699c"],"_img3":["field_66191331dd339"],"list4_0_color":["#FFB16C"],"_list4_0_color":["field_661914b63afc4"],"_list4_0_tag":["field_661914c43afc5"],"_list4_0_site":["field_661914c93afc6"],"_list4_0_subtitle":["field_661914cd3afc7"],"_list4_0_x":["field_661914d53afc8"],"_list4_0_text":["field_661914da3afc9"],"list4_1_color":["#cbf2ff"],"_list4_1_color":["field_661914b63afc4"],"_list4_1_tag":["field_661914c43afc5"],"_list4_1_site":["field_661914c93afc6"],"_list4_1_subtitle":["field_661914cd3afc7"],"_list4_1_x":["field_661914d53afc8"],"_list4_1_text":["field_661914da3afc9"],"list4_2_color":["#f0dfff"],"_list4_2_color":["field_661914b63afc4"],"_list4_2_tag":["field_661914c43afc5"],"_list4_2_site":["field_661914c93afc6"],"_list4_2_subtitle":["field_661914cd3afc7"],"_list4_2_x":["field_661914d53afc8"],"_list4_2_text":["field_661914da3afc9"],"list4_3_color":["#c6f27c"],"_list4_3_color":["field_661914b63afc4"],"_list4_3_tag":["field_661914c43afc5"],"_list4_3_site":["field_661914c93afc6"],"_list4_3_subtitle":["field_661914cd3afc7"],"_list4_3_x":["field_661914d53afc8"],"_list4_3_text":["field_661914da3afc9"],"_btn_text4":["field_6619165f88643"],"_link4":["field_6619166988644"],"_title5":["field_661916df78e38"],"_text6":["field_661917c68ab29"],"_btn_text6":["field_661917cc8ab2a"],"_link6":["field_661917d48ab2b"],"list7":["2"],"_text7":["field_6619184278c6f"],"_list7":["field_6619184878c70"],"_list7_0_text":["field_6619185978c72"],"_list7_1_text":["field_6619185978c72"],"_text8":["field_6619196b00a58"],"_form8":["field_6619196f00a59"],"_subtitle8":["field_661919e35bb0f"],"list9":["2"],"_title9":["field_66191a111a4aa"],"_list9":["field_66191a191a4ab"],"list9_0_color":["#C6F27C"],"_list9_0_color":["field_66191a271a4ac"],"_list9_0_title":["field_66191a351a4ad"],"_list9_0_text":["field_66191a3c1a4ae"],"_list9_0_btn_text":["field_66191a481a4af"],"_list9_0_link":["field_66191a4f1a4b0"],"_list9_0_img":["field_66191a541a4b1"],"list9_1_color":["#e9f7ff"],"_list9_1_color":["field_66191a271a4ac"],"_list9_1_title":["field_66191a351a4ad"],"_list9_1_text":["field_66191a3c1a4ae"],"_list9_1_btn_text":["field_66191a481a4af"],"_list9_1_link":["field_66191a4f1a4b0"],"_list9_1_img":["field_66191a541a4b1"],"_list4_0_img2":["field_661cd59dddb4b"],"list4_1_img2":[""],"_list4_1_img2":["field_661cd59dddb4b"],"list4_2_img2":[""],"_list4_2_img2":["field_661cd59dddb4b"],"_list4_3_img2":["field_661cd59dddb4b"],"_list9_0_img2":["field_661cd8b790857"],"_list9_1_img2":["field_661cd8b790857"],"_list1_0_link":["field_663108eda5826"],"_list1_1_link":["field_663108eda5826"],"_anchor2":["field_66472b78c44cb"],"_anchor3":["field_66472b8dc44cc"],"_anchor4":["field_66472b94c44cd"],"_anchor5":["field_66472b9bc44ce"],"_anchor6":["field_66472ba4c44cf"],"_anchor7":["field_66472bb4c44d0"],"_anchor8":["field_66472bbdc44d1"],"_anchor9":["field_66472bc5c44d2"],"block1":["a:1:{i:0;s:29:\"\u041f\u043e\u043a\u0430\u0437\u044b\u0432\u0430\u0442\u044c \u0431\u043b\u043e\u043a\";}"],"_block1":["field_664c28f10b4c5"],"block2":["a:1:{i:0;s:29:\"\u041f\u043e\u043a\u0430\u0437\u044b\u0432\u0430\u0442\u044c \u0431\u043b\u043e\u043a\";}"],"_block2":["field_664c29010b4c6"],"block3":["a:1:{i:0;s:29:\"\u041f\u043e\u043a\u0430\u0437\u044b\u0432\u0430\u0442\u044c \u0431\u043b\u043e\u043a\";}"],"_block3":["field_664c29080b4c7"],"block4":["a:1:{i:0;s:29:\"\u041f\u043e\u043a\u0430\u0437\u044b\u0432\u0430\u0442\u044c \u0431\u043b\u043e\u043a\";}"],"_block4":["field_664c290e0b4c8"],"block5":["a:1:{i:0;s:29:\"\u041f\u043e\u043a\u0430\u0437\u044b\u0432\u0430\u0442\u044c \u0431\u043b\u043e\u043a\";}"],"_block5":["field_664c29140b4c9"],"block6":["a:1:{i:0;s:29:\"\u041f\u043e\u043a\u0430\u0437\u044b\u0432\u0430\u0442\u044c \u0431\u043b\u043e\u043a\";}"],"_block6":["field_664c291a0b4ca"],"block7":["a:1:{i:0;s:29:\"\u041f\u043e\u043a\u0430\u0437\u044b\u0432\u0430\u0442\u044c \u0431\u043b\u043e\u043a\";}"],"_block7":["field_664c29210b4cb"],"block8":["a:1:{i:0;s:29:\"\u041f\u043e\u043a\u0430\u0437\u044b\u0432\u0430\u0442\u044c \u0431\u043b\u043e\u043a\";}"],"_block8":["field_664c29260b4cc"],"block9":["a:1:{i:0;s:29:\"\u041f\u043e\u043a\u0430\u0437\u044b\u0432\u0430\u0442\u044c \u0431\u043b\u043e\u043a\";}"],"_block9":["field_664c292c0b4cd"],"_wp_page_template":["template-parts\/page-seo.php"],"_last_translation_edit_mode":["native-editor"],"_yoast_wpseo_title":["Publicitatea contextual\u0103 Google Ads \u00een Moldova"],"_yoast_wpseo_metadesc":["Comanda\u021bi publicitatea contextual\u0103 Google Ads \u00een Moldova pentru site-ul dvs. \ud83d\ude80 Vizita\u021bi site-ul nostru pentru a afla pre\u021burile, a citi recenziile \u0219i a ob\u021bine alte detalii."],"_yoast_wpseo_focuskeywords":["[]"],"title1":["Publicitatea contextual\u0103 Google Ads \u00een Moldova"],"text1":["Cu noi ve\u021bi ob\u021bine lead-uri din primele zile de lansare a reclamelor. Optimiz\u0103m zilnic \u0219i cu grij\u0103 campaniile dvs. pentru a cre\u0219te randamentul canalului PPC. "],"title2":["<h2>Servicii de publicitate contextual\u0103<\/h2>\r\n<br>\r\n<h4>Vom dezv\u0103lui \u00eentregul poten\u021bial al publicit\u0103\u021bii contextuale \u00een Google Ads nu prin ac\u021biuni, ci prin rezultate m\u0103surabile pentru afacerea dvs.<\/h4>"],"list2_0_text":["Auditul contului publicitar"],"list2_1_text":["Raportare la timp"],"list2_2_text":["Suport constant"],"list3_0_text":["<span style=\"font-weight: 400;\">La \u00eenceput, determin\u0103m ce instrumente vor fi cele mai eficiente pentru promovarea afacerii dvs. Analiz\u0103m concuren\u021bii, efectu\u0103m teste, ajust\u0103m \u0219i optimiz\u0103m regulat campaniile publicitare pentru a atinge rezultatele maxime. <\/span>"],"list3_1_text":["<span style=\"font-weight: 400;\">Analiz\u0103m zilnic datele, ceea ce ne permite s\u0103 identific\u0103m zonele problematice \u0219i s\u0103 le corect\u0103m imediat. <\/span>"],"list3_2_text":["<span style=\"font-weight: 400;\">\u00cembun\u0103t\u0103\u021bim \u0219i dezvolt\u0103m paginile de destina\u021bie cheie pentru a cre\u0219te v\u00e2nz\u0103rile dvs. Test\u0103m utilizabilitatea \u0219i oferim doar recomand\u0103ri verificate. Scopul nostru principal este nu doar s\u0103 atragem trafic, ci s\u0103-l convertim \u00een clien\u021bi. <\/span>"],"list3_3_text":["<span style=\"font-weight: 400;\">Manifest\u0103m ini\u021biativ\u0103 \u0219i ne str\u0103duim s\u0103 \u00eembun\u0103t\u0103\u021bim rezultatele. La fiecare dou\u0103 s\u0103pt\u0103m\u00e2ni, efectu\u0103m un audit al campaniilor publicitare, test\u0103m ipoteze \u0219i select\u0103m cele mai bune prin A\/B testing. <\/span>"],"list5_0_text":["&nbsp;\r\n<ul>\r\n \t<li aria-level=\"1\"><b>Acoperire \u021bintit\u0103<\/b><\/li>\r\n<\/ul>\r\n<ul>\r\n \t<li style=\"list-style-type: none;\">\r\n<ul>\r\n \t<li style=\"font-weight: 400;\" aria-level=\"2\"><span style=\"font-weight: 400;\">Atinge\u021bi clien\u021bii poten\u021biali exact atunci c\u00e2nd caut\u0103 produse sau servicii pe care le oferi\u021bi.<\/span><\/li>\r\n \t<li style=\"font-weight: 400;\" aria-level=\"2\"><span style=\"font-weight: 400;\">Cre\u0219te\u021bi recunoa\u0219terea \u0219i vizibilitatea brandului, ap\u0103r\u00e2nd \u00een partea de sus a rezultatelor c\u0103ut\u0103rii Google pentru cuvintele cheie relevante.<\/span><\/li>\r\n \t<li style=\"font-weight: 400;\" aria-level=\"2\"><span style=\"font-weight: 400;\">G\u0103si\u021bi clien\u021bi poten\u021biali at\u00e2t la nivel local, c\u00e2t \u0219i global.<\/span><\/li>\r\n<\/ul>\r\n<\/li>\r\n<\/ul>"],"list5_1_text":["<ul>\r\n \t<li aria-level=\"1\"><b>Rezultate rapide \u0219i m\u0103surabile<\/b><\/li>\r\n<\/ul>\r\n<ul>\r\n \t<li style=\"list-style-type: none;\">\r\n<ul>\r\n \t<li style=\"font-weight: 400;\" aria-level=\"2\"><span style=\"font-weight: 400;\">Monitoriza\u021bi indicatorii cheie (KPI) pentru a m\u0103sura eficien\u021ba investi\u021biilor dvs. \u00een publicitate.<\/span><\/li>\r\n \t<li style=\"font-weight: 400;\" aria-level=\"2\"><span style=\"font-weight: 400;\">\u00cencepe\u021bi s\u0103 atrage\u021bi trafic pe site-ul dvs. \u0219i clien\u021bi poten\u021biali imediat dup\u0103 lansarea campaniilor.<\/span><\/li>\r\n<\/ul>\r\n<\/li>\r\n<\/ul>"],"list5_2_text":["<ul>\r\n \t<li aria-level=\"1\"><b>Scalabilitate<\/b><\/li>\r\n<\/ul>\r\n<ul>\r\n \t<li style=\"list-style-type: none;\">\r\n<ul>\r\n \t<li style=\"font-weight: 400;\" aria-level=\"2\"><span style=\"font-weight: 400;\">Cheltuieli controlabile. <\/span><span style=\"font-weight: 400;\">Ve\u021bi pl\u0103ti doar atunci c\u00e2nd utilizatorii fac clic pe anun\u021burile dvs., ceea ce permite un control mai bun al cheltuielilor pentru publicitate.<\/span><\/li>\r\n \t<li style=\"font-weight: 400;\" aria-level=\"2\"><span style=\"font-weight: 400;\">Gestionare flexibil\u0103 a campaniilor. <\/span><span style=\"font-weight: 400;\">Ajusta\u021bi set\u0103rile campaniilor, bugetele \u0219i criteriile de targetare pentru a v\u0103 adapta la condi\u021biile de pia\u021b\u0103 \u00een schimbare sau la obiectivele de afaceri.<\/span><\/li>\r\n \t<li style=\"font-weight: 400;\" aria-level=\"2\"><span style=\"font-weight: 400;\">Adaptabilitate. <\/span><span style=\"font-weight: 400;\">Cre\u0219te\u021bi sau reduce\u021bi investi\u021biile \u00een publicitate \u00een func\u021bie de nevoile afacerii, sezonalitate sau promo\u021bii.<\/span><\/li>\r\n \t<li style=\"font-weight: 400;\" aria-level=\"2\"><span style=\"font-weight: 400;\">Avantaj competitiv. Cre\u0219te\u021bi avantajul competitiv, dep\u0103\u0219ind concuren\u021bii \u00een rezultatele c\u0103ut\u0103rii \u0219i captur\u00e2nd cota de pia\u021b\u0103 \u021bint\u0103.<\/span><\/li>\r\n<\/ul>\r\n<\/li>\r\n<\/ul>"],"list2_3_text":["<ul>\r\n \t<li aria-level=\"1\">Dezvoltarea strategiei:<\/li>\r\n<\/ul>\r\n<ul>\r\n \t<li style=\"list-style-type: none;\">\r\n<ul>\r\n \t<li style=\"font-weight: 400;\" aria-level=\"2\"><span style=\"font-weight: 400;\">Colectarea cuvintelor cheie<\/span><\/li>\r\n \t<li style=\"font-weight: 400;\" aria-level=\"2\"><span style=\"font-weight: 400;\">Analiza concuren\u021bei<\/span><\/li>\r\n \t<li style=\"font-weight: 400;\" aria-level=\"2\"><span style=\"font-weight: 400;\">Crearea textelor publicitare atr\u0103g\u0103toare\/v\u00e2nz\u0103toare\/conversibile.<\/span><\/li>\r\n<\/ul>\r\n<\/li>\r\n<\/ul>"],"list2_4_text":["<ul>\r\n \t<li aria-level=\"1\">Configurarea campaniilor:<\/li>\r\n<\/ul>\r\n<ul>\r\n \t<li style=\"list-style-type: none;\">\r\n<ul>\r\n \t<li style=\"font-weight: 400;\" aria-level=\"2\"><span style=\"font-weight: 400;\">Crearea, gestionarea \u0219i optimizarea campaniilor publicitare.<\/span><\/li>\r\n \t<li style=\"font-weight: 400;\" aria-level=\"2\"><span style=\"font-weight: 400;\">Anun\u021buri extinse, testarea anun\u021burilor\u00a0<\/span><\/li>\r\n \t<li style=\"font-weight: 400;\" aria-level=\"2\"><span style=\"font-weight: 400;\">Remarketing \u0219i targeting comportamental \u00een re\u021beaua<\/span><\/li>\r\n \t<li style=\"font-weight: 400;\" aria-level=\"2\"><span style=\"font-weight: 400;\">Publicitate local\u0103 \u0219i targeting.<\/span><\/li>\r\n<\/ul>\r\n<\/li>\r\n<\/ul>"],"title3":["Cum lucr\u0103m? "],"list3_0_title":["Strategie de baz\u0103"],"list3_1_title":["Ne baz\u0103m pe fapte \u0219i analize"],"list3_2_title":["\u00cembun\u0103t\u0103\u021birea constant\u0103 a site-ului dvs."],"list3_3_title":["C\u0103utarea punctelor de cre\u0219tere"],"list7_0_title":["C\u00e2t timp dureaz\u0103 s\u0103 vezi rezultatele Google Ads?"],"list7_1_title":["Cum se evalueaz\u0103 succesul campaniilor Google Ads?"],"title4":["Rezultatele clien\u021bilor no\u0219tri \u00een cifre"],"text4":["De peste 16 ani ajut\u0103m diverse companii s\u0103 creasc\u0103 \r\ncererea pentru serviciile \u0219i produsele lor"],"btn_text1":["A face o cerere"],"link1":["#Contacte"],"title6":["#Costul publicit\u0103\u021bii contextuale "],"title7":["#\u00centreb\u0103ri \u0219i R\u0103spunsuri"],"title8":["Gata s\u0103 accelera\u021bi afacerea dvs. cu ajutorul Google Ads?"],"list1_0_title":["#Costul publicit\u0103\u021bii contextuale "],"list1_1_title":["#Cum se evalueaz\u0103 succesul campaniilor Google Ads?"],"list2_5_text":["<ul>\r\n \t<li aria-level=\"1\">Optimizare continu\u0103:<\/li>\r\n<\/ul>\r\n<ul>\r\n \t<li style=\"list-style-type: none;\">\r\n<ul>\r\n \t<li style=\"font-weight: 400;\" aria-level=\"2\"><span style=\"font-weight: 400;\">Monitorizarea indicatorilor cheie<\/span><\/li>\r\n \t<li style=\"font-weight: 400;\" aria-level=\"2\"><span style=\"font-weight: 400;\">Configurarea \u0219i monitorizarea conversiilor<\/span><\/li>\r\n \t<li style=\"font-weight: 400;\" aria-level=\"2\"><span style=\"font-weight: 400;\">Analiza eficien\u021bei<\/span><\/li>\r\n \t<li style=\"font-weight: 400;\" aria-level=\"2\"><span style=\"font-weight: 400;\">Raportare<\/span><\/li>\r\n<\/ul>\r\n<\/li>\r\n<\/ul>"],"list4_0_tag":["#SEO"],"list4_0_site":["Sanatate.md"],"list4_0_subtitle":["Cre\u0219terea traficului organic"],"list4_0_x":["x42"],"list4_0_text":["De la 187 la 7920 de vizitatori unici \r\npe zi \u00een 9 luni"],"list4_1_tag":["#SEO"],"list4_1_site":["Dentavita.md"],"list4_1_subtitle":["Cre\u0219terea traficului organic"],"list4_1_x":["x6"],"list4_1_text":["De la 60 la 350 de vizitatori unici \r\npe zi \u00een 4 luni"],"list4_2_tag":["#SEO"],"list4_2_site":["Tandem.md"],"list4_2_subtitle":["Cre\u0219terea traficului organic"],"list4_2_x":["x3"],"list4_2_text":["De la 3052 la 8752 de vizitatori unici \r\n\u00een 9 luni"],"list4_3_tag":["#SEO"],"list4_3_site":["NDA Australia project"],"list4_3_subtitle":["Cre\u0219terea traficului organic"],"list4_3_x":["x38"],"list4_3_text":["De la 40 la 1500 de vizitatori unici \r\n\u00een 9 luni"],"btn_text4":["Vreau \u0219i eu"],"link4":["#Contacte"],"title5":["Avantajele publicit\u0103\u021bii Google "],"text6":["<span style=\"font-weight: 400;\">Costul publicit\u0103\u021bii contextuale este compus din dou\u0103 p\u0103r\u021bi:<\/span>\r\n\r\n<span style=\"font-weight: 200;\">Bugetul publicitar \u0219i o<\/span>norariul fix al echipei noastre:\r\n<b>de la 400 la 1500 euro <\/b>"],"btn_text6":["Comand\u0103 o consultare"],"link6":["#Contacte"],"text7":["S\u0103 \u00een\u021belegem detaliile"],"list7_0_text":["<span style=\"font-weight: 400;\">Timpul poate varia \u00een func\u021bie de factori precum ni\u0219a afacerii \u0219i concuren\u021ba. De regul\u0103, pute\u021bi \u00eencepe s\u0103 vede\u021bi primele rezultate \u00een primele c\u00e2teva zile dup\u0103 lansarea campaniilor.<\/span>"],"list7_1_text":["<span style=\"font-weight: 400;\">Succesul campaniilor este m\u0103surat prin intermediul indicatorilor cheie de performan\u021b\u0103 (KPI), cum ar fi clicuri, afi\u0219\u0103ri, rata de clic (CTR), rata de conversie, rentabilitatea investi\u021biei \u00een publicitate (ROAS). Select\u0103m indicatorii cheie importan\u021bi pentru afacerea dvs. \u0219i oferim rapoarte \u0219i analize detaliate pentru a urm\u0103ri eficien\u021ba campaniilor dvs.<\/span>"],"text8":["L\u0103sa\u021bi o cerere pentru o consulta\u021bie gratuit\u0103. Vom discuta \u00eempreun\u0103 obiectivele dvs. de afaceri \u0219i vom afla cum v\u0103 putem ajuta s\u0103 le atinge\u021bi."],"form8":["[contact-form-7 id=\"a9c2e34\" title=\"Formular de contact Acas\u0103\"]"],"subtitle8":["L\u0103sa\u021bi o cerere pentru un audit. <h4>Vom analiza campaniile dvs. actuale, vom oferi informa\u021bii valoroase despre eficien\u021ba actual\u0103 a publicit\u0103\u021bii dvs. Google, vom dezv\u0103lui domeniile care necesit\u0103 \u00eembun\u0103t\u0103\u021biri \u0219i vom oferi recomand\u0103ri practice pentru optimizarea campaniilor dvs. publicitare.<\/h4>"],"title9":["Posibil s\u0103 fi\u021bi interesat de alte \r\nserviciile noastre"],"list9_0_title":["Dezvoltare site"],"list9_0_text":["Ob\u021bine\u021bi rezultate rapide cu un \u00eenceput rapid chiar acum \u0219i aici."],"list9_0_btn_text":["Mai multe detalii"],"list9_0_link":["https:\/\/rocketseo.md\/ro\/creare-site-web\/"],"list9_1_title":["Audit tehnic"],"list9_1_text":["Efectu\u0103m o analiz\u0103 competent\u0103 a site-urilor dumneavoastr\u0103 "],"list9_1_btn_text":["Mai multe detalii"],"list9_1_link":["https:\/\/rocketseo.md\/ro\/audit-tehnic\/"],"list1_0_link":["#Costul"],"list1_1_link":["#metricii"],"anchor2":["link1"],"anchor3":["link2"],"anchor4":["Rezultate"],"anchor5":["link4"],"anchor6":["Pre\u021b "],"anchor7":["Costul"],"anchor8":["Contacte"],"anchor9":["link8"],"_edit_lock":["1723126825:2"],"_edit_last":["2"],"_yoast_indexnow_last_ping":["1717578876"],"_yoast_wpseo_keywordsynonyms":["[\"\"]"],"_yoast_wpseo_estimated-reading-time-minutes":["0"],"_yoast_wpseo_wordproof_timestamp":[""],"rank_math_title":["Publicitatea contextual\u0103 Google Ads \u00een Moldova"],"rank_math_description":["Comanda\u021bi publicitatea contextual\u0103 Google Ads \u00een Moldova pentru site-ul dvs. \ud83d\ude80 Vizita\u021bi site-ul nostru pentru a afla pre\u021burile, a citi recenziile \u0219i a ob\u021bine alte detalii."],"rank_math_news_sitemap_robots":["index"],"rank_math_robots":["a:1:{i:0;s:5:\"index\";}"],"rank_math_internal_links_processed":["1"],"rank_math_seo_score":["19"],"list2_0_img":["1083"],"list2_3_img":["1077"],"list4_0_img":["1162"],"list4_3_img":["1166"],"list2_4_img":["1079"],"img3":["1096"],"list9_0_img":["1149"],"list9_1_img":["1151"],"list4_0_img2":["1170"],"list4_3_img2":["1172"],"list9_0_img2":["1176"],"list9_1_img2":["1178"],"_wpml_word_count":["{\"total\":840,\"to_translate\":{\"ru\":840}}"],"_uag_page_assets":["a:9:{s:3:\"css\";s:263:\".uag-blocks-common-selector{z-index:var(--z-index-desktop) !important}@media (max-width: 976px){.uag-blocks-common-selector{z-index:var(--z-index-tablet) !important}}@media (max-width: 767px){.uag-blocks-common-selector{z-index:var(--z-index-mobile) !important}}\n\";s:2:\"js\";s:0:\"\";s:18:\"current_block_list\";a:7:{i:0;s:11:\"core\/search\";i:1;s:10:\"core\/group\";i:2;s:12:\"core\/heading\";i:3;s:17:\"core\/latest-posts\";i:4;s:20:\"core\/latest-comments\";i:5;s:13:\"core\/archives\";i:6;s:15:\"core\/categories\";}s:8:\"uag_flag\";b:0;s:11:\"uag_version\";s:10:\"1777619894\";s:6:\"gfonts\";a:0:{}s:10:\"gfonts_url\";s:0:\"\";s:12:\"gfonts_files\";a:0:{}s:14:\"uag_faq_layout\";b:0;}"],"img1":["504"],"_uag_css_file_name":["uag-css-6032.css"]},"uagb_featured_image_src":{"full":false,"thumbnail":false,"medium":false,"medium_large":false,"large":false,"1536x1536":false,"2048x2048":false,"woocommerce_thumbnail":false,"woocommerce_single":false,"woocommerce_gallery_thumbnail":false},"uagb_author_info":{"display_name":"Rocketseo","author_link":"https:\/\/rocketseo.md\/ro\/author\/rocketseo\/"},"uagb_comment_info":0,"uagb_excerpt":null,"_links":{"self":[{"href":"https:\/\/rocketseo.md\/ro\/wp-json\/wp\/v2\/pages\/6032","targetHints":{"allow":["GET"]}}],"collection":[{"href":"https:\/\/rocketseo.md\/ro\/wp-json\/wp\/v2\/pages"}],"about":[{"href":"https:\/\/rocketseo.md\/ro\/wp-json\/wp\/v2\/types\/page"}],"author":[{"embeddable":true,"href":"https:\/\/rocketseo.md\/ro\/wp-json\/wp\/v2\/users\/2"}],"replies":[{"embeddable":true,"href":"https:\/\/rocketseo.md\/ro\/wp-json\/wp\/v2\/comments?post=6032"}],"version-history":[{"count":10,"href":"https:\/\/rocketseo.md\/ro\/wp-json\/wp\/v2\/pages\/6032\/revisions"}],"predecessor-version":[{"id":6248,"href":"https:\/\/rocketseo.md\/ro\/wp-json\/wp\/v2\/pages\/6032\/revisions\/6248"}],"wp:attachment":[{"href":"https:\/\/rocketseo.md\/ro\/wp-json\/wp\/v2\/media?parent=6032"}],"curies":[{"name":"wp","href":"https:\/\/api.w.org\/{rel}","templated":true}]}}