{"id":5999,"date":"2024-05-22T10:38:10","date_gmt":"2024-05-22T07:38:10","guid":{"rendered":"https:\/\/rocketseo.md\/eliminarea-sanctiunilor-motoarelor-de-cautare\/"},"modified":"2024-06-05T12:10:53","modified_gmt":"2024-06-05T09:10:53","slug":"eliminarea-sanctiunilor-motoarelor-de-cautare","status":"publish","type":"page","link":"https:\/\/rocketseo.md\/ro\/eliminarea-sanctiunilor-motoarelor-de-cautare\/","title":{"rendered":"Eliminarea sanc\u021biunilor motoarelor de c\u0103utare"},"content":{"rendered":"","protected":false},"excerpt":{"rendered":"","protected":false},"author":2,"featured_media":0,"parent":0,"menu_order":0,"comment_status":"closed","ping_status":"closed","template":"template-parts\/page-seo.php","meta":{"_acf_changed":false,"inline_featured_image":false,"_uag_custom_page_level_css":"","footnotes":""},"class_list":["post-5999","page","type-page","status-publish","hentry"],"acf":[],"spectra_custom_meta":{"_alp_processed":["1717578656"],"_wpml_media_duplicate":["1"],"_wpml_media_featured":["1"],"list2":["3"],"list3_0_color":["#F0DFFF"],"list3_1_color":["#F0DFFF"],"list4":["4"],"_title1":["field_661910964860d"],"_text1":["field_6619114a75f01"],"_img1":["field_661910b248612"],"_title2":["field_6619118776999"],"_list2":["field_661911937699a"],"_list3_0_color":["field_66191342dd33b"],"_list3_1_color":["field_66191342dd33b"],"_list2_0_text":["field_661911a07699c"],"_list2_1_text":["field_661911a07699c"],"_list2_2_text":["field_661911a07699c"],"_list3_0_text":["field_6619135bdd33d"],"_list3_1_text":["field_6619135bdd33d"],"_list5_0_text":["field_661916ee78e3a"],"_list5_1_text":["field_661916ee78e3a"],"_list5_2_text":["field_661916ee78e3a"],"_list5_3_text":["field_661916ee78e3a"],"_title3":["field_6619131fdd338"],"_list3":["field_6619133cdd33a"],"_list2_0_img":["field_661911997699b"],"_list2_1_img":["field_661911997699b"],"_list2_2_img":["field_661911997699b"],"_list3_0_title":["field_66191350dd33c"],"_list3_1_title":["field_66191350dd33c"],"_list7_0_title":["field_6619184e78c71"],"_title4":["field_6619149f3afc1"],"_text4":["field_661914a53afc2"],"_list4":["field_661914af3afc3"],"_list4_0_img":["field_661914e53afca"],"list4_1_img":[""],"_list4_1_img":["field_661914e53afca"],"list4_2_img":[""],"_list4_2_img":["field_661914e53afca"],"_list4_3_img":["field_661914e53afca"],"_btn_text1":["field_661910a748610"],"_link1":["field_661910ad48611"],"list1":["2"],"_list1":["field_6619109c4860e"],"list5":["4"],"_list5":["field_661916e778e39"],"_title6":["field_661917bd8ab28"],"_title7":["field_6619183978c6e"],"_title8":["field_6619196500a57"],"_list1_0_title":["field_661910a14860f"],"_list1_1_title":["field_661910a14860f"],"_img3":["field_66191331dd339"],"list4_0_color":["#FFB16C"],"_list4_0_color":["field_661914b63afc4"],"_list4_0_tag":["field_661914c43afc5"],"_list4_0_site":["field_661914c93afc6"],"_list4_0_subtitle":["field_661914cd3afc7"],"_list4_0_x":["field_661914d53afc8"],"_list4_0_text":["field_661914da3afc9"],"list4_1_color":["#cbf2ff"],"_list4_1_color":["field_661914b63afc4"],"_list4_1_tag":["field_661914c43afc5"],"_list4_1_site":["field_661914c93afc6"],"_list4_1_subtitle":["field_661914cd3afc7"],"_list4_1_x":["field_661914d53afc8"],"_list4_1_text":["field_661914da3afc9"],"list4_2_color":["#f0dfff"],"_list4_2_color":["field_661914b63afc4"],"_list4_2_tag":["field_661914c43afc5"],"_list4_2_site":["field_661914c93afc6"],"_list4_2_subtitle":["field_661914cd3afc7"],"_list4_2_x":["field_661914d53afc8"],"_list4_2_text":["field_661914da3afc9"],"list4_3_color":["#c6f27c"],"_list4_3_color":["field_661914b63afc4"],"_list4_3_tag":["field_661914c43afc5"],"_list4_3_site":["field_661914c93afc6"],"_list4_3_subtitle":["field_661914cd3afc7"],"_list4_3_x":["field_661914d53afc8"],"_list4_3_text":["field_661914da3afc9"],"_btn_text4":["field_6619165f88643"],"_link4":["field_6619166988644"],"_title5":["field_661916df78e38"],"_text6":["field_661917c68ab29"],"_btn_text6":["field_661917cc8ab2a"],"_link6":["field_661917d48ab2b"],"_text7":["field_6619184278c6f"],"_list7":["field_6619184878c70"],"_list7_0_text":["field_6619185978c72"],"_text8":["field_6619196b00a58"],"_form8":["field_6619196f00a59"],"_subtitle8":["field_661919e35bb0f"],"list9":["2"],"_title9":["field_66191a111a4aa"],"_list9":["field_66191a191a4ab"],"list9_0_color":["#C6F27C"],"_list9_0_color":["field_66191a271a4ac"],"_list9_0_title":["field_66191a351a4ad"],"_list9_0_text":["field_66191a3c1a4ae"],"_list9_0_btn_text":["field_66191a481a4af"],"_list9_0_link":["field_66191a4f1a4b0"],"_list9_0_img":["field_66191a541a4b1"],"list9_1_color":["#e9f7ff"],"_list9_1_color":["field_66191a271a4ac"],"_list9_1_title":["field_66191a351a4ad"],"_list9_1_text":["field_66191a3c1a4ae"],"_list9_1_btn_text":["field_66191a481a4af"],"_list9_1_link":["field_66191a4f1a4b0"],"_list9_1_img":["field_66191a541a4b1"],"_list4_0_img2":["field_661cd59dddb4b"],"list4_1_img2":[""],"_list4_1_img2":["field_661cd59dddb4b"],"list4_2_img2":[""],"_list4_2_img2":["field_661cd59dddb4b"],"_list4_3_img2":["field_661cd59dddb4b"],"_list9_0_img2":["field_661cd8b790857"],"_list9_1_img2":["field_661cd8b790857"],"_elementor_template_type":[""],"_list1_0_link":["field_663108eda5826"],"_list1_1_link":["field_663108eda5826"],"_anchor2":["field_66472b78c44cb"],"_anchor3":["field_66472b8dc44cc"],"_anchor4":["field_66472b94c44cd"],"_anchor5":["field_66472b9bc44ce"],"_anchor6":["field_66472ba4c44cf"],"_anchor7":["field_66472bb4c44d0"],"_anchor8":["field_66472bbdc44d1"],"_anchor9":["field_66472bc5c44d2"],"block1":["a:1:{i:0;s:29:\"\u041f\u043e\u043a\u0430\u0437\u044b\u0432\u0430\u0442\u044c \u0431\u043b\u043e\u043a\";}"],"_block1":["field_664c28f10b4c5"],"block2":["a:1:{i:0;s:29:\"\u041f\u043e\u043a\u0430\u0437\u044b\u0432\u0430\u0442\u044c \u0431\u043b\u043e\u043a\";}"],"_block2":["field_664c29010b4c6"],"_block3":["field_664c29080b4c7"],"block4":[""],"_block4":["field_664c290e0b4c8"],"block5":["a:1:{i:0;s:29:\"\u041f\u043e\u043a\u0430\u0437\u044b\u0432\u0430\u0442\u044c \u0431\u043b\u043e\u043a\";}"],"_block5":["field_664c29140b4c9"],"block6":[""],"_block6":["field_664c291a0b4ca"],"block7":["a:1:{i:0;s:29:\"\u041f\u043e\u043a\u0430\u0437\u044b\u0432\u0430\u0442\u044c \u0431\u043b\u043e\u043a\";}"],"_block7":["field_664c29210b4cb"],"_block8":["field_664c29260b4cc"],"block9":["a:1:{i:0;s:29:\"\u041f\u043e\u043a\u0430\u0437\u044b\u0432\u0430\u0442\u044c \u0431\u043b\u043e\u043a\";}"],"_block9":["field_664c292c0b4cd"],"_wp_page_template":["template-parts\/page-seo.php"],"_last_translation_edit_mode":["native-editor"],"_yoast_wpseo_title":["Eliminarea sanc\u021biunilor motoarelor de c\u0103utare \ud83d\udd1d RocketSEO \u00een Chi\u0219in\u0103u, Moldova"],"_yoast_wpseo_metadesc":["Site-ul dvs. a fost sanc\u021bionat de un motor de c\u0103utare? RocketSEO v\u0103 va ajuta s\u0103 \u00een\u021belege\u021bi motivul! Vom dezvolta o strategie individual\u0103 \u0219i vom restabili traficul \u0219i pozi\u021biile site-ului. Detalii \u0219i comand\u0103 servicii pe site."],"_yoast_wpseo_focuskeywords":["[]"],"title1":["Eliminarea sanc\u021biunilor motoarelor de c\u0103utare"],"text1":["Restabilim cu grij\u0103 site-urile dup\u0103 ce au primit sanc\u021biuni de la Google. Identific\u0103m cauzele \u0219i implement\u0103m m\u0103suri complexe pentru a preveni viitoarele probleme.  "],"title2":["Cum s\u0103 \u00een\u021beleg c\u0103 site-ul meu a fost sub filtrare? \r\n"],"list2_0_text":["<span style=\"font-weight: 400;\">Sc\u0103dere foarte brusc\u0103 a traficului din motoarele de c\u0103utare<\/span>"],"list2_1_text":["<span style=\"font-weight: 400;\">Site-ul a \u00eencetat s\u0103 se afi\u0219eze sau s\u0103 primeasc\u0103 trafic din Google<\/span>"],"list2_2_text":["<span style=\"font-weight: 400;\">Site-ul a sc\u0103zut semnificativ sau a disp\u0103rut pentru cuvintele cheie importante<\/span>"],"list5_0_text":["&nbsp;\r\n\r\n<b>Identificarea problemei<\/b><span style=\"font-weight: 400;\"> Analiz\u0103m linkurile, con\u021binutul, structura \u0219i al\u021bi parametri ai site-ului pentru a identifica cauzele sanc\u021biunilor.<\/span>"],"list5_1_text":["<b>Corectarea problemei<\/b><span style=\"font-weight: 400;\">. Pe baza problemelor identificate, \u00eentocmim o list\u0103 de lucr\u0103ri necesare. <\/span>"],"list5_2_text":["<b>Eliminarea sanc\u021biunilor<\/b><span style=\"font-weight: 400;\"> Trimitem o cerere de reconsiderare la Google \u0219i a\u0219tept\u0103m un r\u0103spuns \u00een termen de 3 zile.<\/span>"],"list5_3_text":["<b>Restabilirea site-ului<\/b><span style=\"font-weight: 400;\"> Dup\u0103 eliminarea sanc\u021biunilor, site-ul revine \u00een rezultatele c\u0103ut\u0103rii, iar traficul se restabile\u0219te treptat.<\/span>"],"title3":["Cum se desf\u0103\u0219oar\u0103 procesul de eliminare a sanc\u021biunilor?"],"list3_0_title":["Vom efectua toate lucr\u0103rile necesare pentru a elimina sanc\u021biunile motoarelor de c\u0103utare de pe site-ul dvs., impuse pentru \u00eenc\u0103lcarea regulilor de calitate sau utilizarea metodelor interzise de promovare \u00een Google."],"list3_1_title":["La proiectul dvs. va lucra o echip\u0103 de speciali\u0219ti SEO cu peste 16 ani de experien\u021b\u0103, care au scos cu succes de sub sanc\u021biuni site-uri din cele mai dificile domenii."],"list7_0_title":["De ce a fost site-ul meu sub filtrare? "],"title4":["Rezultatele clien\u021bilor no\u0219tri \u00een cifre"],"text4":["De peste 16 ani ajut\u0103m diverse companii s\u0103 creasc\u0103 \r\ncererea pentru serviciile \u0219i produsele lor"],"btn_text1":["Comand\u0103 serviciul"],"link1":["#Contacte"],"title6":["#Costul promov\u0103rii SEO"],"title7":["#\u00centreb\u0103ri \u0219i R\u0103spunsuri"],"title8":["Zbur\u0103m \u00eempreun\u0103 \u00een TOP?"],"list1_0_title":["#De ce a fost site-ul sub filtrare"],"list1_1_title":["#Garantii pentru ridicarea sanctiunilor"],"list4_0_tag":["#SEO"],"list4_0_site":["Sanatate.md"],"list4_0_subtitle":["Cre\u0219terea traficului organic"],"list4_0_x":["x42"],"list4_0_text":["De la 187 la 7920 de vizitatori unici \r\npe zi \u00een 9 luni"],"list4_1_tag":["#SEO"],"list4_1_site":["Dentavita.md"],"list4_1_subtitle":["Cre\u0219terea traficului organic"],"list4_1_x":["x6"],"list4_1_text":["De la 60 la 350 de vizitatori unici \r\npe zi \u00een 4 luni"],"list4_2_tag":["#SEO"],"list4_2_site":["Tandem.md"],"list4_2_subtitle":["Cre\u0219terea traficului organic"],"list4_2_x":["x3"],"list4_2_text":["De la 3052 la 8752 de vizitatori unici \r\n\u00een 9 luni"],"list4_3_tag":["#SEO"],"list4_3_site":["NDA Australia project"],"list4_3_subtitle":["Cre\u0219terea traficului organic"],"list4_3_x":["x38"],"list4_3_text":["De la 40 la 1500 de vizitatori unici \r\n\u00een 9 luni"],"btn_text4":["Vreau \u0219i eu"],"link4":["#form"],"title5":["Cum se desf\u0103\u0219oar\u0103 procesul ? "],"text6":["Costul mediu al promov\u0103rii SEO este \u00eentre <strong>600 <\/strong> \u0219i <strong>1500<\/strong> de euro pe lun\u0103\r\n\r\n*Onorariu FIX al echipei noastre, pre\u021bul este <strong>f\u0103r\u0103 TVA<\/strong>"],"btn_text6":["Comand\u0103 o consultare"],"link6":["#form"],"text7":["S\u0103 \u00een\u021belegem detaliile"],"list7_0_text":["<span style=\"font-weight: 400;\">Dac\u0103 ini\u021bial nu a\u021bi \u00eencercat s\u0103 manipula\u021bi motorul de c\u0103utare, atunci cel mai probabil cauzele sanc\u021biunilor pot fi urm\u0103toarele: Con\u021binut de calitate slab\u0103 Linkuri nesigure Lipsa unei conexiuni securizate Neadaptarea site-ului pentru dispozitive mobile<\/span>\r\n\r\n<span style=\"font-weight: 400;\">Ca rezultat al acestor probleme, site-ul pierde pozi\u021bii \u00een rezultatele c\u0103ut\u0103rii, ceea ce duce la sc\u0103derea traficului \u0219i a \u00eencrederii utilizatorilor \u00een site. Situa\u021bia poate fi critic\u0103, dar poate fi corectat\u0103 printr-o analiz\u0103 complex\u0103 \u0219i o optimizare corespunz\u0103toare a site-ului. <\/span>"],"text8":["Suntem bucuro\u0219i s\u0103 v\u0103 ajut\u0103m!"],"form8":["[contact-form-7 id=\"a9c2e34\" title=\"Formular de contact Acas\u0103\"]"],"subtitle8":["Cerere pentru promovare"],"title9":["Posibil s\u0103 fi\u021bi interesat de alte \r\nserviciile noastre"],"list9_0_title":["SEO \u00een etapa de dezvoltare"],"list9_0_text":["Ob\u021bine\u021bi rezultate rapide cu un \u00eenceput rapid chiar acum \u0219i aici."],"list9_0_btn_text":["Mai multe detalii"],"list9_0_link":["https:\/\/rocketseo.md\/ro\/seo-in-etapa-de-dezvoltare\/"],"list9_1_title":["Audit tehnic"],"list9_1_text":["Identificarea tuturor punctelor dureroase ale site-ului dvs"],"list9_1_btn_text":["Mai multe detalii"],"list9_1_link":["https:\/\/rocketseo.md\/ro\/audit-tehnic\/"],"list1_0_link":["#\u00centreb\u0103ri \u0219i r\u0103spunsuri"],"list1_1_link":["#Garan\u021bii"],"anchor2":["link1"],"anchor3":["Garan\u021bii"],"anchor4":["Rezultate"],"anchor5":["link4"],"anchor6":["link5"],"anchor7":["\u00centreb\u0103ri \u0219i r\u0103spunsuri"],"anchor8":["Contacte"],"anchor9":["link8"],"_edit_lock":["1718112571:2"],"_edit_last":["2"],"_yoast_indexnow_last_ping":["1717578654"],"list3_0_text":[""],"list3_1_text":[""],"_yoast_wpseo_keywordsynonyms":["[\"\"]"],"_yoast_wpseo_estimated-reading-time-minutes":["0"],"_yoast_wpseo_wordproof_timestamp":[""],"block8":["a:1:{i:0;s:29:\"\u041f\u043e\u043a\u0430\u0437\u044b\u0432\u0430\u0442\u044c \u0431\u043b\u043e\u043a\";}"],"list3_2_color":["#F0DFFF"],"list3":["3"],"_list3_2_color":["field_66191342dd33b"],"_list3_2_text":["field_6619135bdd33d"],"_list3_2_title":["field_66191350dd33c"],"_list7_1_title":["field_6619184e78c71"],"list7":["2"],"_list7_1_text":["field_6619185978c72"],"block3":[""],"list3_2_title":[""],"list3_2_text":[""],"list7_1_title":["De ce s\u0103 alege\u021bi RocketSEO pentru a elimina sanc\u021biunile?"],"list7_1_text":["Vom efectua toate lucr\u0103rile necesare pentru a elimina de pe site-ul dvs. sanc\u021biunile motoarelor de c\u0103utare care au fost impuse pentru \u00eenc\u0103lcarea regulilor de calitate sau pentru utilizarea metodelor interzise de promovare pe Google.\r\n\r\nO echip\u0103 de speciali\u0219ti SEO cu experien\u021b\u0103 cu peste 16 ani de experien\u021b\u0103 care au eliminat cu succes site-urile web cu cele mai complexe subiecte din sanc\u021biuni va lucra la proiectul t\u0103u."],"img1":["1065"],"list2_0_img":["1075"],"list2_1_img":["1077"],"list2_2_img":["1081"],"list4_0_img":["1162"],"list4_3_img":["1166"],"img3":["1096"],"list9_0_img":["1149"],"list9_1_img":["1151"],"list4_0_img2":["1170"],"list4_3_img2":["1172"],"list9_0_img2":["1176"],"list9_1_img2":["1178"],"rank_math_title":["Eliminarea sanc\u021biunilor motoarelor de c\u0103utare \ud83d\udd1d RocketSEO \u00een Chi\u0219in\u0103u, Moldova"],"rank_math_description":["Site-ul dvs. a fost sanc\u021bionat de un motor de c\u0103utare? RocketSEO v\u0103 va ajuta s\u0103 \u00een\u021belege\u021bi motivul! Vom dezvolta o strategie individual\u0103 \u0219i vom restabili traficul \u0219i pozi\u021biile site-ului. Detalii \u0219i comand\u0103 servicii pe site."],"rank_math_news_sitemap_robots":["index"],"rank_math_robots":["a:1:{i:0;s:5:\"index\";}"],"rank_math_internal_links_processed":["1"],"_wpml_word_count":["{\"total\":699,\"to_translate\":{\"ru\":699}}"],"_uag_page_assets":["a:9:{s:3:\"css\";s:263:\".uag-blocks-common-selector{z-index:var(--z-index-desktop) !important}@media (max-width: 976px){.uag-blocks-common-selector{z-index:var(--z-index-tablet) !important}}@media (max-width: 767px){.uag-blocks-common-selector{z-index:var(--z-index-mobile) !important}}\n\";s:2:\"js\";s:0:\"\";s:18:\"current_block_list\";a:7:{i:0;s:11:\"core\/search\";i:1;s:10:\"core\/group\";i:2;s:12:\"core\/heading\";i:3;s:17:\"core\/latest-posts\";i:4;s:20:\"core\/latest-comments\";i:5;s:13:\"core\/archives\";i:6;s:15:\"core\/categories\";}s:8:\"uag_flag\";b:0;s:11:\"uag_version\";s:10:\"1777619894\";s:6:\"gfonts\";a:0:{}s:10:\"gfonts_url\";s:0:\"\";s:12:\"gfonts_files\";a:0:{}s:14:\"uag_faq_layout\";b:0;}"],"_uag_css_file_name":["uag-css-5999.css"]},"uagb_featured_image_src":{"full":false,"thumbnail":false,"medium":false,"medium_large":false,"large":false,"1536x1536":false,"2048x2048":false,"woocommerce_thumbnail":false,"woocommerce_single":false,"woocommerce_gallery_thumbnail":false},"uagb_author_info":{"display_name":"Rocketseo","author_link":"https:\/\/rocketseo.md\/ro\/author\/rocketseo\/"},"uagb_comment_info":0,"uagb_excerpt":null,"_links":{"self":[{"href":"https:\/\/rocketseo.md\/ro\/wp-json\/wp\/v2\/pages\/5999","targetHints":{"allow":["GET"]}}],"collection":[{"href":"https:\/\/rocketseo.md\/ro\/wp-json\/wp\/v2\/pages"}],"about":[{"href":"https:\/\/rocketseo.md\/ro\/wp-json\/wp\/v2\/types\/page"}],"author":[{"embeddable":true,"href":"https:\/\/rocketseo.md\/ro\/wp-json\/wp\/v2\/users\/2"}],"replies":[{"embeddable":true,"href":"https:\/\/rocketseo.md\/ro\/wp-json\/wp\/v2\/comments?post=5999"}],"version-history":[{"count":7,"href":"https:\/\/rocketseo.md\/ro\/wp-json\/wp\/v2\/pages\/5999\/revisions"}],"predecessor-version":[{"id":6162,"href":"https:\/\/rocketseo.md\/ro\/wp-json\/wp\/v2\/pages\/5999\/revisions\/6162"}],"wp:attachment":[{"href":"https:\/\/rocketseo.md\/ro\/wp-json\/wp\/v2\/media?parent=5999"}],"curies":[{"name":"wp","href":"https:\/\/api.w.org\/{rel}","templated":true}]}}