{"id":5936,"date":"2024-05-21T16:01:18","date_gmt":"2024-05-21T13:01:18","guid":{"rendered":"https:\/\/rocketseo.md\/analiza-nisei-si-strategia-seo\/"},"modified":"2024-06-05T12:09:39","modified_gmt":"2024-06-05T09:09:39","slug":"analiza-nisei-si-strategia-seo","status":"publish","type":"page","link":"https:\/\/rocketseo.md\/ro\/analiza-nisei-si-strategia-seo\/","title":{"rendered":"Analiza ni\u0219ei \u0219i strategia SEO"},"content":{"rendered":"","protected":false},"excerpt":{"rendered":"","protected":false},"author":2,"featured_media":0,"parent":0,"menu_order":0,"comment_status":"closed","ping_status":"closed","template":"template-parts\/page-seo.php","meta":{"_acf_changed":false,"inline_featured_image":false,"_uag_custom_page_level_css":"","footnotes":""},"class_list":["post-5936","page","type-page","status-publish","hentry"],"acf":[],"spectra_custom_meta":{"_alp_processed":["1717578580"],"_wpml_media_duplicate":["1"],"_wpml_media_featured":["1"],"list2":["6"],"list3_0_color":["#F0DFFF"],"list3_1_color":["#F0DFFF"],"list3":["2"],"list4":["4"],"_title1":["field_661910964860d"],"_text1":["field_6619114a75f01"],"_img1":["field_661910b248612"],"_title2":["field_6619118776999"],"_list2":["field_661911937699a"],"_list3_0_color":["field_66191342dd33b"],"_list3_1_color":["field_66191342dd33b"],"_list2_0_text":["field_661911a07699c"],"_list2_1_text":["field_661911a07699c"],"_list2_2_text":["field_661911a07699c"],"_list3_0_text":["field_6619135bdd33d"],"_list3_1_text":["field_6619135bdd33d"],"_list5_0_text":["field_661916ee78e3a"],"_list5_1_text":["field_661916ee78e3a"],"_list5_2_text":["field_661916ee78e3a"],"_list5_3_text":["field_661916ee78e3a"],"_list2_3_text":["field_661911a07699c"],"_list2_4_text":["field_661911a07699c"],"_title3":["field_6619131fdd338"],"_list3":["field_6619133cdd33a"],"_list2_0_img":["field_661911997699b"],"_list2_1_img":["field_661911997699b"],"_list2_2_img":["field_661911997699b"],"_list2_3_img":["field_661911997699b"],"_list3_0_title":["field_66191350dd33c"],"_list3_1_title":["field_66191350dd33c"],"_list7_0_title":["field_6619184e78c71"],"_list7_1_title":["field_6619184e78c71"],"_list7_2_title":["field_6619184e78c71"],"_title4":["field_6619149f3afc1"],"_text4":["field_661914a53afc2"],"_list4":["field_661914af3afc3"],"_list4_0_img":["field_661914e53afca"],"list4_1_img":[""],"_list4_1_img":["field_661914e53afca"],"list4_2_img":[""],"_list4_2_img":["field_661914e53afca"],"_list4_3_img":["field_661914e53afca"],"_btn_text1":["field_661910a748610"],"_link1":["field_661910ad48611"],"_list1":["field_6619109c4860e"],"list5":["9"],"_list5":["field_661916e778e39"],"_title6":["field_661917bd8ab28"],"_title7":["field_6619183978c6e"],"_title8":["field_6619196500a57"],"_list2_4_img":["field_661911997699b"],"_list2_5_img":["field_661911997699b"],"_list2_5_text":["field_661911a07699c"],"_img3":["field_66191331dd339"],"list4_0_color":["#FFB16C"],"_list4_0_color":["field_661914b63afc4"],"_list4_0_tag":["field_661914c43afc5"],"_list4_0_site":["field_661914c93afc6"],"_list4_0_subtitle":["field_661914cd3afc7"],"_list4_0_x":["field_661914d53afc8"],"_list4_0_text":["field_661914da3afc9"],"list4_1_color":["#cbf2ff"],"_list4_1_color":["field_661914b63afc4"],"_list4_1_tag":["field_661914c43afc5"],"_list4_1_site":["field_661914c93afc6"],"_list4_1_subtitle":["field_661914cd3afc7"],"_list4_1_x":["field_661914d53afc8"],"_list4_1_text":["field_661914da3afc9"],"list4_2_color":["#f0dfff"],"_list4_2_color":["field_661914b63afc4"],"_list4_2_tag":["field_661914c43afc5"],"_list4_2_site":["field_661914c93afc6"],"_list4_2_subtitle":["field_661914cd3afc7"],"_list4_2_x":["field_661914d53afc8"],"_list4_2_text":["field_661914da3afc9"],"list4_3_color":["#c6f27c"],"_list4_3_color":["field_661914b63afc4"],"_list4_3_tag":["field_661914c43afc5"],"_list4_3_site":["field_661914c93afc6"],"_list4_3_subtitle":["field_661914cd3afc7"],"_list4_3_x":["field_661914d53afc8"],"_list4_3_text":["field_661914da3afc9"],"_btn_text4":["field_6619165f88643"],"_link4":["field_6619166988644"],"_title5":["field_661916df78e38"],"_list5_4_text":["field_661916ee78e3a"],"_list5_5_text":["field_661916ee78e3a"],"_list5_6_text":["field_661916ee78e3a"],"_list5_7_text":["field_661916ee78e3a"],"_list5_8_text":["field_661916ee78e3a"],"_text6":["field_661917c68ab29"],"_btn_text6":["field_661917cc8ab2a"],"_link6":["field_661917d48ab2b"],"_text7":["field_6619184278c6f"],"_list7":["field_6619184878c70"],"_list7_0_text":["field_6619185978c72"],"_list7_1_text":["field_6619185978c72"],"_list7_2_text":["field_6619185978c72"],"_text8":["field_6619196b00a58"],"_form8":["field_6619196f00a59"],"_subtitle8":["field_661919e35bb0f"],"list9":["2"],"_title9":["field_66191a111a4aa"],"_list9":["field_66191a191a4ab"],"list9_0_color":["#C6F27C"],"_list9_0_color":["field_66191a271a4ac"],"_list9_0_title":["field_66191a351a4ad"],"_list9_0_text":["field_66191a3c1a4ae"],"_list9_0_btn_text":["field_66191a481a4af"],"_list9_0_link":["field_66191a4f1a4b0"],"_list9_0_img":["field_66191a541a4b1"],"list9_1_color":["#e9f7ff"],"_list9_1_color":["field_66191a271a4ac"],"_list9_1_title":["field_66191a351a4ad"],"_list9_1_text":["field_66191a3c1a4ae"],"_list9_1_btn_text":["field_66191a481a4af"],"_list9_1_link":["field_66191a4f1a4b0"],"_list9_1_img":["field_66191a541a4b1"],"_list4_0_img2":["field_661cd59dddb4b"],"list4_1_img2":[""],"_list4_1_img2":["field_661cd59dddb4b"],"list4_2_img2":[""],"_list4_2_img2":["field_661cd59dddb4b"],"_list4_3_img2":["field_661cd59dddb4b"],"_list9_0_img2":["field_661cd8b790857"],"_list9_1_img2":["field_661cd8b790857"],"_elementor_template_type":[""],"_anchor2":["field_66472b78c44cb"],"_anchor3":["field_66472b8dc44cc"],"_anchor4":["field_66472b94c44cd"],"_anchor5":["field_66472b9bc44ce"],"_anchor6":["field_66472ba4c44cf"],"_anchor7":["field_66472bb4c44d0"],"_anchor8":["field_66472bbdc44d1"],"_anchor9":["field_66472bc5c44d2"],"block1":["a:1:{i:0;s:29:\"\u041f\u043e\u043a\u0430\u0437\u044b\u0432\u0430\u0442\u044c \u0431\u043b\u043e\u043a\";}"],"_block1":["field_664c28f10b4c5"],"block2":[""],"_block2":["field_664c29010b4c6"],"_block3":["field_664c29080b4c7"],"block4":[""],"_block4":["field_664c290e0b4c8"],"block5":["a:1:{i:0;s:29:\"\u041f\u043e\u043a\u0430\u0437\u044b\u0432\u0430\u0442\u044c \u0431\u043b\u043e\u043a\";}"],"_block5":["field_664c29140b4c9"],"block6":["a:1:{i:0;s:29:\"\u041f\u043e\u043a\u0430\u0437\u044b\u0432\u0430\u0442\u044c \u0431\u043b\u043e\u043a\";}"],"_block6":["field_664c291a0b4ca"],"block7":["a:1:{i:0;s:29:\"\u041f\u043e\u043a\u0430\u0437\u044b\u0432\u0430\u0442\u044c \u0431\u043b\u043e\u043a\";}"],"_block7":["field_664c29210b4cb"],"block8":["a:1:{i:0;s:29:\"\u041f\u043e\u043a\u0430\u0437\u044b\u0432\u0430\u0442\u044c \u0431\u043b\u043e\u043a\";}"],"_block8":["field_664c29260b4cc"],"block9":["a:1:{i:0;s:29:\"\u041f\u043e\u043a\u0430\u0437\u044b\u0432\u0430\u0442\u044c \u0431\u043b\u043e\u043a\";}"],"_block9":["field_664c292c0b4cd"],"_wp_page_template":["template-parts\/page-seo.php"],"_edit_lock":["1757678555:4"],"_edit_last":["2"],"_yoast_indexnow_last_ping":["1717578548"],"_last_translation_edit_mode":["native-editor"],"_yoast_wpseo_keywordsynonyms":["[\"\"]"],"_yoast_wpseo_estimated-reading-time-minutes":["0"],"_yoast_wpseo_wordproof_timestamp":[""],"_list7_3_title":["field_6619184e78c71"],"list1":["2"],"_list1_0_title":["field_661910a14860f"],"_list1_1_title":["field_661910a14860f"],"list7":["4"],"_list7_3_text":["field_6619185978c72"],"_list1_0_link":["field_663108eda5826"],"_list1_1_link":["field_663108eda5826"],"block3":[""],"_yoast_wpseo_title":["Analiz\u0103 de ni\u0219\u0103 \u0219i strategie SEO de la RocketSEO \u00een Chi\u0219in\u0103u \u0219i Moldova \ud83d\udd1d"],"_yoast_wpseo_metadesc":["Analiza de ni\u0219\u0103 \u0219i strategia SEO de la RocketSEO vor ar\u0103ta \u00een mod clar traficul poten\u021bial total pe ni\u0219a dvs. pe care \u00eel pute\u021bi primi. Vom analiza concuren\u021bii t\u0103i \u0219i vom identifica p\u00e2n\u0103 la 20 de puncte de cre\u0219tere. Analizeaz\u0103 pentru a cre\u0219te cu RocketSEO!"],"_yoast_wpseo_focuskeywords":["[]"],"title1":["Analiza ni\u0219ei \u0219i strategia SEO"],"text1":["Determin\u0103m volumul de trafic \u00een ni\u0219a dvs., precum \u0219i al concuren\u021bilor dvs. Identific\u0103m punctele de cre\u0219tere, dezvolt\u0103m o strategie SEO personalizat\u0103 care va aduce rezultate. "],"title2":["Probleme cu care \r\n\r\nne confrunt\u0103m"],"list2_0_text":["<strong>Lipsa traficului<\/strong> din motoarele de c\u0103utare"],"list2_1_text":["Trafic, care <strong>nu genereaz\u0103 <\/strong> conversii de pe site"],"list2_2_text":["O mul\u021bime de <strong>erori tehnice <\/strong>"],"list3_0_text":["<span style=\"font-weight: 400;\">Analiza ni\u0219ei \u0219i strategia SEO const\u0103 \u00een studiul detaliat al ni\u0219ei proiectului, al cuvintelor cheie \u0219i al concuren\u021bilor afacerii dvs. pe Google. <\/span>\r\n\r\n<span style=\"font-weight: 400;\">Pe baza faptelor, cre\u0103m o strategie de promovare personalizat\u0103, incluz\u00e2nd campanii de marketing de con\u021binut \u0219i link building.<\/span>\r\n\r\n<b><i>Ve\u021bi ob\u021bine un plan detaliat doar cu lucr\u0103rile SEO care sunt cu adev\u0103rat necesare pentru afacerea dvs.<\/i><\/b>"],"list3_1_text":["<span style=\"font-weight: 400;\">Pe baza tuturor faptelor din analiz\u0103, vom crea o strategie care va fi cu adev\u0103rat necesar\u0103 pentru afacerea dvs. <\/span>\r\n\r\n<span style=\"font-weight: 400;\">\u00cen lucr\u0103rile SEO vor fi incluse doar acele lucr\u0103ri care sunt necesare. Ve\u021bi fi siguri c\u0103 pe canalul SEO v\u0103 deplasa\u021bi \u0219i lucra\u021bi doar la lucrurile necesare.<\/span>\r\n\r\n<b>Cunosc\u00e2nd drumul pe canalul SEO, ve\u021bi putea s\u0103 v\u0103 baza\u021bi pe cifre \u0219i fapte, nu pe opinii.<\/b>"],"list5_0_text":["<b>Evaluarea traficului poten\u021bial total \u0219i a volumului ni\u0219ei<\/b>\r\n\r\n<span style=\"font-weight: 400;\">Ve\u021bi afla c\u00e2t trafic din motoarele de c\u0103utare este \u00een ni\u0219a dvs., \u00een anumite \u021b\u0103ri, pentru cereri comerciale \u0219i informa\u021bionale cheie.<\/span>"],"list5_1_text":["<b>C\u00e2t trafic este \u00een direc\u021biile prioritare<\/b>\r\n\r\n<span style=\"font-weight: 400;\">C\u00e2t trafic \u0219i profit posibil pierde\u021bi neexploat\u00e2nd direc\u021biile profitabile pentru companie pe canalul SEO. <\/span>"],"list5_2_text":["<span style=\"font-weight: 400;\">Analiza comparativ\u0103 a concuren\u021bilor\r\n<\/span> <span style=\"font-weight: 400;\">Tabel cu o compara\u021bie detaliat\u0103 a site-ului dvs. \u0219i a site-urilor principalelor dvs. concuren\u021bi \u00een ceea ce prive\u0219te volumul de trafic, num\u0103rul de cuvinte cheie \u0219i calitatea profilului link-ului.<\/span>"],"list5_3_text":["<span style=\"font-weight: 400;\">Datele concuren\u021bilor despre cele mai vizitate pagini.\r\n<\/span> <span style=\"font-weight: 400;\">Noile dvs. posibile puncte de cre\u0219tere, \u00een\u021belegerea motivului pentru care ace\u0219tia au un succes at\u00e2t de mare sau un volum at\u00e2t de mare \u00een aceast\u0103 direc\u021bie.<\/span>"],"list2_3_text":["<strong>Sc\u0103derea brusc\u0103 a traficului <\/strong> dup\u0103 efectuarea modific\u0103rilor"],"list2_4_text":["<strong>Lipsa rezultatelor <\/strong> \u0219i a transparen\u021bei contractorului"],"title3":["Ce este analiza ni\u0219ei \u0219i strategia SEO?"],"list3_0_title":["Grija maxim\u0103 pentru rezultat"],"list3_1_title":["Strategia SEO de promovare"],"list7_0_title":["Ce este analiza ni\u0219ei \u0219i strategia SEO?"],"list7_1_title":["Cui i se potrive\u0219te strategia SEO?"],"list7_2_title":["Pute\u021bi face o strategie SEO pentru SUA?"],"list7_3_title":["Pute\u021bi face o strategie de v\u00e2nzare a instala\u021biilor de foraj petrolier pe pia\u021ba arab\u0103?"],"title4":["Rezultatele clien\u021bilor no\u0219tri \u00een cifre"],"text4":["De peste 16 ani ajut\u0103m diverse companii s\u0103 creasc\u0103 \r\ncererea pentru serviciile \u0219i produsele lor"],"btn_text1":["Comand\u0103 serviciul"],"link1":["#Contacte"],"title6":["C\u00e2t cost\u0103 o analiz\u0103 de ni\u0219\u0103 \u0219i o strategie SEO?"],"title7":["#\u00centreb\u0103ri \u0219i R\u0103spunsuri"],"title8":["Zbur\u0103m \u00eempreun\u0103 \u00een TOP?"],"list1_0_title":["#Pentru cine este potrivit\u0103 o strategie SEO?"],"list1_1_title":["#C\u00e2t cost\u0103 o strategie SEO?"],"list2_5_text":["Audit \u0219i optimizare <strong>\u00eenainte de lansarea<\/strong> unui nou <strong>proiect<\/strong>"],"list4_0_tag":["#SEO"],"list4_0_site":["Sanatate.md"],"list4_0_subtitle":["Cre\u0219terea traficului organic"],"list4_0_x":["x42"],"list4_0_text":["De la 187 la 7920 de vizitatori unici \r\npe zi \u00een 9 luni"],"list4_1_tag":["#SEO"],"list4_1_site":["Dentavita.md"],"list4_1_subtitle":["Cre\u0219terea traficului organic"],"list4_1_x":["x6"],"list4_1_text":["De la 60 la 350 de vizitatori unici \r\npe zi \u00een 4 luni"],"list4_2_tag":["#SEO"],"list4_2_site":["Tandem.md"],"list4_2_subtitle":["Cre\u0219terea traficului organic"],"list4_2_x":["x3"],"list4_2_text":["De la 3052 la 8752 de vizitatori unici \r\n\u00een 9 luni"],"list4_3_tag":["#SEO"],"list4_3_site":["NDA Australia project"],"list4_3_subtitle":["Cre\u0219terea traficului organic"],"list4_3_x":["x38"],"list4_3_text":["De la 40 la 1500 de vizitatori unici \r\n\u00een 9 luni"],"btn_text4":["Vreau \u0219i eu"],"link4":["#form"],"title5":["Ce vei primi?"],"list5_4_text":["<strong><b>Cele mai populare pagini comerciale ale concuren\u021bilor<\/b><\/strong>"],"list5_5_text":["<span style=\"font-weight: 400;\">Compara\u021bie \u00eentre dvs. \u0219i concuren\u021bi pe cererile de top<\/span>"],"list5_6_text":["<b>Strategia de link building \u0219i bugetul lunar necesar pentru linkuri<\/b>"],"list5_7_text":["<b>Volumul lunar necesar de con\u021binut publicat<\/b>"],"list5_8_text":["<span style=\"font-weight: 400;\">Identificarea punctelor rapide de cre\u0219tere din canalul SEO\r\n<\/span><span style=\"font-weight: 400;\">Vom ar\u0103ta p\u00e2n\u0103 la 20 de puncte rapide de cre\u0219tere care pot fi atinse \u00een 2 p\u00e2n\u0103 la 6 s\u0103pt\u0103m\u00e2ni<\/span>"],"text6":["*<span style=\"font-weight: 400;\">Analiza ni\u0219ei \u0219i strategia SEO<\/span> de la <strong>8<\/strong><strong>00 <\/strong> p\u00e2n\u0103 la <strong>1500 euro*<\/strong>\r\n\r\n*Onorariu FIX al echipei noastre, pre\u021bul este <strong>f\u0103r\u0103 TVA<\/strong>"],"btn_text6":["Comand\u0103 o consultare"],"link6":["#Contacte"],"text7":["S\u0103 \u00een\u021belegem detaliile"],"list7_0_text":["<span style=\"font-weight: 400;\">Analiza ni\u0219ei \u0219i strategia SEO const\u0103 \u00een studiul detaliat al ni\u0219ei proiectului, al cuvintelor cheie \u0219i al concuren\u021bilor afacerii dvs. pe Google. <\/span>\r\n\r\n<span style=\"font-weight: 400;\">Pe baza faptelor, cre\u0103m o strategie de promovare personalizat\u0103, incluz\u00e2nd campanii de marketing de con\u021binut \u0219i link building.<\/span>\r\n\r\n<b><i>Ve\u021bi ob\u021bine un plan detaliat doar cu lucr\u0103rile SEO care sunt cu adev\u0103rat necesare pentru afacerea dvs.<\/i><\/b>"],"list7_1_text":["<span style=\"font-weight: 400;\">Strategia SEO este relevant\u0103 pentru aproape orice afacere care este prezent\u0103 online \u0219i poate primi trafic din motoarele de c\u0103utare. <\/span>"],"list7_2_text":["<span style=\"font-weight: 400;\">Da, desigur. Suntem capabili s\u0103 facem strategii pentru cele mai exclusive \u021b\u0103ri \u0219i domenii. <\/span>"],"list7_3_text":["<span style=\"font-weight: 400;\">Da, avem exemple realizate de strategii pentru lumea arab\u0103.<\/span>"],"text8":["Suntem bucuro\u0219i s\u0103 v\u0103 ajut\u0103m!"],"form8":["[contact-form-7 id=\"a9c2e34\" title=\"Formular de contact Acas\u0103\"]"],"subtitle8":["Aplica\u021bie pentru analiza de ni\u0219\u0103"],"title9":["Posibil s\u0103 fi\u021bi interesat de alte \r\nserviciile noastre"],"list9_0_title":["Dezvoltare site"],"list9_0_text":["Ob\u021bine\u021bi rezultate rapide cu un \u00eenceput rapid chiar acum \u0219i aici."],"list9_0_btn_text":["Mai multe detalii"],"list9_0_link":["https:\/\/rocketseo.md\/ro\/creare-site-web\/"],"list9_1_title":["Audit tehnic"],"list9_1_text":["Oferim protec\u021bie \u0219i suport pentru site-urile dvs. Audit tehnic pentru a identifica toate problemele"],"list9_1_btn_text":["Mai multe detalii"],"list9_1_link":["https:\/\/rocketseo.md\/ro\/audit-tehnic\/"],"list1_0_link":["#\u00centreb\u0103ri"],"list1_1_link":["#Pre\u021b"],"anchor2":["link1"],"anchor3":["link2"],"anchor4":["Rezultate"],"anchor5":["link4"],"anchor6":["Pre\u021b"],"anchor7":["\u00centreb\u0103ri"],"anchor8":["Contacte"],"anchor9":["link8"],"img1":["1065"],"list2_0_img":["1075"],"list2_1_img":["1077"],"list2_2_img":["1079"],"list2_3_img":["1081"],"list4_0_img":["1162"],"list4_3_img":["1166"],"list2_4_img":["1083"],"list2_5_img":["1085"],"img3":["1096"],"list9_0_img":["1149"],"list9_1_img":["1151"],"list4_0_img2":["1170"],"list4_3_img2":["1172"],"list9_0_img2":["1176"],"list9_1_img2":["1178"],"rank_math_title":["Analiz\u0103 de ni\u0219\u0103 \u0219i strategie SEO de la RocketSEO \u00een Chi\u0219in\u0103u \u0219i Moldova \ud83d\udd1d"],"rank_math_description":["Analiza de ni\u0219\u0103 \u0219i strategia SEO de la RocketSEO vor ar\u0103ta \u00een mod clar traficul poten\u021bial total pe ni\u0219a dvs. pe care \u00eel pute\u021bi primi. Vom analiza concuren\u021bii t\u0103i \u0219i vom identifica p\u00e2n\u0103 la 20 de puncte de cre\u0219tere. Analizeaz\u0103 pentru a cre\u0219te cu RocketSEO!"],"rank_math_news_sitemap_robots":["index"],"rank_math_robots":["a:1:{i:0;s:5:\"index\";}"],"rank_math_internal_links_processed":["1"],"_wpml_word_count":["{\"total\":879,\"to_translate\":{\"ru\":879}}"],"_uag_page_assets":["a:9:{s:3:\"css\";s:263:\".uag-blocks-common-selector{z-index:var(--z-index-desktop) !important}@media (max-width: 976px){.uag-blocks-common-selector{z-index:var(--z-index-tablet) !important}}@media (max-width: 767px){.uag-blocks-common-selector{z-index:var(--z-index-mobile) !important}}\n\";s:2:\"js\";s:0:\"\";s:18:\"current_block_list\";a:7:{i:0;s:11:\"core\/search\";i:1;s:10:\"core\/group\";i:2;s:12:\"core\/heading\";i:3;s:17:\"core\/latest-posts\";i:4;s:20:\"core\/latest-comments\";i:5;s:13:\"core\/archives\";i:6;s:15:\"core\/categories\";}s:8:\"uag_flag\";b:0;s:11:\"uag_version\";s:10:\"1777619894\";s:6:\"gfonts\";a:0:{}s:10:\"gfonts_url\";s:0:\"\";s:12:\"gfonts_files\";a:0:{}s:14:\"uag_faq_layout\";b:0;}"],"_uag_css_file_name":["uag-css-5936.css"]},"uagb_featured_image_src":{"full":false,"thumbnail":false,"medium":false,"medium_large":false,"large":false,"1536x1536":false,"2048x2048":false,"woocommerce_thumbnail":false,"woocommerce_single":false,"woocommerce_gallery_thumbnail":false},"uagb_author_info":{"display_name":"Rocketseo","author_link":"https:\/\/rocketseo.md\/ro\/author\/rocketseo\/"},"uagb_comment_info":0,"uagb_excerpt":null,"_links":{"self":[{"href":"https:\/\/rocketseo.md\/ro\/wp-json\/wp\/v2\/pages\/5936","targetHints":{"allow":["GET"]}}],"collection":[{"href":"https:\/\/rocketseo.md\/ro\/wp-json\/wp\/v2\/pages"}],"about":[{"href":"https:\/\/rocketseo.md\/ro\/wp-json\/wp\/v2\/types\/page"}],"author":[{"embeddable":true,"href":"https:\/\/rocketseo.md\/ro\/wp-json\/wp\/v2\/users\/2"}],"replies":[{"embeddable":true,"href":"https:\/\/rocketseo.md\/ro\/wp-json\/wp\/v2\/comments?post=5936"}],"version-history":[{"count":4,"href":"https:\/\/rocketseo.md\/ro\/wp-json\/wp\/v2\/pages\/5936\/revisions"}],"predecessor-version":[{"id":6161,"href":"https:\/\/rocketseo.md\/ro\/wp-json\/wp\/v2\/pages\/5936\/revisions\/6161"}],"wp:attachment":[{"href":"https:\/\/rocketseo.md\/ro\/wp-json\/wp\/v2\/media?parent=5936"}],"curies":[{"name":"wp","href":"https:\/\/api.w.org\/{rel}","templated":true}]}}