{"id":5762,"date":"2024-06-06T14:31:54","date_gmt":"2024-06-06T11:31:54","guid":{"rendered":"https:\/\/rocketseo.md\/dezvoltarea-magazinelor-online-in-moldova\/"},"modified":"2024-06-05T14:20:03","modified_gmt":"2024-06-05T11:20:03","slug":"dezvoltarea-magazinelor-online-in-moldova","status":"publish","type":"page","link":"https:\/\/rocketseo.md\/ro\/dezvoltarea-magazinelor-online-in-moldova\/","title":{"rendered":"Dezvoltarea magazinelor online \u00een Moldova"},"content":{"rendered":"","protected":false},"excerpt":{"rendered":"","protected":false},"author":2,"featured_media":0,"parent":0,"menu_order":0,"comment_status":"closed","ping_status":"closed","template":"template-parts\/page-seo.php","meta":{"_acf_changed":false,"inline_featured_image":false,"_uag_custom_page_level_css":"","footnotes":""},"class_list":["post-5762","page","type-page","status-publish","hentry"],"acf":[],"spectra_custom_meta":{"_alp_processed":["1717586405"],"_wpml_media_duplicate":["1"],"_wpml_media_featured":["1"],"list3":["3"],"list4":["4"],"_text1":["field_6619114a75f01"],"_list3_0_text":["field_6619135bdd33d"],"_list3_1_text":["field_6619135bdd33d"],"_list3_2_text":["field_6619135bdd33d"],"_list5_0_text":["field_661916ee78e3a"],"_list5_1_text":["field_661916ee78e3a"],"_list5_2_text":["field_661916ee78e3a"],"_list5_3_text":["field_661916ee78e3a"],"_list3_0_title":["field_66191350dd33c"],"_list3_1_title":["field_66191350dd33c"],"_list3_2_title":["field_66191350dd33c"],"_list7_0_title":["field_6619184e78c71"],"_list7_1_title":["field_6619184e78c71"],"_text4":["field_661914a53afc2"],"_list4_0_img":["field_661914e53afca"],"list4_1_img":[""],"_list4_1_img":["field_661914e53afca"],"list4_2_img":[""],"_list4_2_img":["field_661914e53afca"],"_list4_3_img":["field_661914e53afca"],"list1":["4"],"_list1":["field_6619109c4860e"],"list5":["5"],"_list5":["field_661916e778e39"],"_title7":["field_6619183978c6e"],"_title8":["field_6619196500a57"],"_list1_0_title":["field_661910a14860f"],"_list1_1_title":["field_661910a14860f"],"_list1_2_title":["field_661910a14860f"],"_list1_3_title":["field_661910a14860f"],"_img3":["field_66191331dd339"],"list4_0_color":["#FFB16C"],"_list4_0_color":["field_661914b63afc4"],"_list4_0_tag":["field_661914c43afc5"],"_list4_0_site":["field_661914c93afc6"],"_list4_0_subtitle":["field_661914cd3afc7"],"_list4_0_x":["field_661914d53afc8"],"_list4_0_text":["field_661914da3afc9"],"_list4_1_color":["field_661914b63afc4"],"_list4_1_tag":["field_661914c43afc5"],"_list4_1_site":["field_661914c93afc6"],"_list4_1_subtitle":["field_661914cd3afc7"],"_list4_1_x":["field_661914d53afc8"],"_list4_1_text":["field_661914da3afc9"],"_list4_2_color":["field_661914b63afc4"],"_list4_2_tag":["field_661914c43afc5"],"_list4_2_site":["field_661914c93afc6"],"_list4_2_subtitle":["field_661914cd3afc7"],"_list4_2_x":["field_661914d53afc8"],"_list4_2_text":["field_661914da3afc9"],"_list4_3_color":["field_661914b63afc4"],"_list4_3_tag":["field_661914c43afc5"],"_list4_3_site":["field_661914c93afc6"],"_list4_3_subtitle":["field_661914cd3afc7"],"_list4_3_x":["field_661914d53afc8"],"_list4_3_text":["field_661914da3afc9"],"_btn_text4":["field_6619165f88643"],"_link4":["field_6619166988644"],"_list5_4_text":["field_661916ee78e3a"],"_text6":["field_661917c68ab29"],"_btn_text6":["field_661917cc8ab2a"],"_link6":["field_661917d48ab2b"],"list7":["2"],"_text7":["field_6619184278c6f"],"_list7":["field_6619184878c70"],"_list7_0_text":["field_6619185978c72"],"_list7_1_text":["field_6619185978c72"],"_text8":["field_6619196b00a58"],"_form8":["field_6619196f00a59"],"_subtitle8":["field_661919e35bb0f"],"list9":["2"],"_title9":["field_66191a111a4aa"],"_list9":["field_66191a191a4ab"],"list9_0_color":["#C6F27C"],"_list9_0_color":["field_66191a271a4ac"],"_list9_0_title":["field_66191a351a4ad"],"_list9_0_text":["field_66191a3c1a4ae"],"_list9_0_btn_text":["field_66191a481a4af"],"_list9_0_link":["field_66191a4f1a4b0"],"_list9_0_img":["field_66191a541a4b1"],"list9_1_color":["#e9f7ff"],"_list9_1_color":["field_66191a271a4ac"],"_list9_1_title":["field_66191a351a4ad"],"_list9_1_text":["field_66191a3c1a4ae"],"_list9_1_btn_text":["field_66191a481a4af"],"_list9_1_link":["field_66191a4f1a4b0"],"_list9_1_img":["field_66191a541a4b1"],"_list4_0_img2":["field_661cd59dddb4b"],"list4_1_img2":[""],"_list4_1_img2":["field_661cd59dddb4b"],"list4_2_img2":[""],"_list4_2_img2":["field_661cd59dddb4b"],"_list4_3_img2":["field_661cd59dddb4b"],"_list9_0_img2":["field_661cd8b790857"],"_list9_1_img2":["field_661cd8b790857"],"_elementor_template_type":[""],"_list1_0_link":["field_663108eda5826"],"_list1_1_link":["field_663108eda5826"],"_list1_2_link":["field_663108eda5826"],"_list1_3_link":["field_663108eda5826"],"_wp_page_template":["template-parts\/page-seo.php"],"_anchor2":["field_66472b78c44cb"],"_anchor3":["field_66472b8dc44cc"],"_anchor4":["field_66472b94c44cd"],"_anchor5":["field_66472b9bc44ce"],"_anchor6":["field_66472ba4c44cf"],"_anchor7":["field_66472bb4c44d0"],"_anchor8":["field_66472bbdc44d1"],"_anchor9":["field_66472bc5c44d2"],"block1":["a:1:{i:0;s:29:\"\u041f\u043e\u043a\u0430\u0437\u044b\u0432\u0430\u0442\u044c \u0431\u043b\u043e\u043a\";}"],"block2":["a:1:{i:0;s:29:\"\u041f\u043e\u043a\u0430\u0437\u044b\u0432\u0430\u0442\u044c \u0431\u043b\u043e\u043a\";}"],"block4":["a:1:{i:0;s:29:\"\u041f\u043e\u043a\u0430\u0437\u044b\u0432\u0430\u0442\u044c \u0431\u043b\u043e\u043a\";}"],"block5":["a:1:{i:0;s:29:\"\u041f\u043e\u043a\u0430\u0437\u044b\u0432\u0430\u0442\u044c \u0431\u043b\u043e\u043a\";}"],"block6":["a:1:{i:0;s:29:\"\u041f\u043e\u043a\u0430\u0437\u044b\u0432\u0430\u0442\u044c \u0431\u043b\u043e\u043a\";}"],"block7":["a:1:{i:0;s:29:\"\u041f\u043e\u043a\u0430\u0437\u044b\u0432\u0430\u0442\u044c \u0431\u043b\u043e\u043a\";}"],"block8":["a:1:{i:0;s:29:\"\u041f\u043e\u043a\u0430\u0437\u044b\u0432\u0430\u0442\u044c \u0431\u043b\u043e\u043a\";}"],"_block8":["field_664c29260b4cc"],"block9":["a:1:{i:0;s:29:\"\u041f\u043e\u043a\u0430\u0437\u044b\u0432\u0430\u0442\u044c \u0431\u043b\u043e\u043a\";}"],"_block9":["field_664c292c0b4cd"],"_last_translation_edit_mode":["native-editor"],"_yoast_wpseo_title":["Dezvoltarea magazinelor online de la RocketSEO \u00een Chi\u0219in\u0103u \u0219i Moldova \ud83d\udd1d"],"_yoast_wpseo_metadesc":["Dezvoltarea magazinelor online \u00een Moldova: vitez\u0103 mare, pl\u0103\u021bi online, integrare cu CRM \u0219i 1C, sincronizare automat\u0103 a produselor \u0219i suport lunar. Comanda\u021bi acum crearea magazinului dvs. online pe site!"],"_yoast_wpseo_focuskeywords":["[]"],"title1":["Dezvoltarea magazinelor online \u00een Moldova"],"text1":["O solu\u021bie complet\u0103 cu posibilit\u0103\u021bi largi de adaptare la proiectul specific. Implementarea de la idee la v\u00e2nz\u0103ri de succes."],"title2":["Ce ob\u021bine\u021bi? "],"list2_0_text":["<span style=\"font-weight: 400;\">Construc\u021bia corect\u0103 a utilizabilit\u0103\u021bii \u0219i a fluxului utilizatorului<\/span>"],"list2_1_text":["<span style=\"font-weight: 400;\">Design unic \u0219i modern<\/span>"],"list2_2_text":["<span style=\"font-weight: 400;\">Vitez\u0103 \u00eenalt\u0103 de func\u021bionare a magazinului online<\/span>"],"list3_0_text":["<span style=\"font-weight: 400;\">Competen\u021be largi \u00een crearea proiectelor e-commerce de la zero \u0219i consultan\u021b\u0103 pentru proiectele existente. <\/span>"],"list3_1_text":["<span style=\"font-weight: 400;\">Dezvolt\u0103m magazine online de orice dimensiune, de la cele mai mici site-uri de catalog, p\u00e2n\u0103 la mari marketplace-uri cu o nomenclatur\u0103 de 200.000 SCU. <\/span><span style=\"font-weight: 400;\">Cu o logic\u0103 de afaceri bine g\u00e2ndit\u0103, utilizabilitate excelent\u0103 \u0219i toate integr\u0103rile necesare.<\/span>"],"list3_2_text":["Dup\u0103 predarea proiectului, r\u0103m\u00e2nem \u00eentotdeauna \u00een leg\u0103tur\u0103 cu clientul \u0219i, \u00een caz de \u00eentreb\u0103ri, \u00eencerc\u0103m s\u0103 rezolv\u0103m rapid toate problemele."],"list5_0_text":["L\u0103sa\u021bi o <a href=\"https:\/\/rocketseo.md\/seo-prodvizhenie-saitov\/#form\">cerere pe site <\/a>"],"list5_1_text":["Managerul nostru v\u0103 va contacta \u0219i va clasifica proiectul dumneavoastr\u0103"],"list5_2_text":["Dup\u0103 1-3 zile, echipa noastr\u0103 va crea o mini-analiz\u0103 a ni\u0219ei \u0219i o strategie de dezvoltare. Vom determina num\u0103rul necesar de ore de munc\u0103 ale echipei \u0219i bugetul pentru dezvoltarea eficient\u0103 a proiectului dvs."],"list5_3_text":["Vom avea o \u00eent\u00e2lnire online sau offline \u00een care vom prezenta oferta comercial\u0103"],"list2_3_text":["<span style=\"font-weight: 400;\">Panou de administrare convenabil<\/span>"],"list2_4_text":["<span style=\"font-weight: 400;\">Conectarea pl\u0103\u021bilor online<\/span>"],"title3":["De ce s\u0103 alege\u021bi \r\nRocketSEO"],"list3_0_title":["Grija maxim\u0103 pentru rezultat"],"list3_1_title":["Scalabilitatea muncii"],"list3_2_title":["Suport dup\u0103"],"list7_0_title":["CMS-uri populare: "],"list7_1_title":["Solu\u021bii personalizate "],"title4":["\u201eMagazinul online - un instrument al activit\u0103\u021bii de marketing\u201d "],"text4":["Prin urmare, trebuie s\u0103 converteasc\u0103 lead-urile \u00een v\u00e2nz\u0103ri, nu s\u0103 fie doar o \u00eenveli\u0219 frumos \u00een m\u00e2inile marketerilor"],"btn_text1":["Comand\u0103 serviciul"],"link1":["#form"],"title6":["#Costul dezvolt\u0103rii magazinului online"],"title7":["#\u00centreb\u0103ri \u0219i R\u0103spunsuri"],"title8":["Zbur\u0103m \u00eempreun\u0103 \u00een TOP?"],"list1_0_title":["# Wordpress"],"list1_1_title":["# Opencart \/ CS-Cart"],"list1_2_title":["# Python (Django \/ FAST API)"],"list1_3_title":["# PHP (Laravel \/ Codeigniter)"],"list2_5_text":["<span style=\"font-weight: 400;\">Conectarea la sistemele CRM \u0219i 1C <\/span>"],"list4_0_tag":["Magazin online"],"list4_0_site":["Tandem.md"],"list4_0_subtitle":["Magazin de mobila Tandem"],"list4_0_x":["x1"],"list4_0_text":["Ciclu complet de lucr\u0103ri de la concept p\u00e2n\u0103 la lansare"],"list4_1_tag":["Magazin online"],"list4_1_site":["Gardman.ro"],"list4_1_subtitle":["Magazinul produc\u0103torului de por\u021bi"],"list4_1_x":["x2"],"list4_1_text":["Magazin online \u00een Rom\u00e2nia pe php"],"list4_2_tag":["Magazin online"],"list4_2_site":["\u0421asada.md"],"list4_2_subtitle":["Magazin de produse pentru via\u021b\u0103"],"list4_2_x":["x3"],"list4_2_text":["Intrarea pe pia\u021ba din Moldova"],"list4_3_tag":["Catalog de produse"],"list4_3_site":["Fotona.md"],"list4_3_subtitle":["Site - catalog"],"list4_3_x":["x4"],"list4_3_text":["Catalog de produse pentru estetic\u0103 \u0219i chirurgie"],"btn_text4":["Comand\u0103 serviciul"],"link4":["#form"],"title5":["Care este primul pas pentru \u00eenceput?"],"list5_4_text":["\u00cencheiem un contract pentru dezvoltarea magazinului online la cererea dvs."],"text6":["* Costul mediu de dezvoltare a unui proiect mic de la <strong>1500 euro <\/strong>"],"btn_text6":["Comand\u0103 o consultare"],"link6":["#form"],"text7":["Platforme pe care dezvolt\u0103m magazine online"],"list7_0_text":["<ul>\r\n \t<li><span style=\"font-weight: 400;\">Wordpress - pentru cataloage mici \u0219i frumoase de p\u00e2n\u0103 la 1.000 de produse<\/span><\/li>\r\n \t<li><span style=\"font-weight: 400;\">Opencart \/ CS-Cart - pentru magazine mari <\/span><\/li>\r\n<\/ul>"],"list7_1_text":["<ul>\r\n \t<li><span style=\"font-weight: 400;\">Python (Django \/ FAST API), php (Laravel \/ Codeigniter)<\/span><\/li>\r\n \t<li><span style=\"font-weight: 400;\">React js + React Native<\/span><\/li>\r\n \t<li><span style=\"font-weight: 400;\">Pentru magazine online mari cu nevoi personale<\/span><\/li>\r\n<\/ul>"],"text8":["Suntem bucuro\u0219i s\u0103 v\u0103 ajut\u0103m!"],"form8":["[contact-form-7 id=\"48bb8b7\" title=\"\u041a\u043e\u043d\u0442\u0430\u043a\u0442\u043d\u0430\u044f \u0444\u043e\u0440\u043c\u0430 (\u0421\u043e\u0437\u0434\u0430\u043d\u0438\u0435 \u0441\u0430\u0439\u0442\u043e\u0432)\"]"],"subtitle8":["Cerere pentru promovare"],"title9":["Posibil s\u0103 fi\u021bi interesat de alte \r\nserviciile noastre"],"list9_0_title":["Suport tehnic "],"list9_0_text":["Dup\u0103 predarea proiectului, oferim instruc\u021biuni complete pentru gestionarea independent\u0103 a site-ului \u0219i a catalogului de produse, precum \u0219i suport tehnic complex \u00een fiecare lun\u0103. "],"list9_0_btn_text":["Mai multe detalii"],"list9_0_link":["https:\/\/rocketseo.md\/ro\/creare-site-web\/"],"list9_1_title":["SEO optimizare "],"list9_1_text":["Propriul departament de SEO - un UTP puternic \u00een crearea proiectelor de e-commerce. Magazinul implicit are o filtrare corect format\u0103 pe catalog, URL-uri bine configurate, redirec\u021bion\u0103ri, structura catalogului \u0219i optimizare SEO de baz\u0103. \r\n"],"list9_1_btn_text":["Mai multe detalii"],"list9_1_link":["https:\/\/rocketseo.md\/ro\/promovarea-seo\/"],"list2_6_text":["<span style=\"font-weight: 400;\">Sincronizare automat\u0103 a stocurilor \u0219i produselor pe site <\/span>"],"list2_7_text":["<span style=\"font-weight: 400;\">Func\u021bionalitate testat\u0103 \u0219i livrare a proiectului \u201ela cheie\u201d<\/span>"],"list2_8_text":["Suport dup\u0103 finalizarea proiectului, suntem mereu \u00een leg\u0103tur\u0103 cu dumneavoastr\u0103"],"_edit_lock":["1718112561:2"],"_edit_last":["2"],"_yoast_indexnow_last_ping":["1716881812"],"list1_0_link":[""],"list1_1_link":[""],"list1_2_link":[""],"list1_3_link":[""],"anchor2":[""],"anchor3":[""],"anchor4":[""],"anchor5":[""],"anchor6":[""],"anchor7":[""],"anchor8":["form"],"anchor9":[""],"_yoast_wpseo_keywordsynonyms":["[\"\"]"],"_yoast_wpseo_estimated-reading-time-minutes":["0"],"_yoast_wpseo_wordproof_timestamp":[""],"img2":[""],"list3_0_img":[""],"list3_1_img":[""],"list3_2_img":[""],"_img2":["field_65dc67fd5a060"],"_list3_0_img":["field_65dc935af4822"],"_list3_1_img":["field_65dc935af4822"],"_list3_2_img":["field_65dc935af4822"],"_list2_0_title":["field_65dc68305a066"],"_list2_1_title":["field_65dc68305a066"],"_list2_2_title":["field_65dc68305a066"],"_list2_3_title":["field_65dc68305a066"],"_list4_0_title":["field_65dc69af71998"],"_list4_1_title":["field_65dc69af71998"],"_list4_2_title":["field_65dc69af71998"],"_list4_3_title":["field_65dc69af71998"],"_list2_4_title":["field_65dc68305a066"],"_list2_5_title":["field_65dc68305a066"],"_list3_0_link":["field_65dc9376f4826"],"_list3_1_link":["field_65dc9376f4826"],"_list3_2_link":["field_65dc9376f4826"],"list6":[""],"_list6":["field_65dc7625cf40b"],"list3_0_img2":[""],"_list3_0_img2":["field_65dc9361f4823"],"list3_1_img2":[""],"_list3_1_img2":["field_65dc9361f4823"],"list3_2_img2":[""],"_list3_2_img2":["field_65dc9361f4823"],"_link2":["field_65dc68175a063"],"_link3":["field_65dc9385f4828"],"_list2_6_title":["field_65dc68305a066"],"_list2_7_title":["field_65dc68305a066"],"_btn_text2":["field_65dc68115a062"],"_btn_text3":["field_65dc937df4827"],"list3_0_img3":[""],"_list3_0_img3":["field_65dc96c8cc818"],"list3_1_img3":[""],"_list3_1_img3":["field_65dc96c8cc818"],"list3_2_img3":[""],"_list3_2_img3":["field_65dc96c8cc818"],"list3_0_list":[""],"_list3_0_list":["field_65dc9369f4824"],"list3_1_list":[""],"_list3_1_list":["field_65dc9369f4824"],"list3_2_list":[""],"_list3_2_list":["field_65dc9369f4824"],"_subtitle4":["field_65dc699f71996"],"_subtitle4_2":["field_65dc69b371999"],"list4_2":[""],"_list4_2":["field_65dc69bb7199a"],"img4":[""],"_img4":["field_65dc69ca7199c"],"_subtitle5":["field_65dc6be3a2352"],"_title5_2":["field_65dc6bf9f17c9"],"_form5":["field_65dc6be9a2353"],"block66":["a:1:{i:0;s:29:\"\u041f\u043e\u043a\u0430\u0437\u044b\u0432\u0430\u0442\u044c \u0431\u043b\u043e\u043a\";}"],"_block66":["field_664c2b34a6910"],"_list2_8_title":["field_65dc68305a066"],"list3_0_color":["#F0DFFF"],"list3_1_color":["#F0DFFF"],"list3_2_color":["#F0DFFF"],"_title1":["field_661910964860d"],"_img1":["field_661910b248612"],"_title2":["field_6619118776999"],"_list2":["field_661911937699a"],"_list3_0_color":["field_66191342dd33b"],"_list3_1_color":["field_66191342dd33b"],"_list3_2_color":["field_66191342dd33b"],"_list2_0_text":["field_661911a07699c"],"_list2_1_text":["field_661911a07699c"],"_list2_2_text":["field_661911a07699c"],"_list2_3_text":["field_661911a07699c"],"_list2_4_text":["field_661911a07699c"],"_title3":["field_6619131fdd338"],"_list3":["field_6619133cdd33a"],"_list2_0_img":["field_661911997699b"],"_list2_1_img":["field_661911997699b"],"_list2_2_img":["field_661911997699b"],"_list2_3_img":["field_661911997699b"],"_title4":["field_6619149f3afc1"],"_list4":["field_661914af3afc3"],"_btn_text1":["field_661910a748610"],"_link1":["field_661910ad48611"],"_title6":["field_661917bd8ab28"],"_list2_4_img":["field_661911997699b"],"_list2_5_img":["field_661911997699b"],"_list2_5_text":["field_661911a07699c"],"_title5":["field_661916df78e38"],"_list2_6_img":["field_661911997699b"],"_list2_6_text":["field_661911a07699c"],"_list2_7_img":["field_661911997699b"],"_list2_7_text":["field_661911a07699c"],"_block1":["field_664c28f10b4c5"],"_block2":["field_664c29010b4c6"],"block3":[""],"_block3":["field_664c29080b4c7"],"_block4":["field_664c290e0b4c8"],"_block5":["field_664c29140b4c9"],"_block6":["field_664c291a0b4ca"],"_block7":["field_664c29210b4cb"],"list2_0_img":["5637"],"list2_3_img":["5636"],"list2_7_img":["5638"],"list2":["9"],"list2_8_img":["5639"],"_list2_8_img":["field_661911997699b"],"_list2_8_text":["field_661911a07699c"],"list4_1_color":["#cbf2ff"],"list4_2_color":["#f0dfff"],"list4_3_color":["#c6f27c"],"_wpml_media_has_media":["1"],"img1":["168"],"list2_1_img":["1083"],"list2_2_img":["171"],"list4_0_img":["1162"],"list4_3_img":["1166"],"list2_4_img":["170"],"list2_5_img":["173"],"img3":["184"],"list9_0_img":["1149"],"list9_1_img":["1151"],"list4_0_img2":["1170"],"list4_3_img2":["1172"],"list9_0_img2":["1176"],"list9_1_img2":["1178"],"list2_6_img":["1085"],"rank_math_title":["Dezvoltarea magazinelor online de la RocketSEO \u00een Chi\u0219in\u0103u \u0219i Moldova \ud83d\udd1d"],"rank_math_description":["Dezvoltarea magazinelor online \u00een Moldova: vitez\u0103 mare, pl\u0103\u021bi online, integrare cu CRM \u0219i 1C, sincronizare automat\u0103 a produselor \u0219i suport lunar. Comanda\u021bi acum crearea magazinului dvs. online pe site!"],"rank_math_news_sitemap_robots":["index"],"rank_math_robots":["a:1:{i:0;s:5:\"index\";}"],"rank_math_internal_links_processed":["1"],"_wpml_word_count":["{\"total\":617,\"to_translate\":{\"ru\":617}}"],"_uag_page_assets":["a:9:{s:3:\"css\";s:263:\".uag-blocks-common-selector{z-index:var(--z-index-desktop) !important}@media (max-width: 976px){.uag-blocks-common-selector{z-index:var(--z-index-tablet) !important}}@media (max-width: 767px){.uag-blocks-common-selector{z-index:var(--z-index-mobile) !important}}\n\";s:2:\"js\";s:0:\"\";s:18:\"current_block_list\";a:7:{i:0;s:11:\"core\/search\";i:1;s:10:\"core\/group\";i:2;s:12:\"core\/heading\";i:3;s:17:\"core\/latest-posts\";i:4;s:20:\"core\/latest-comments\";i:5;s:13:\"core\/archives\";i:6;s:15:\"core\/categories\";}s:8:\"uag_flag\";b:0;s:11:\"uag_version\";s:10:\"1777619894\";s:6:\"gfonts\";a:0:{}s:10:\"gfonts_url\";s:0:\"\";s:12:\"gfonts_files\";a:0:{}s:14:\"uag_faq_layout\";b:0;}"],"_uag_css_file_name":["uag-css-5762.css"]},"uagb_featured_image_src":{"full":false,"thumbnail":false,"medium":false,"medium_large":false,"large":false,"1536x1536":false,"2048x2048":false,"woocommerce_thumbnail":false,"woocommerce_single":false,"woocommerce_gallery_thumbnail":false},"uagb_author_info":{"display_name":"Rocketseo","author_link":"https:\/\/rocketseo.md\/ro\/author\/rocketseo\/"},"uagb_comment_info":0,"uagb_excerpt":null,"_links":{"self":[{"href":"https:\/\/rocketseo.md\/ro\/wp-json\/wp\/v2\/pages\/5762","targetHints":{"allow":["GET"]}}],"collection":[{"href":"https:\/\/rocketseo.md\/ro\/wp-json\/wp\/v2\/pages"}],"about":[{"href":"https:\/\/rocketseo.md\/ro\/wp-json\/wp\/v2\/types\/page"}],"author":[{"embeddable":true,"href":"https:\/\/rocketseo.md\/ro\/wp-json\/wp\/v2\/users\/2"}],"replies":[{"embeddable":true,"href":"https:\/\/rocketseo.md\/ro\/wp-json\/wp\/v2\/comments?post=5762"}],"version-history":[{"count":4,"href":"https:\/\/rocketseo.md\/ro\/wp-json\/wp\/v2\/pages\/5762\/revisions"}],"predecessor-version":[{"id":6171,"href":"https:\/\/rocketseo.md\/ro\/wp-json\/wp\/v2\/pages\/5762\/revisions\/6171"}],"wp:attachment":[{"href":"https:\/\/rocketseo.md\/ro\/wp-json\/wp\/v2\/media?parent=5762"}],"curies":[{"name":"wp","href":"https:\/\/api.w.org\/{rel}","templated":true}]}}