{"id":5306,"date":"2024-04-12T13:43:53","date_gmt":"2024-04-12T10:43:53","guid":{"rendered":"https:\/\/rocketseo.md\/seo\/"},"modified":"2024-06-07T14:20:47","modified_gmt":"2024-06-07T11:20:47","slug":"promovarea-seo","status":"publish","type":"page","link":"https:\/\/rocketseo.md\/ro\/promovarea-seo\/","title":{"rendered":"Promovarea SEO"},"content":{"rendered":"","protected":false},"excerpt":{"rendered":"","protected":false},"author":2,"featured_media":0,"parent":0,"menu_order":0,"comment_status":"closed","ping_status":"closed","template":"template-parts\/page-seo.php","meta":{"_acf_changed":false,"inline_featured_image":false,"_uag_custom_page_level_css":"","footnotes":""},"class_list":["post-5306","page","type-page","status-publish","hentry"],"acf":[],"spectra_custom_meta":{"_alp_processed":["1717759251"],"_wpml_media_duplicate":["1"],"_wpml_media_featured":["1"],"list2":["6"],"list3_0_color":["#F0DFFF"],"list3_1_color":["#cbecfe"],"list3_2_color":["#ffb16c"],"list3_3_color":["#e5f69c"],"list3_4_color":["#fcc6e9"],"list3":["5"],"list4":["4"],"_title1":["field_661910964860d"],"_text1":["field_6619114a75f01"],"_img1":["field_661910b248612"],"_title2":["field_6619118776999"],"_list2":["field_661911937699a"],"_list3_0_color":["field_66191342dd33b"],"_list3_1_color":["field_66191342dd33b"],"_list3_2_color":["field_66191342dd33b"],"_list3_3_color":["field_66191342dd33b"],"_list3_4_color":["field_66191342dd33b"],"_list2_0_text":["field_661911a07699c"],"_list2_1_text":["field_661911a07699c"],"_list2_2_text":["field_661911a07699c"],"_list3_0_text":["field_6619135bdd33d"],"_list3_1_text":["field_6619135bdd33d"],"_list3_2_text":["field_6619135bdd33d"],"_list3_3_text":["field_6619135bdd33d"],"_list3_4_text":["field_6619135bdd33d"],"_list5_0_text":["field_661916ee78e3a"],"_list5_1_text":["field_661916ee78e3a"],"_list5_2_text":["field_661916ee78e3a"],"_list5_3_text":["field_661916ee78e3a"],"_list2_3_text":["field_661911a07699c"],"_list2_4_text":["field_661911a07699c"],"_title3":["field_6619131fdd338"],"_list3":["field_6619133cdd33a"],"_list2_0_img":["field_661911997699b"],"_list2_1_img":["field_661911997699b"],"_list2_2_img":["field_661911997699b"],"_list2_3_img":["field_661911997699b"],"_list3_0_title":["field_66191350dd33c"],"_list3_1_title":["field_66191350dd33c"],"_list3_2_title":["field_66191350dd33c"],"_list3_3_title":["field_66191350dd33c"],"_list3_4_title":["field_66191350dd33c"],"_list7_0_title":["field_6619184e78c71"],"_list7_1_title":["field_6619184e78c71"],"_list7_2_title":["field_6619184e78c71"],"_list7_3_title":["field_6619184e78c71"],"_list7_4_title":["field_6619184e78c71"],"_list7_5_title":["field_6619184e78c71"],"_title4":["field_6619149f3afc1"],"_text4":["field_661914a53afc2"],"_list4":["field_661914af3afc3"],"_list4_0_img":["field_661914e53afca"],"list4_1_img":[""],"_list4_1_img":["field_661914e53afca"],"list4_2_img":[""],"_list4_2_img":["field_661914e53afca"],"_list4_3_img":["field_661914e53afca"],"_btn_text1":["field_661910a748610"],"_link1":["field_661910ad48611"],"list1":["4"],"_list1":["field_6619109c4860e"],"list5":["9"],"_list5":["field_661916e778e39"],"_title6":["field_661917bd8ab28"],"_title7":["field_6619183978c6e"],"_title8":["field_6619196500a57"],"_list1_0_title":["field_661910a14860f"],"_list1_1_title":["field_661910a14860f"],"_list1_2_title":["field_661910a14860f"],"_list1_3_title":["field_661910a14860f"],"_list2_4_img":["field_661911997699b"],"_list2_5_img":["field_661911997699b"],"_list2_5_text":["field_661911a07699c"],"_img3":["field_66191331dd339"],"list4_0_color":["#FFB16C"],"_list4_0_color":["field_661914b63afc4"],"_list4_0_tag":["field_661914c43afc5"],"_list4_0_site":["field_661914c93afc6"],"_list4_0_subtitle":["field_661914cd3afc7"],"_list4_0_x":["field_661914d53afc8"],"_list4_0_text":["field_661914da3afc9"],"list4_1_color":["#cbf2ff"],"_list4_1_color":["field_661914b63afc4"],"_list4_1_tag":["field_661914c43afc5"],"_list4_1_site":["field_661914c93afc6"],"_list4_1_subtitle":["field_661914cd3afc7"],"_list4_1_x":["field_661914d53afc8"],"_list4_1_text":["field_661914da3afc9"],"list4_2_color":["#f0dfff"],"_list4_2_color":["field_661914b63afc4"],"_list4_2_tag":["field_661914c43afc5"],"_list4_2_site":["field_661914c93afc6"],"_list4_2_subtitle":["field_661914cd3afc7"],"_list4_2_x":["field_661914d53afc8"],"_list4_2_text":["field_661914da3afc9"],"list4_3_color":["#c6f27c"],"_list4_3_color":["field_661914b63afc4"],"_list4_3_tag":["field_661914c43afc5"],"_list4_3_site":["field_661914c93afc6"],"_list4_3_subtitle":["field_661914cd3afc7"],"_list4_3_x":["field_661914d53afc8"],"_list4_3_text":["field_661914da3afc9"],"_btn_text4":["field_6619165f88643"],"_link4":["field_6619166988644"],"_title5":["field_661916df78e38"],"_list5_4_text":["field_661916ee78e3a"],"_list5_5_text":["field_661916ee78e3a"],"_list5_6_text":["field_661916ee78e3a"],"_list5_7_text":["field_661916ee78e3a"],"_list5_8_text":["field_661916ee78e3a"],"_text6":["field_661917c68ab29"],"_btn_text6":["field_661917cc8ab2a"],"_link6":["field_661917d48ab2b"],"list7":["6"],"_text7":["field_6619184278c6f"],"_list7":["field_6619184878c70"],"_list7_0_text":["field_6619185978c72"],"_list7_1_text":["field_6619185978c72"],"_list7_2_text":["field_6619185978c72"],"_list7_3_text":["field_6619185978c72"],"_list7_4_text":["field_6619185978c72"],"_list7_5_text":["field_6619185978c72"],"_text8":["field_6619196b00a58"],"_form8":["field_6619196f00a59"],"_subtitle8":["field_661919e35bb0f"],"list9":["2"],"_title9":["field_66191a111a4aa"],"_list9":["field_66191a191a4ab"],"list9_0_color":["#C6F27C"],"_list9_0_color":["field_66191a271a4ac"],"_list9_0_title":["field_66191a351a4ad"],"_list9_0_text":["field_66191a3c1a4ae"],"_list9_0_btn_text":["field_66191a481a4af"],"_list9_0_link":["field_66191a4f1a4b0"],"_list9_0_img":["field_66191a541a4b1"],"list9_1_color":["#e9f7ff"],"_list9_1_color":["field_66191a271a4ac"],"_list9_1_title":["field_66191a351a4ad"],"_list9_1_text":["field_66191a3c1a4ae"],"_list9_1_btn_text":["field_66191a481a4af"],"_list9_1_link":["field_66191a4f1a4b0"],"_list9_1_img":["field_66191a541a4b1"],"_list4_0_img2":["field_661cd59dddb4b"],"list4_1_img2":[""],"_list4_1_img2":["field_661cd59dddb4b"],"list4_2_img2":[""],"_list4_2_img2":["field_661cd59dddb4b"],"_list4_3_img2":["field_661cd59dddb4b"],"_list9_0_img2":["field_661cd8b790857"],"_list9_1_img2":["field_661cd8b790857"],"_wp_page_template":["template-parts\/page-seo.php"],"_yoast_wpseo_focuskeywords":["[]"],"title1":["Promovarea SEO a site-urilor \u00een Moldova"],"text1":["Aplic\u0103m metodologiile dob\u00e2ndite \u00een 16 ani de experien\u021b\u0103 \u00een promovarea proiectelor proprii \u0219i ne str\u0103duim s\u0103 cre\u0219tem veniturile clien\u021bilor no\u0219tri prin \u00eembun\u0103t\u0103\u021birea pozi\u021biilor \u0219i calit\u0103\u021bii traficului."],"title2":["Probleme cu care \r\n\r\nne confrunt\u0103m"],"list2_0_text":["<strong>Lipsa traficului<\/strong> din motoarele de c\u0103utare"],"list2_1_text":["Trafic, care <strong>nu genereaz\u0103 <\/strong> conversii de pe site"],"list2_2_text":["O mul\u021bime de <strong>erori tehnice <\/strong>"],"list3_0_text":["Ne pas\u0103 cu adev\u0103rat \u0219i ne preocup\u0103m de rezultatele financiare ale proiectelor dumneavoastr\u0103. Vom face tot posibilul pentru ca \u00een timpul colabor\u0103rii cu noi, num\u0103rul clien\u021bilor dumneavoastr\u0103 s\u0103 creasc\u0103, \u0219i desigur, s\u0103 creasc\u0103 profitul care ar trebui s\u0103 acopere toate cheltuielile pentru promovarea SEO a site-ului dumneavoastr\u0103. Durata medie de colaborare a unui client cu agen\u021bia RocketSEO este de <strong>1,2 ani<\/strong>, \u00een timp ce statisticile pie\u021bei arat\u0103 doar 3-4 luni."],"list3_1_text":["Promovarea SEO a site-ului este un proces de lung\u0103 durat\u0103. Proiectele noastre interna\u021bionale ne permit s\u0103 men\u021binem actualitatea cuno\u0219tin\u021belor noastre. Instrumentele moderne ne permit s\u0103 r\u0103spundem rapid la toate schimb\u0103rile algoritmilor motoarelor de c\u0103utare, ajust\u00e2nd strategia de promovare \u0219i reduc\u00e2nd riscurile pentru dumneavoastr\u0103.\r\n\r\nBaza noastr\u0103 intern\u0103 de cuno\u0219tin\u021be \u0219i formare, gradele speciali\u0219tilor - despre noi.\r\n\r\nLucr\u0103m \u00een ni\u0219e foarte competitive, cum ar fi: Health, Crypto, Essay \u0219i altele. Promov\u0103m site-uri pentru SUA, Australia \u0219i Europa, \u0219i desigur pentru Moldova."],"list3_2_text":["Suntem online din 2008 \u0219i \u0219tim c\u0103 \u00een orice proiect pot ap\u0103rea <strong>dificult\u0103\u021bi \u0219i obstacole. <\/strong> \u00cen situa\u021bia \u00een care rezultatele nu corespund a\u0219tept\u0103rilor, noi \u00ab<strong>nu venim la dumneavoastr\u0103 cu probleme\u00bb<\/strong>, ci oferim op\u021biuni clare de solu\u021bii \u0219i pa\u0219i pentru rezolvarea lor."],"list3_3_text":["Suntem ale\u0219i pentru transparen\u021ba \u0219i deschiderea noastr\u0103 \u00een munc\u0103, precum \u0219i pentru aderen\u021ba principial\u0103 la strategia SEO, baz\u00e2ndu-ne \u00eentotdeauna pe fapte, nu pe opinii. Nu semn\u0103m \u0219i nu v\u0103 vindem \u201epachetul magic SEO\u201d\r\n<ul>\r\n \t<li>Vei avea oportunitatea s\u0103 vezi toate sarcinile \u0219i statusurile lor actuale \u00een cadrul echipei \u00een managerul nostru de sarcini<\/li>\r\n \t<li>Analiz\u0103m lunar \u00eempreun\u0103 cu dumneavoastr\u0103 to\u021bi indicatorii cheie pentru promovarea site-ului<\/li>\r\n \t<li>Chat personal pe Telegram. Echipa proiectului este \u00eentotdeauna disponibil\u0103 pentru a aborda \u00eentreb\u0103rile urgente \u0219i clarific\u0103rile, oferind un feedback rapid, \u0219i desigur PM-ul proiectului dumneavoastr\u0103<\/li>\r\n<\/ul>"],"list3_4_text":["To\u021bi se implic\u0103 \u00een ni\u0219\u0103, \u0219i noi la fel, dar cu o diferen\u021b\u0103 important\u0103 - noi ar\u0103t\u0103m noi puncte reale de cre\u0219tere, nu copiem direct strategia concuren\u021bilor."],"list5_0_text":["L\u0103sa\u021bi o <a href=\"#form\">cerere pe site <\/a>"],"list5_1_text":["Managerul nostru v\u0103 va contacta \u0219i va clasifica proiectul dumneavoastr\u0103"],"list5_2_text":["\u00cen 1 -3 zile, echipa noastr\u0103 va crea o mini-analiz\u0103 a ni\u0219ei \u0219i o strategie de promovare SEO. Vom determina num\u0103rul necesar de ore de lucru ale echipei SEO, bugetul pentru con\u021binut \u0219i profilul de link pentru o promovare eficient\u0103 a proiectului dumneavoastr\u0103"],"list5_3_text":["Vom avea o \u00eent\u00e2lnire online sau offline \u00een care vom prezenta oferta comercial\u0103"],"list2_3_text":["<strong>Sc\u0103derea brusc\u0103 a traficului <\/strong> dup\u0103 efectuarea modific\u0103rilor"],"list2_4_text":["<strong>Lipsa rezultatelor <\/strong> \u0219i a transparen\u021bei contractorului"],"title3":["De ce s\u0103 alege\u021bi \r\nRocketSEO"],"list3_0_title":["Grija maxim\u0103 pentru rezultat"],"list3_1_title":["Expertiza"],"list3_2_title":["Reputa\u021bia"],"list3_3_title":["Transparen\u021ba"],"list3_4_title":["Cu noi, rezultatele vor veni mai repede"],"list7_0_title":["Cum se formeaz\u0103 costul promov\u0103rii SEO?"],"list7_1_title":["Care poate fi bugetul lunar mediu pentru SEO?"],"list7_2_title":["C\u00e2t timp trebuie s\u0103 pl\u0103ti\u021bi onorariul echipei SEO?"],"list7_3_title":["C\u00e2nd s\u0103 m\u0103 a\u0219tept la rezultate de la promovarea SEO?"],"list7_4_title":["Garan\u021bii pentru promovarea SEO"],"list7_5_title":["Metrici SEO"],"title4":["Rezultatele clien\u021bilor no\u0219tri \u00een cifre"],"text4":["De peste 16 ani ajut\u0103m diverse companii s\u0103 creasc\u0103 \r\ncererea pentru serviciile \u0219i produsele lor"],"btn_text1":["Comand\u0103 serviciul"],"link1":["#form"],"title6":["#Costul promov\u0103rii SEO"],"title7":["#Intrebari si raspunsuri"],"title8":["Zbur\u0103m \u00eempreun\u0103 \u00een TOP?"],"list1_0_title":["#Costul promov\u0103rii SEO"],"list1_1_title":["#Bugetul pe #SEO"],"list1_2_title":["#Garan\u021bii #SEO"],"list1_3_title":["#Primele rezultate \u00een SEO"],"list2_5_text":["Audit \u0219i optimizare <strong>\u00eenainte de lansarea <\/strong> unui nou <strong>proiect<\/strong>"],"list4_0_tag":["#SEO"],"list4_0_site":["Sanatate.md"],"list4_0_subtitle":["Cre\u0219terea traficului organic"],"list4_0_x":["x42"],"list4_0_text":["De la 187 la 7920 de vizitatori unici \r\npe zi \u00een 9 luni"],"list4_1_tag":["#SEO"],"list4_1_site":["Dentavita.md"],"list4_1_subtitle":["Cre\u0219terea traficului organic"],"list4_1_x":["x6"],"list4_1_text":["De la 60 la 350 de vizitatori unici \r\npe zi \u00een 4 luni"],"list4_2_tag":["#SEO"],"list4_2_site":["Tandem.md"],"list4_2_subtitle":["Cre\u0219terea traficului organic"],"list4_2_x":["x3"],"list4_2_text":["De la 3052 la 8752 de vizitatori unici \r\n\u00een 9 luni"],"list4_3_tag":["#SEO"],"list4_3_site":["NDA Australia project"],"list4_3_subtitle":["Cre\u0219terea traficului organic"],"list4_3_x":["x38"],"list4_3_text":["De la 40 la 1500 de vizitatori unici \r\n\u00een 9 luni"],"btn_text4":["Vreau \u0219i eu"],"link4":["#form"],"title5":["Care este primul pas pentru \u00eenceput?"],"list5_4_text":["\u00cencheiem un contract pentru promovarea SEO <strong>f\u0103r\u0103 o perioad\u0103 obligatorie <\/strong>"],"list5_5_text":["Plata serviciilor SEO se face pe baza aplica\u021biilor lunare la contract, care includ doar lucr\u0103rile necesare proiectului dumneavoastr\u0103"],"list5_6_text":["Dup\u0103 fiecare perioad\u0103 raportat\u0103, oferim rapoarte detaliate. Organiz\u0103m o \u00eent\u00e2lnire \u00een biroul nostru sau online, practic\u0103m \u0219i formatul de sprinturi - o dat\u0103 pe s\u0103pt\u0103m\u00e2n\u0103."],"list5_7_text":["La fiecare 3 luni revizuim \u0219i analiz\u0103m strategia aleas\u0103, \u0219i dac\u0103 este necesar, facem modific\u0103ri"],"list5_8_text":["Proiectul dumneavoastr\u0103 va fi \u00een TOP"],"text6":["Costul mediu al promov\u0103rii SEO este \u00eentre <strong>600 <\/strong> \u0219i <strong>1500<\/strong> de euro pe lun\u0103\r\n\r\n*Onorariu FIX al echipei noastre, pre\u021bul este <strong>f\u0103r\u0103 TVA<\/strong>"],"btn_text6":["Comand\u0103 o consultare"],"link6":["#form"],"text7":["S\u0103 \u00een\u021belegem detaliile"],"list7_0_text":["Costul promov\u0103rii SEO este format din 4 aspecte cheie, fiecare fiind o parte integrant\u0103 a promov\u0103rii SEO\r\n<ul>\r\n \t<li><strong>Onorariul echipei SEO<\/strong> - \u00een medie \u00eentre 600 \u0219i 1500 de euro pe lun\u0103. Asta va costa un specialist SEO mediu pe pia\u021b\u0103, care nu poate gestiona un proiect mare \u0219i nu va oferi rezultate<\/li>\r\n \t<li><strong>Partea tehnic\u0103<\/strong> - \u00eembun\u0103t\u0103\u021biri ale site-ului dumneavoastr\u0103. Dac\u0103 ave\u021bi propriul departament de dezvoltare sau un dezvoltator extern, va trebui s\u0103 finaliza\u021bi un anumit volum de lucr\u0103ri \u00een primele 2-3 luni. Dac\u0103 nu, avem o echip\u0103 intern\u0103 de dezvoltare, unde putem efectua toate lucr\u0103rile la cheie<\/li>\r\n \t<li><strong>Partea de con\u021binut <\/strong> - crearea de noi con\u021binut optimizat, poate fi realizat\u0103 de departamentul dumneavoastru de copywriting sau de al nostru. Utiliz\u0103m copywritingul doar pentru anumite teme, cum ar fi finan\u021bele \u0219i medicina, \u00een alte cazuri suntem preg\u0103ti\u021bi s\u0103 v\u0103 oferim <a href=\"#\">servicii de creare a con\u021binutului AI cu ajutorul ChatGPT API \/ Gemini <\/a><\/li>\r\n \t<li><strong>Cump\u0103rarea de linkuri<\/strong> - o parte esen\u021bial\u0103 a SEO. Bugetul pentru linkuri poate varia de la 200 la 6000 de euro pe lun\u0103. Sumelor de peste 1K le corespund de obicei temele foarte competitive - finan\u021be, medicin\u0103 \u0219i altele.<\/li>\r\n<\/ul>"],"list7_1_text":["<ul>\r\n \t<li>de la 1200 - 1500 de euro pentru site-uri cu tematic\u0103 neconcuren\u021bial\u0103<\/li>\r\n \t<li>de la 2000 - 3500 de euro pentru site-uri cu tematic\u0103 mediu concuren\u021bial\u0103<\/li>\r\n \t<li>de la 3500 - 8000 de euro pentru site-uri cu tematic\u0103 foarte concuren\u021bial\u0103<\/li>\r\n<\/ul>\r\nEste important de men\u021bionat c\u0103 bugetele mai mari includ munca a 4 departamente (departamentul SEO, departamentul de dezvoltare, departamentul de copywriting, departamentul de link building)\r\n\r\nFiecare proiect \u0219i ni\u0219\u0103 sunt unice. Pentru consultan\u021b\u0103, ne pute\u021bi <a href=\"#form\">contacta pentru o consultan\u021bie<\/a>, vom fi bucuro\u0219i s\u0103 v\u0103 ajut\u0103m cu grij\u0103!"],"list7_2_text":["Lucr\u0103m pe principiul Time &amp; Material, ceea ce \u00eenseamn\u0103 plata pentru lucr\u0103rile efectuate de facto. \u00cen prima lun\u0103 de lucru efectu\u0103m o analiz\u0103 a ni\u0219ei \u0219i cre\u0103m o <a href=\"#\">strategie de promovare SEO<\/a>, pe baza c\u0103reia formul\u0103m volumul de lucru necesar pentru proiectul dumneavoastr\u0103. \u00cen medie, onorariul FIX al echipei SEO, \u00een func\u021bie de volumul proiectului, va sc\u0103dea \u00een 4-8 luni de lucru la minimum de ore de lucru \u0219i c\u00e2teva sute de euro pe lun\u0103. Bugetul din onorariul echipei SEO \u00eel recomand\u0103m \u00eentotdeauna s\u0103 fie realocat pentru cump\u0103rarea de linkuri."],"list7_3_text":["Rezultatele depind foarte mult de tematica \u0219i starea curent\u0103 a site-ului dumneavoastr\u0103, dar putem oferi exemple\r\n<ul>\r\n \t<li>4-6 luni - site nou<\/li>\r\n \t<li>2-4 luni - site existent<\/li>\r\n<\/ul>\r\nEste important de men\u021bionat c\u0103 rezultatele vor depinde de viteza de implementare a \u00eembun\u0103t\u0103\u021birilor pe site"],"list7_4_text":["Dac\u0103 \u00eent\u00e2lni\u021bi o companie sau un specialist care ofer\u0103 garan\u021bii pentru SEO - fugi\u021bi c\u00e2t pute\u021bi de repede, ca Forrest Gump ) \u00cen munca noastr\u0103 exist\u0103 \u201eo a treia parte\u201d sub forma motorului de c\u0103utare. Nimeni nu poate influen\u021ba direct rezultatele c\u0103ut\u0103rii cu garan\u021bie, nu exist\u0103 garan\u021bii pentru TOP-1 sau pentru un anumit num\u0103r de trafic. Oferim garan\u021bii pentru calitatea tuturor lucr\u0103rilor complexe de SEO la toate etapele, care conduc la rezultat"],"list7_5_text":["Metrica cheie \u0219i \u00een\u021beleas\u0103 de ambele p\u0103r\u021bi la promovarea site-ului - cre\u0219terea traficului organic conform prognozei. \u00cen prima lun\u0103 de lucru, determin\u0103m un prognoz aproximativ al cre\u0219terii traficului proiectului dumneavoastr\u0103 din motoarele de c\u0103utare \u00een decurs de 1 an. La fiecare 3 luni analiz\u0103m strategia creat\u0103 de noi \u0219i, dac\u0103 este necesar, facem modific\u0103ri pentru a atinge obiectivele noastre."],"text8":["Suntem bucuro\u0219i s\u0103 v\u0103 ajut\u0103m!"],"form8":["[contact-form-7 id=\"8aeeaf5\" title=\"\u041a\u043e\u043d\u0442\u0430\u043a\u0442\u043d\u0430\u044f \u0444\u043e\u0440\u043c\u0430 \u0421\u0415\u041e \u0442\u0435\u0441\u0442\"]"],"subtitle8":["Cerere pentru promovare"],"title9":["Posibil s\u0103 fi\u021bi interesat de alte \r\nserviciile noastre"],"list9_0_title":["Crearea de site-uri web"],"list9_0_text":["Ob\u021bine\u021bi rezultate rapide cu un \u00eenceput rapid chiar acum \u0219i aici."],"list9_0_btn_text":["Mai multe detalii"],"list9_0_link":["https:\/\/rocketseo.md\/ro\/creare-site-web\/"],"list9_1_title":["Audit tehnic"],"list9_1_text":["Vom analiza site-ul, vom identifica erorile critice, a c\u0103ror corectare va duce la \u00eembun\u0103t\u0103\u021birea pozi\u021biilor"],"list9_1_btn_text":["Mai multe detalii"],"list9_1_link":["https:\/\/rocketseo.md\/ro\/audit-tehnic\/"],"_edit_lock":["1761832195:2"],"_edit_last":["2"],"_yoast_indexnow_last_ping":["1717759249"],"_last_translation_edit_mode":["native-editor"],"_yoast_wpseo_keywordsynonyms":["[\"\"]"],"_yoast_wpseo_estimated-reading-time-minutes":["0"],"_yoast_wpseo_wordproof_timestamp":[""],"_wpml_word_count":["{\"total\":1349,\"to_translate\":{\"ru\":1349}}"],"_yoast_post_redirect_info":["a:4:{s:6:\"origin\";s:6:\"ro\/seo\";s:6:\"target\";s:17:\"ro\/promovarea-seo\";s:4:\"type\";i:301;s:6:\"format\";s:5:\"plain\";}"],"_yoast_wpseo_title":["Promovarea SEO \u00een Moldova: Comand\u0103 optimizarea site-ului \u00een RocketSEO \ud83d\ude80"],"_yoast_wpseo_metadesc":["Comanda\u021bi o promovare SEO complet\u0103 pentru site-ul dvs. \u00een Moldova. \ud83d\ude80 Echipa noastr\u0103 de speciali\u0219ti SEO cu experien\u021b\u0103 se va ocupa de optimizare \u0219i v\u0103 va ajuta s\u0103 v\u0103 aduce\u021bi \u00een TOP. \ud83d\udd1d Vizita\u021bi site-ul nostru pentru a ob\u021bine pre\u021buri, citi\u021bi recenzii \u0219i alte detalii."],"_list1_0_link":["field_663108eda5826"],"_list1_1_link":["field_663108eda5826"],"_list1_2_link":["field_663108eda5826"],"_list1_3_link":["field_663108eda5826"],"list1_0_link":["#Costul"],"list1_1_link":["#Costul"],"list1_2_link":["#Garan\u021bii"],"list1_3_link":["#Garan\u021bii"],"_anchor2":["field_66472b78c44cb"],"_anchor3":["field_66472b8dc44cc"],"_anchor4":["field_66472b94c44cd"],"_anchor5":["field_66472b9bc44ce"],"_anchor6":["field_66472ba4c44cf"],"_anchor7":["field_66472bb4c44d0"],"_anchor8":["field_66472bbdc44d1"],"_anchor9":["field_66472bc5c44d2"],"block1":["a:1:{i:0;s:29:\"\u041f\u043e\u043a\u0430\u0437\u044b\u0432\u0430\u0442\u044c \u0431\u043b\u043e\u043a\";}"],"_block1":["field_664c28f10b4c5"],"block2":["a:1:{i:0;s:29:\"\u041f\u043e\u043a\u0430\u0437\u044b\u0432\u0430\u0442\u044c \u0431\u043b\u043e\u043a\";}"],"_block2":["field_664c29010b4c6"],"block3":["a:1:{i:0;s:29:\"\u041f\u043e\u043a\u0430\u0437\u044b\u0432\u0430\u0442\u044c \u0431\u043b\u043e\u043a\";}"],"_block3":["field_664c29080b4c7"],"block4":["a:1:{i:0;s:29:\"\u041f\u043e\u043a\u0430\u0437\u044b\u0432\u0430\u0442\u044c \u0431\u043b\u043e\u043a\";}"],"_block4":["field_664c290e0b4c8"],"block5":["a:1:{i:0;s:29:\"\u041f\u043e\u043a\u0430\u0437\u044b\u0432\u0430\u0442\u044c \u0431\u043b\u043e\u043a\";}"],"_block5":["field_664c29140b4c9"],"block6":["a:1:{i:0;s:29:\"\u041f\u043e\u043a\u0430\u0437\u044b\u0432\u0430\u0442\u044c \u0431\u043b\u043e\u043a\";}"],"_block6":["field_664c291a0b4ca"],"block7":["a:1:{i:0;s:29:\"\u041f\u043e\u043a\u0430\u0437\u044b\u0432\u0430\u0442\u044c \u0431\u043b\u043e\u043a\";}"],"_block7":["field_664c29210b4cb"],"block8":["a:1:{i:0;s:29:\"\u041f\u043e\u043a\u0430\u0437\u044b\u0432\u0430\u0442\u044c \u0431\u043b\u043e\u043a\";}"],"_block8":["field_664c29260b4cc"],"block9":["a:1:{i:0;s:29:\"\u041f\u043e\u043a\u0430\u0437\u044b\u0432\u0430\u0442\u044c \u0431\u043b\u043e\u043a\";}"],"_block9":["field_664c292c0b4cd"],"anchor2":[""],"anchor3":[""],"anchor4":["Garan\u021bii "],"anchor5":[""],"anchor6":["Costul"],"anchor7":["Garan\u021bii"],"anchor8":["form"],"anchor9":[""],"img1":["1065"],"list2_0_img":["1075"],"list2_1_img":["1077"],"list2_2_img":["1079"],"list2_3_img":["1081"],"list4_0_img":["1162"],"list4_3_img":["1166"],"list2_4_img":["1083"],"list2_5_img":["1085"],"img3":["1096"],"list9_0_img":["1149"],"list9_1_img":["1151"],"list4_0_img2":["1170"],"list4_3_img2":["1172"],"list9_0_img2":["1176"],"list9_1_img2":["1178"],"rank_math_title":["Promovarea SEO \u00een Moldova: Comand\u0103 optimizarea site-ului \u00een RocketSEO \ud83d\ude80"],"rank_math_description":["Comanda\u021bi o promovare SEO complet\u0103 pentru site-ul dvs. \u00een Moldova. \ud83d\ude80 Echipa noastr\u0103 de speciali\u0219ti SEO cu experien\u021b\u0103 se va ocupa de optimizare \u0219i v\u0103 va ajuta s\u0103 v\u0103 aduce\u021bi \u00een TOP. \ud83d\udd1d Vizita\u021bi site-ul nostru pentru a ob\u021bine pre\u021buri, citi\u021bi recenzii \u0219i alte detalii."],"rank_math_news_sitemap_robots":["index"],"rank_math_robots":["a:1:{i:0;s:5:\"index\";}"],"rank_math_internal_links_processed":["1"],"_uag_page_assets":["a:9:{s:3:\"css\";s:263:\".uag-blocks-common-selector{z-index:var(--z-index-desktop) !important}@media (max-width: 976px){.uag-blocks-common-selector{z-index:var(--z-index-tablet) !important}}@media (max-width: 767px){.uag-blocks-common-selector{z-index:var(--z-index-mobile) !important}}\n\";s:2:\"js\";s:0:\"\";s:18:\"current_block_list\";a:7:{i:0;s:11:\"core\/search\";i:1;s:10:\"core\/group\";i:2;s:12:\"core\/heading\";i:3;s:17:\"core\/latest-posts\";i:4;s:20:\"core\/latest-comments\";i:5;s:13:\"core\/archives\";i:6;s:15:\"core\/categories\";}s:8:\"uag_flag\";b:0;s:11:\"uag_version\";s:10:\"1777619894\";s:6:\"gfonts\";a:0:{}s:10:\"gfonts_url\";s:0:\"\";s:12:\"gfonts_files\";a:0:{}s:14:\"uag_faq_layout\";b:0;}"],"_uag_css_file_name":["uag-css-5306.css"]},"uagb_featured_image_src":{"full":false,"thumbnail":false,"medium":false,"medium_large":false,"large":false,"1536x1536":false,"2048x2048":false,"woocommerce_thumbnail":false,"woocommerce_single":false,"woocommerce_gallery_thumbnail":false},"uagb_author_info":{"display_name":"Rocketseo","author_link":"https:\/\/rocketseo.md\/ro\/author\/rocketseo\/"},"uagb_comment_info":0,"uagb_excerpt":null,"_links":{"self":[{"href":"https:\/\/rocketseo.md\/ro\/wp-json\/wp\/v2\/pages\/5306","targetHints":{"allow":["GET"]}}],"collection":[{"href":"https:\/\/rocketseo.md\/ro\/wp-json\/wp\/v2\/pages"}],"about":[{"href":"https:\/\/rocketseo.md\/ro\/wp-json\/wp\/v2\/types\/page"}],"author":[{"embeddable":true,"href":"https:\/\/rocketseo.md\/ro\/wp-json\/wp\/v2\/users\/2"}],"replies":[{"embeddable":true,"href":"https:\/\/rocketseo.md\/ro\/wp-json\/wp\/v2\/comments?post=5306"}],"version-history":[{"count":13,"href":"https:\/\/rocketseo.md\/ro\/wp-json\/wp\/v2\/pages\/5306\/revisions"}],"predecessor-version":[{"id":6214,"href":"https:\/\/rocketseo.md\/ro\/wp-json\/wp\/v2\/pages\/5306\/revisions\/6214"}],"wp:attachment":[{"href":"https:\/\/rocketseo.md\/ro\/wp-json\/wp\/v2\/media?parent=5306"}],"curies":[{"name":"wp","href":"https:\/\/api.w.org\/{rel}","templated":true}]}}