{"id":5303,"date":"2024-04-11T09:03:09","date_gmt":"2024-04-11T06:03:09","guid":{"rendered":"https:\/\/rocketseo.md\/despre-noi\/"},"modified":"2024-12-10T12:31:29","modified_gmt":"2024-12-10T09:31:29","slug":"despre-noi","status":"publish","type":"page","link":"https:\/\/rocketseo.md\/ro\/despre-noi\/","title":{"rendered":"Despre noi"},"content":{"rendered":"","protected":false},"excerpt":{"rendered":"","protected":false},"author":2,"featured_media":0,"parent":0,"menu_order":0,"comment_status":"closed","ping_status":"closed","template":"template-parts\/page-about.php","meta":{"_acf_changed":false,"inline_featured_image":false,"_uag_custom_page_level_css":"","footnotes":""},"class_list":["post-5303","page","type-page","status-publish","hentry"],"acf":[],"spectra_custom_meta":{"_alp_processed":["1733823095"],"_wpml_media_duplicate":["1"],"_wpml_media_featured":["1"],"list2":["3"],"list2_0_color":["#F0DFFF"],"list2_1_color":["#ffb16c"],"list2_2_color":["#e5f69c"],"list3":["3"],"_subtitle1":["field_66177d58bf179"],"_title1":["field_66177d5ebf17a"],"_text1":["field_66177d72bf17b"],"_img1":["field_66177d7dbf17c"],"_title2":["field_66177d90bf17e"],"_list2":["field_66177d9cbf17f"],"_list2_0_color":["field_66177df8bf188"],"_list2_1_color":["field_66177df8bf188"],"_list2_2_color":["field_66177df8bf188"],"_list2_0_text":["field_66177da4bf180"],"_list2_1_text":["field_66177da4bf180"],"_list2_2_text":["field_66177da4bf180"],"_img2":["field_66177daebf181"],"_title3":["field_66177dc2bf183"],"_subtitle3":["field_66177dc8bf184"],"_list3":["field_66177dcfbf185"],"_list3_0_img":["field_66177dd7bf186"],"_list3_1_img":["field_66177dd7bf186"],"_list3_2_img":["field_66177dd7bf186"],"_list3_0_title":["field_66177de0bf187"],"_list3_1_title":["field_66177de0bf187"],"_list3_2_title":["field_66177de0bf187"],"_list4_0_title":["field_66177e33bf18e"],"_list4_1_title":["field_66177e33bf18e"],"_list4_2_title":["field_66177e33bf18e"],"_title4":["field_66177e14bf18a"],"_text4":["field_66177e1abf18b"],"_list4":["field_66177e23bf18c"],"_more4":["field_66177e3fbf190"],"_list4_0_img":["field_66177e2bbf18d"],"_list4_0_position":["field_66177e39bf18f"],"_list4_1_img":["field_66177e2bbf18d"],"_list4_1_position":["field_66177e39bf18f"],"_list4_2_img":["field_66177e2bbf18d"],"_list4_2_position":["field_66177e39bf18f"],"_list4_0_link":["field_6617814f43bc6"],"_list4_1_link":["field_6617814f43bc6"],"_list4_2_link":["field_6617814f43bc6"],"_wp_page_template":["template-parts\/page-about.php"],"_last_translation_edit_mode":["native-editor"],"_yoast_wpseo_focuskeywords":["[]"],"subtitle1":["Despre noi"],"title1":["Noi facem\r\nlucruri grozave \u00eempreun\u0103"],"text1":["O echip\u0103 de agen\u021bi de marketing digital pe care te po\u021bi baza. Construim \u00eencredere prin comunicare, transparen\u021b\u0103 \u0219i rezultate."],"title2":["RocketSEO - Agen\u021bie \r\n- tip boutique"],"list2_0_text":["Marea parte a proiectelor care ne aduc venitul principal sunt proprii. Aplic\u0103m practicile de promovare din proiectele noastre la clien\u021bi \u0219i nu facem experimente pe voi."],"list2_1_text":["Nu ne angaj\u0103m \u00eentr-un proiect dac\u0103 ini\u021bial nu vedem perspective de dezvoltare."],"list2_2_text":["Lucr\u0103m ca afilia\u021bi cu diverse programe de parteneriat."],"title3":["Ceea ce clien\u021bii apreciaz\u0103 cel mai mult la noi"],"subtitle3":["Vorbim limbajul faptelor:"],"list3_0_title":["C\u00e2\u0219tig\u0103m bani online <strong> din 2008. <\/strong>"],"list3_1_title":["<strong>\u0218ase angaja\u021bi<\/strong> ai companiei noastre lucreaz\u0103 <strong>cu noi <\/strong> de mai mult de <strong>10 ani.<\/strong>"],"list3_2_title":["\u00cen biroul nostru tr\u0103iesc permanent <strong>patru pisici. <\/strong>"],"list4_0_title":["Maxim Konovalov"],"list4_1_title":["Kirill Larkin"],"list4_2_title":["Cristina Dimitriu"],"title4":["Echipa noastr\u0103"],"text4":["Peste 16 ani de experien\u021b\u0103 \u00een dezvoltarea \r\n\u0219i promovarea proiectelor de succes"],"more4":["Vede\u021bi \u00eentreaga echip\u0103"],"list4_0_position":["Founder, CEO"],"list4_1_position":["SEO Team Lead"],"list4_2_position":["Project Manager"],"list4_0_link":["https:\/\/rocketseo.md\/ro\/blog\/author\/maxim-konovalov\/"],"list4_1_link":["https:\/\/rocketseo.md\/ro\/blog\/author\/kirill-larkin\/"],"list4_2_link":["https:\/\/rocketseo.md\/ro\/blog\/author\/cristina-dimitriu\/"],"_wpml_word_count":["{\"total\":183,\"to_translate\":{\"ru\":183}}"],"_edit_lock":["1733823098:2"],"_edit_last":["2"],"_yoast_indexnow_last_ping":["1716791700"],"_yoast_wpseo_keywordsynonyms":["[\"\"]"],"_yoast_wpseo_estimated-reading-time-minutes":["0"],"_yoast_wpseo_wordproof_timestamp":[""],"_list4_3_title":["field_66177e33bf18e"],"_list4_4_title":["field_66177e33bf18e"],"_list4_5_title":["field_66177e33bf18e"],"_list4_3_img":["field_66177e2bbf18d"],"_list4_3_position":["field_66177e39bf18f"],"_list4_4_img":["field_66177e2bbf18d"],"_list4_4_position":["field_66177e39bf18f"],"_list4_5_img":["field_66177e2bbf18d"],"_list4_5_position":["field_66177e39bf18f"],"_list4_3_link":["field_6617814f43bc6"],"_list4_4_link":["field_6617814f43bc6"],"_list4_5_link":["field_6617814f43bc6"],"list4":["7"],"_list4_6_title":["field_66177e33bf18e"],"_list4_6_img":["field_66177e2bbf18d"],"_list4_6_position":["field_66177e39bf18f"],"_list4_6_link":["field_6617814f43bc6"],"list4_3_title":["Alexandr Pozdirka"],"list4_3_position":["\u0218ef Departament Dezvoltare"],"list4_3_link":["https:\/\/rocketseo.md\/ro\/blog\/author\/alexandr-pozdyrka\/"],"list4_4_title":["Xenia Ungurean"],"list4_4_position":["UI\/UX Designer"],"list4_4_link":["https:\/\/rocketseo.md\/ro\/blog\/author\/xenia-ungurean\/"],"list4_5_title":["Iren Reaguzova"],"list4_5_position":["Traduc\u0103tor"],"list4_5_link":["https:\/\/rocketseo.md\/ro\/blog\/author\/iren-reaguzova\/"],"list4_6_title":["Anna Slav"],"list4_6_position":["SEO - specialist"],"list4_6_link":["https:\/\/rocketseo.md\/ro\/blog\/author\/anna-slav\/"],"_yoast_wpseo_title":["Despre noi - RocketSEO: S\u0103 ne cunoa\u0219tem mai bine! \ud83d\ude80"],"_yoast_wpseo_metadesc":["Accesa\u021bi pentru a vedea echipa RocketSEO \u0219i pisicile corporative. \ud83d\udc08 Afla\u021bi despre principiile de lucru ale echipei noastre, valorile angaja\u021bilor \u0219i misiunea companiei. \ud83d\udc65"],"block1":["a:1:{i:0;s:29:\"\u041f\u043e\u043a\u0430\u0437\u044b\u0432\u0430\u0442\u044c \u0431\u043b\u043e\u043a\";}"],"_block1":["field_664c2495e1a3b"],"block2":["a:1:{i:0;s:29:\"\u041f\u043e\u043a\u0430\u0437\u044b\u0432\u0430\u0442\u044c \u0431\u043b\u043e\u043a\";}"],"_block2":["field_664c24a7e1a3c"],"block3":["a:1:{i:0;s:29:\"\u041f\u043e\u043a\u0430\u0437\u044b\u0432\u0430\u0442\u044c \u0431\u043b\u043e\u043a\";}"],"_block3":["field_664c24afe1a3d"],"block4":["a:1:{i:0;s:29:\"\u041f\u043e\u043a\u0430\u0437\u044b\u0432\u0430\u0442\u044c \u0431\u043b\u043e\u043a\";}"],"_block4":["field_664c24b8e1a3e"],"rank_math_title":["Despre noi - RocketSEO: S\u0103 ne cunoa\u0219tem mai bine! \ud83d\ude80"],"rank_math_description":["Accesa\u021bi pentru a vedea echipa RocketSEO \u0219i pisicile corporative. \ud83d\udc08 Afla\u021bi despre principiile de lucru ale echipei noastre, valorile angaja\u021bilor \u0219i misiunea companiei. \ud83d\udc65"],"rank_math_news_sitemap_robots":["index"],"rank_math_robots":["a:1:{i:0;s:5:\"index\";}"],"rank_math_internal_links_processed":["1"],"rank_math_seo_score":["17"],"img1":["985"],"img2":["988"],"list3_0_img":["992"],"list3_1_img":["994"],"list3_2_img":["996"],"list4_0_img":["6057"],"list4_1_img":["6059"],"list4_2_img":["6060"],"list4_3_img":["6063"],"list4_4_img":["6065"],"list4_5_img":["6067"],"list4_6_img":["6064"],"_uag_page_assets":["a:9:{s:3:\"css\";s:263:\".uag-blocks-common-selector{z-index:var(--z-index-desktop) !important}@media (max-width: 976px){.uag-blocks-common-selector{z-index:var(--z-index-tablet) !important}}@media (max-width: 767px){.uag-blocks-common-selector{z-index:var(--z-index-mobile) !important}}\n\";s:2:\"js\";s:0:\"\";s:18:\"current_block_list\";a:7:{i:0;s:11:\"core\/search\";i:1;s:10:\"core\/group\";i:2;s:12:\"core\/heading\";i:3;s:17:\"core\/latest-posts\";i:4;s:20:\"core\/latest-comments\";i:5;s:13:\"core\/archives\";i:6;s:15:\"core\/categories\";}s:8:\"uag_flag\";b:0;s:11:\"uag_version\";s:10:\"1777619894\";s:6:\"gfonts\";a:0:{}s:10:\"gfonts_url\";s:0:\"\";s:12:\"gfonts_files\";a:0:{}s:14:\"uag_faq_layout\";b:0;}"],"_uag_css_file_name":["uag-css-5303.css"]},"uagb_featured_image_src":{"full":false,"thumbnail":false,"medium":false,"medium_large":false,"large":false,"1536x1536":false,"2048x2048":false,"woocommerce_thumbnail":false,"woocommerce_single":false,"woocommerce_gallery_thumbnail":false},"uagb_author_info":{"display_name":"Rocketseo","author_link":"https:\/\/rocketseo.md\/ro\/author\/rocketseo\/"},"uagb_comment_info":0,"uagb_excerpt":null,"_links":{"self":[{"href":"https:\/\/rocketseo.md\/ro\/wp-json\/wp\/v2\/pages\/5303","targetHints":{"allow":["GET"]}}],"collection":[{"href":"https:\/\/rocketseo.md\/ro\/wp-json\/wp\/v2\/pages"}],"about":[{"href":"https:\/\/rocketseo.md\/ro\/wp-json\/wp\/v2\/types\/page"}],"author":[{"embeddable":true,"href":"https:\/\/rocketseo.md\/ro\/wp-json\/wp\/v2\/users\/2"}],"replies":[{"embeddable":true,"href":"https:\/\/rocketseo.md\/ro\/wp-json\/wp\/v2\/comments?post=5303"}],"version-history":[{"count":10,"href":"https:\/\/rocketseo.md\/ro\/wp-json\/wp\/v2\/pages\/5303\/revisions"}],"predecessor-version":[{"id":7126,"href":"https:\/\/rocketseo.md\/ro\/wp-json\/wp\/v2\/pages\/5303\/revisions\/7126"}],"wp:attachment":[{"href":"https:\/\/rocketseo.md\/ro\/wp-json\/wp\/v2\/media?parent=5303"}],"curies":[{"name":"wp","href":"https:\/\/api.w.org\/{rel}","templated":true}]}}