{"id":11960,"date":"2025-09-12T14:22:26","date_gmt":"2025-09-12T11:22:26","guid":{"rendered":"https:\/\/rocketseo.md\/termeni-si-conditii\/"},"modified":"2025-09-12T14:22:26","modified_gmt":"2025-09-12T11:22:26","slug":"termeni-si-conditii","status":"publish","type":"page","link":"https:\/\/rocketseo.md\/ro\/termeni-si-conditii\/","title":{"rendered":"Termeni \u0219i Condi\u021bii"},"content":{"rendered":"<p>Prezentul document con\u021bine Termenii \u0219i Condi\u021biile de utilizare ale magazinului online rocketseo.md, aplicabile comenzilor de achizi\u021bionare a produselor\/serviciilor oferite de compania RocketSEO SRL prin intermediul site-ului web rocketseo.md.<\/p>\n<p>\u00cenainte de a utiliza site-ul, v\u0103 recomand\u0103m s\u0103 citi\u021bi cu aten\u021bie ace\u0219ti Termeni \u0219i Condi\u021bii. Ne rezerv\u0103m dreptul de a modifica aceste dispozi\u021bii f\u0103r\u0103 o notificare prealabil\u0103.<\/p>\n<p>1. DISPOZI\u021aII GENERALE<\/p>\n<p>Acest site apar\u021bine RocketSEO SRL. Prin plasarea unei comenzi \u00een magazinul online, Cump\u0103r\u0103torul accept\u0103 Condi\u021biile de v\u00e2nzare a produselor \u0219i\/sau prest\u0103rii serviciilor, bazate pe legisla\u021bia Republicii Moldova (denumite \u00een continuare \u2013 Termeni \u0219i Condi\u021bii), prezentate mai jos.<\/p>\n<p>Utilizarea site-ului web rocketseo.md implic\u0103 acceptarea Termenilor \u0219i Condi\u021biilor propuse de RocketSEO SRL, \u00een conformitate cu Legea nr. 284\/2004 privind comer\u021bul electronic. Rela\u021biile dintre cump\u0103r\u0103tor \u0219i v\u00e2nz\u0103tor se stabilesc \u00een baza Legii nr. 105\/2003 privind protec\u021bia consumatorilor \u0219i altor acte normative adoptate \u00een conformitate cu aceasta.<\/p>\n<p>V\u00e2nz\u0103torul \u00ee\u0219i rezerv\u0103 dreptul de a modifica prezentul document, iar Cump\u0103r\u0103torul are obliga\u021bia de a urm\u0103ri modific\u0103rile.<\/p>\n<p>2. PROTEC\u021aIA DATELOR CU CARACTER PERSONAL<\/p>\n<p>Prin utilizarea site-ului rocketseo.md, v\u0103 exprima\u021bi acordul pentru colectarea \u0219i prelucrarea datelor cu caracter personal, necesare pentru procesarea\/confirmarea\/executarea comenzilor.<\/p>\n<p>Datele personale sunt prelucrate exclusiv \u00een scopuri legale, cum ar fi furnizarea produselor solicitate, promov\u0103ri, analize Google, fi\u0219iere cookie \u0219i notific\u0103ri\/newslettere.<\/p>\n<p>Toate informa\u021biile care con\u021bin date personale sunt stocate \u0219i utilizate doar pe durata necesar\u0103 atingerii scopurilor pentru care au fost colectate, \u00een conformitate cu prevederile Legii nr. 133\/2011 privind protec\u021bia datelor cu caracter personal.<\/p>\n<p>Utiliz\u0103m m\u0103suri comerciale de securitate pentru a preveni accesul neautorizat, a men\u021bine acurate\u021bea datelor \u0219i a asigura utilizarea corect\u0103 a informa\u021biilor. Transmiterea datelor prin Internet sau re\u021bea wireless nu poate fi complet sigur\u0103.<\/p>\n<p>Prin urmare, la fel ca alte companii, nu putem garanta securitatea informa\u021biilor furnizate de Cump\u0103r\u0103tor, acesta asum\u00e2ndu-\u0219i riscul transmiterii datelor.<\/p>\n<p>3. PLASAREA COMENZII \u0218I PLATA<\/p>\n<p>Plata comenzilor este posibil\u0103 prin card bancar \u2013 la primirea comenzii ve\u021bi ob\u021bine o chitan\u021b\u0103 fiscal\u0103 care confirm\u0103 plata.<\/p>\n<p>Plata online se efectueaz\u0103 \u00een condi\u021bii de maxim\u0103 securitate, utiliz\u00e2nd cardul bancar ca instrument de plat\u0103 pentru tranzac\u021biile online. Dup\u0103 efectuarea pl\u0103\u021bii, ve\u021bi primi o confirmare pe adresa dvs. de e-mail.<\/p>\n<p>Procesatorul de pl\u0103\u021bi utilizeaz\u0103 un sistem securizat bazat pe cel mai recent standard 3D-Secure, ceea ce presupune un nou mod de autentificare a cump\u0103r\u0103torului \u00een tranzac\u021biile online sigure. Aceast\u0103 m\u0103sur\u0103 include redirec\u021bionarea utilizatorului c\u0103tre o pagin\u0103 securizat\u0103 maib, unde autentificarea de\u021bin\u0103torului de card se realizeaz\u0103 printr-un cod unic generat pentru fiecare tranzac\u021bie.<\/p>\n<p>Rambursarea banilor se efectueaz\u0103 doar pe cardul bancar utilizat la achizi\u021bie.<\/p>\n<p>Pentru plat\u0103 vi se vor solicita urm\u0103toarele date:<\/p>\n<p>Num\u0103rul cardului (16 cifre)<\/p>\n<p>Data expir\u0103rii (lun\u0103 \u0219i an)<\/p>\n<p>Codul CVC\/CVV (3 cifre)<\/p>\n<p>Numele \u0219i prenumele de pe card<\/p>\n<p>Toate pl\u0103\u021bile sunt procesate \u00een moneda na\u021bional\u0103 \u2013 MDL (lei moldovene\u0219ti). \u00cen cazul unei opera\u021biuni \u00een alt\u0103 valut\u0103, conversia se efectueaz\u0103 conform cursului aplicat de banca emitent\u0103 \u00een ziua decont\u0103rii.<\/p>\n<p>4. PLATA \u0218I FURNIZAREA SERVICIILOR<\/p>\n<p>Dup\u0103 plasarea comenzii, clientul prime\u0219te informa\u021bii privind termenii de \u00eencepere a prest\u0103rii serviciilor \u0219i forma de transmitere a rezultatelor.<\/p>\n<p>Deoarece compania ofer\u0103 servicii digitale \u0219i produse online, livrarea fizic\u0103 nu este necesar\u0103. Rezultatele (rapoarte, linkuri, capturi de ecran, publica\u021bii etc.) sunt furnizate \u00een format electronic \u2013 la adresa de e-mail indicat\u0103 sau prin alte canale de comunicare convenite cu clientul.<\/p>\n<p>Termenele de execu\u021bie depind de volumul serviciilor \u0219i sunt stabilite individual. \u00cen caz de circumstan\u021be care pot influen\u021ba termenele (de ex. defec\u021biuni tehnice ale platformelor ter\u021be, schimb\u0103ri de algoritmi Google\/Apple\/Bing etc.), clientul va fi informat \u00een prealabil.<\/p>\n<p>5. DREPTUL DE RETURNARE<\/p>\n<p>Conform legisla\u021biei \u00een vigoare privind protec\u021bia consumatorilor, cump\u0103r\u0103torul are dreptul de a anula comanda p\u00e2n\u0103 la \u00eenceperea prest\u0103rii serviciilor.<\/p>\n<p>Dat fiind c\u0103 serviciile \u0219i produsele furnizate sunt digitale \u0219i personalizate, rambursarea pl\u0103\u021bii dup\u0103 \u00eenceperea execut\u0103rii nu este posibil\u0103.<\/p>\n<p>\u00cen caz de neclarit\u0103\u021bi privind calitatea serviciilor, clientul poate contacta serviciul de suport al companiei. Fiecare solicitare va fi analizat\u0103 individual, iar compania va lua m\u0103suri pentru remedierea eventualelor deficien\u021be.<\/p>\n<p>Date de contact:<\/p>\n<p>Telefon: +373 78909001<br \/>\nE-mail: welcome@rocketseo.md<\/p>\n<p>6. POLITICA DE CONFIDEN\u021aIALITATE<\/p>\n<p>\u00cen conformitate cu prevederile Legii nr. 133\/2011 privind protec\u021bia datelor cu caracter personal, furnizorul de servicii prelucreaz\u0103 date personale \u00een mod legal \u0219i echitabil. Prelucrarea se efectueaz\u0103 prin mijloace automate \u0219i manuale, cu respectarea cerin\u021belor legale \u0219i a m\u0103surilor de securitate, confiden\u021bialitate \u0219i protec\u021bie a drepturilor persoanelor vizate.<\/p>\n<p>Furnizorul colecteaz\u0103 \u0219i prelucreaz\u0103 doar datele oferite de consumatori la plasarea comenzii: nume, prenume, num\u0103r de telefon, adres\u0103, adres\u0103 po\u0219tal\u0103.<\/p>\n<p>Datele personale sunt utilizate exclusiv pentru administrarea site-ului, livrarea comenzilor sau contactarea consumatorului \u00een scopul execut\u0103rii livr\u0103rii. Furnizorul nu va divulga datele c\u0103tre ter\u021bi f\u0103r\u0103 consim\u021b\u0103m\u00e2ntul persoanei vizate, cu excep\u021biile prev\u0103zute de lege (solicit\u0103ri ale autorit\u0103\u021bilor publice, instan\u021be, entit\u0103\u021bi autorizate).<\/p>\n<p>Datele pot fi utilizate de Furnizor \u0219i \u00een scopuri statistice sau promo\u021bionale.<\/p>\n<p>Furnizorul respect\u0103 cerin\u021bele de securitate a datelor \u0219i asigur\u0103 protec\u021bia acestora \u00eempotriva pierderii, distrugerii, falsific\u0103rii sau divulg\u0103rii c\u0103tre ter\u021bi. Angaja\u021bii sunt obliga\u021bi s\u0103 respecte confiden\u021bialitatea datelor personale. Prelucrarea datelor este efectuat\u0103 de persoanele autorizate ale Furnizorului.<\/p>\n<p>Furnizorul nu colecteaz\u0103 informa\u021bii despre tranzac\u021bii, cum ar fi num\u0103rul cardului bancar, data expir\u0103rii sau \u021bara de origine.<\/p>\n<p>Pentru informa\u021bii suplimentare, ne pute\u021bi contacta la:<br \/>\nE-mail: welcome@rocketseo.md<\/p>\n<p>Telefon: +373 78909001<\/p>\n<p>7. INFORMA\u021aII DE CONTACT<\/p>\n<p>Denumirea juridic\u0103 a companiei: RocketSEO SRL<br \/>\nIDNO: 1014600005249<br \/>\nAdres\u0103 juridic\u0103: mun. Chi\u0219in\u0103u, str. Trandafirilor, 11\/5, ap. 65<br \/>\nAdres\u0103 fizic\u0103: mun. Chi\u0219in\u0103u, str. Oituz, 15<br \/>\nTelefon: +373 78909001<br \/>\nE-mail: welcome@rocketseo.md<\/p>\n","protected":false},"excerpt":{"rendered":"<p>Prezentul document con\u021bine Termenii \u0219i Condi\u021biile de utilizare ale magazinului online rocketseo.md, aplicabile comenzilor de achizi\u021bionare a produselor\/serviciilor oferite de compania RocketSEO SRL prin intermediul site-ului web rocketseo.md. \u00cenainte de a utiliza site-ul, v\u0103 recomand\u0103m s\u0103 citi\u021bi cu aten\u021bie ace\u0219ti Termeni \u0219i Condi\u021bii. Ne rezerv\u0103m dreptul de a modifica aceste dispozi\u021bii f\u0103r\u0103 o notificare prealabil\u0103. [&hellip;]<\/p>\n","protected":false},"author":4,"featured_media":0,"parent":0,"menu_order":0,"comment_status":"closed","ping_status":"closed","template":"template-parts\/page-about.php","meta":{"_acf_changed":false,"inline_featured_image":false,"_uag_custom_page_level_css":"","footnotes":""},"class_list":["post-11960","page","type-page","status-publish","hentry"],"acf":[],"spectra_custom_meta":{"stackable_optimized_css":[""],"stackable_optimized_css_raw":["a:0:{}"],"rank_math_internal_links_processed":["1"],"_alp_processed":["1761556244"],"_wpml_media_duplicate":["0"],"_wpml_media_featured":["0"],"img1":[""],"list2":[""],"img2":[""],"list3":[""],"list4":[""],"_subtitle1":["field_66177d58bf179"],"_title1":["field_66177d5ebf17a"],"_text1":["field_66177d72bf17b"],"_img1":["field_66177d7dbf17c"],"_title2":["field_66177d90bf17e"],"_list2":["field_66177d9cbf17f"],"_img2":["field_66177daebf181"],"_title3":["field_66177dc2bf183"],"_subtitle3":["field_66177dc8bf184"],"_list3":["field_66177dcfbf185"],"_title4":["field_66177e14bf18a"],"_text4":["field_66177e1abf18b"],"_list4":["field_66177e23bf18c"],"_more4":["field_66177e3fbf190"],"block1":[""],"_block1":["field_664c2495e1a3b"],"block2":["a:1:{i:0;s:29:\"\u041f\u043e\u043a\u0430\u0437\u044b\u0432\u0430\u0442\u044c \u0431\u043b\u043e\u043a\";}"],"_block2":["field_664c24a7e1a3c"],"block3":["a:1:{i:0;s:29:\"\u041f\u043e\u043a\u0430\u0437\u044b\u0432\u0430\u0442\u044c \u0431\u043b\u043e\u043a\";}"],"_block3":["field_664c24afe1a3d"],"block4":["a:1:{i:0;s:29:\"\u041f\u043e\u043a\u0430\u0437\u044b\u0432\u0430\u0442\u044c \u0431\u043b\u043e\u043a\";}"],"_block4":["field_664c24b8e1a3e"],"_wp_page_template":["template-parts\/page-about.php"],"title2":["<h1>Termeni \u0219i Condi\u021bii<\/h1>\r\n<h2>Introducere<\/h2>\r\n<p>Prezentul document stabile\u0219te Termenii \u0219i Condi\u021biile de utilizare ale magazinului online rocketseo.md, aplicabile comenzilor de achizi\u021bionare a produselor\/serviciilor oferite de compania RocketSEO SRL prin intermediul site-ului web rocketseo.md.<\/p>\r\n\r\n<p>\u00cenainte de utilizarea site-ului, v\u0103 recomand\u0103m s\u0103 citi\u021bi cu aten\u021bie ace\u0219ti Termeni \u0219i Condi\u021bii. Ne rezerv\u0103m dreptul de a modifica aceste dispozi\u021bii f\u0103r\u0103 o notificare prealabil\u0103.<\/p>\r\n\r\n<h3>1. DISPOZI\u021aII GENERALE<\/h3>\r\n\r\n<p>Acest site apar\u021bine companiei RocketSEO SRL. Prin plasarea unei comenzi \u00een magazinul online, Cump\u0103r\u0103torul accept\u0103 Condi\u021biile de v\u00e2nzare a produselor \u0219i\/sau prest\u0103rii serviciilor, bazate pe legisla\u021bia Republicii Moldova (denumite \u00een continuare \u2013 Termeni \u0219i Condi\u021bii), prezentate mai jos.<\/p>\r\n\r\n<p>Utilizarea site-ului web rocketseo.md implic\u0103 acceptarea Termenilor \u0219i Condi\u021biilor propuse de RocketSEO SRL, \u00een conformitate cu Legea nr. 284\/2004 privind comer\u021bul electronic. Rela\u021biile dintre cump\u0103r\u0103tor \u0219i v\u00e2nz\u0103tor se stabilesc \u00een baza Legii nr. 105\/2003 privind protec\u021bia consumatorilor \u0219i altor acte normative adoptate \u00een conformitate cu aceasta.<\/p>\r\n\r\n<p>V\u00e2nz\u0103torul \u00ee\u0219i rezerv\u0103 dreptul de a modifica prezentul document, iar Cump\u0103r\u0103torul are obliga\u021bia de a urm\u0103ri modific\u0103rile.<\/p>\r\n\r\n<h3>2. PROTEC\u021aIA DATELOR CU CARACTER PERSONAL<\/h3>\r\n\r\n<p>Prin utilizarea site-ului rocketseo.md, v\u0103 exprima\u021bi automat acordul pentru colectarea \u0219i prelucrarea datelor cu caracter personal, necesare pentru procesarea\/confirmarea\/executarea comenzilor.<\/p>\r\n\r\n<p>Datele personale sunt prelucrate exclusiv \u00een scopuri legale, cum ar fi furnizarea produselor comandate, promov\u0103ri, analize Google, fi\u0219iere cookie \u0219i notific\u0103ri\/newslettere.<\/p>\r\n\r\n<p>Toate informa\u021biile care con\u021bin date personale sunt stocate \u0219i utilizate doar pe durata necesar\u0103 atingerii scopurilor pentru care au fost colectate, \u00een conformitate cu prevederile Legii nr. 133\/2011 privind protec\u021bia datelor cu caracter personal.<\/p>\r\n\r\n<p>Folosim m\u0103suri comerciale de securitate pentru a preveni accesul neautorizat, pentru a men\u021bine acurate\u021bea datelor \u0219i pentru a asigura utilizarea corect\u0103 a informa\u021biilor pe site. Transmiterea datelor prin Internet sau re\u021bele wireless nu poate fi complet sigur\u0103.<\/p>\r\n\r\n<p>Prin urmare, la fel ca alte companii, nu putem garanta securitatea informa\u021biilor furnizate de Cump\u0103r\u0103tor; acesta transmite datele pe propria r\u0103spundere.<\/p>\r\n\r\n<h3>3. PLASAREA COMENZII \u0218I PLATA<\/h3>\r\n\r\n<p>Plata comenzilor este posibil\u0103 prin card bancar \u2013 la primirea comenzii ve\u021bi primi o chitan\u021b\u0103 fiscal\u0103 care confirm\u0103 plata.<\/p>\r\n\r\n<p>Plata online se efectueaz\u0103 \u00een condi\u021bii de maxim\u0103 securitate, utiliz\u00e2nd cardul bancar ca instrument de plat\u0103 pentru tranzac\u021biile online. Dup\u0103 efectuarea pl\u0103\u021bii, ve\u021bi primi o confirmare a pl\u0103\u021bii pe adresa dvs. de e-mail.<\/p>\r\n\r\n<p>Procesatorul de pl\u0103\u021bi utilizeaz\u0103 un sistem securizat bazat pe cea mai recent\u0103 versiune a standardului 3D-Secure, ceea ce presupune un nou mod global de autentificare a cump\u0103r\u0103torului \u00een tranzac\u021biile online sigure. Aceast\u0103 m\u0103sur\u0103 de securitate include redirec\u021bionarea utilizatorului c\u0103tre o pagin\u0103 securizat\u0103 maib, unde autentificarea de\u021bin\u0103torului de card se realizeaz\u0103 prin atribuirea unui cod unic pentru fiecare tranzac\u021bie online.<\/p>\r\n\r\n<p>Rambursarea sumelor se efectueaz\u0103 doar pe cardul bancar utilizat la achizi\u021bie.<\/p>\r\n\r\n<p>Pentru plat\u0103, vi se vor solicita urm\u0103toarele date:<\/p>\r\n<ul>\r\n  <li>Num\u0103rul cardului (16 cifre)<\/li>\r\n  <li>Data expir\u0103rii (lun\u0103 \u0219i an)<\/li>\r\n  <li>Codul CVC sau CVV (3 cifre)<\/li>\r\n  <li>Numele \u0219i prenumele de pe card.<\/li>\r\n<\/ul>\r\n\r\n<p>Toate pl\u0103\u021bile sunt procesate \u00een moneda na\u021bional\u0103 \u2013 MDL (lei moldovene\u0219ti). \u00cen cazul \u00een care valuta tranzac\u021biei difer\u0103 de valuta pl\u0103\u021bii, conversia sumei se face conform cursului opera\u021biunilor cu carduri din ziua decont\u0103rii b\u0103ncii emitente.<\/p>\r\n\r\n<h3>4. PLATA \u0218I FURNIZAREA SERVICIILOR<\/h3>\r\n\r\n<p>Dup\u0103 plasarea comenzii, cump\u0103r\u0103torul prime\u0219te informa\u021bii despre termenele de \u00eencepere a prest\u0103rii serviciilor \u0219i modul de transmitere a rezultatelor.<\/p>\r\n\r\n<p>Deoarece compania ofer\u0103 <strong>servicii digitale \u0219i produse online<\/strong>, livrarea fizic\u0103 nu este necesar\u0103. Rezultatele serviciilor (rapoarte, linkuri, capturi de ecran, publica\u021bii etc.) sunt transmise \u00een format electronic \u2013 pe e-mailul indicat \u00een comand\u0103 sau prin alte canale de comunicare convenite cu clientul.<\/p>\r\n\r\n<p>Termenele de prestare a serviciilor depind de volumul acestora \u0219i sunt stabilite individual cu fiecare client. \u00cen cazul apari\u021biei unor circumstan\u021be care pot influen\u021ba termenele (de exemplu, defec\u021biuni tehnice ale platformelor ter\u021be, modific\u0103ri ale regulilor \u00een sistemele Google\/Apple\/Bing etc.), clientul va fi notificat \u00een prealabil.<\/p>\r\n\r\n<h3>5. DREPTUL DE RETRAGERE<\/h3>\r\n\r\n<p>Conform legisla\u021biei \u00een vigoare privind protec\u021bia consumatorilor, cump\u0103r\u0103torul are dreptul de a anula comanda \u00eenainte de \u00eenceperea prest\u0103rii serviciilor.<\/p>\r\n\r\n<p>Deoarece serviciile \u0219i produsele furnizate sunt digitale \u0219i personalizate, rambursarea pl\u0103\u021bii dup\u0103 \u00eenceperea execut\u0103rii nu este posibil\u0103.<\/p>\r\n\r\n<p>\u00cen cazul unor \u00eentreb\u0103ri privind calitatea serviciilor prestate, clientul poate contacta serviciul de asisten\u021b\u0103 al companiei. Vom analiza fiecare solicitare individual \u0219i vom lua m\u0103suri pentru remedierea eventualelor neajunsuri.<\/p>\r\n\r\n<p>Contacte pentru sesiz\u0103ri:<\/p>\r\n\r\n<p>Telefon: <a href=\"tel:+37378909001\">+37378909001<\/a><\/p>\r\n<p>E-mail: <a href=\"mailto:welcome@rocketseo.md\">welcome@rocketseo.md<\/a><\/p>\r\n\r\n<h3>6. POLITICA DE CONFIDEN\u021aIALITATE<\/h3>\r\n\r\n<p>\u00cen conformitate cu prevederile Legii nr. 133\/2011 privind protec\u021bia datelor cu caracter personal, furnizorul de servicii prelucreaz\u0103 datele personale \u00een mod corect \u0219i legal. Prelucrarea datelor se efectueaz\u0103 prin mijloace automate \u0219i manuale, cu respectarea cerin\u021belor legale, \u00een condi\u021bii care asigur\u0103 securitatea, confiden\u021bialitatea \u0219i respectarea drepturilor persoanelor vizate.<\/p>\r\n\r\n<p>Furnizorul colecteaz\u0103 \u0219i prelucreaz\u0103 doar datele personale oferite de consumatori la plasarea comenzii: nume, prenume, num\u0103r de telefon, adres\u0103, adres\u0103 po\u0219tal\u0103.<\/p>\r\n\r\n<p>Datele personale sunt utilizate exclusiv pentru administrarea site-ului, pentru furnizarea accesului la informa\u021bii, \u00een special pentru livrarea comenzilor sau contactarea consumatorului \u00een scopul execut\u0103rii livr\u0103rii. Utilizatorii sunt informa\u021bi c\u0103 datele lor personale (nume, prenume, num\u0103r de telefon, adres\u0103, adres\u0103 po\u0219tal\u0103) vor fi prelucrate \u0219i utilizate \u00een acest scop.<\/p>\r\n\r\n<p>Orice informa\u021bie furnizat\u0103 de utilizatorii site-ului rocketseo.md reprezint\u0103 consim\u021b\u0103m\u00e2ntul direct pentru utilizarea datelor de c\u0103tre Furnizor.<\/p>\r\n\r\n<p>Furnizorul nu va dezv\u0103lui datele c\u0103tre ter\u021bi f\u0103r\u0103 consim\u021b\u0103m\u00e2ntul persoanelor vizate \u0219i nu va comercializa, schimba sau transmite aceste date, cu excep\u021biile prev\u0103zute de lege (solicit\u0103ri ale autorit\u0103\u021bilor publice, instan\u021be, institu\u021bii autorizate etc.).<\/p>\r\n\r\n<p>Datele pot fi prelucrate \u0219i utilizate de Furnizor \u00een scopuri statistice sau promo\u021bionale.<\/p>\r\n\r\n<p>Furnizorul respect\u0103 cerin\u021bele de securitate a datelor cu caracter personal \u0219i asigur\u0103 protec\u021bia acestora \u00eempotriva pierderii, distrugerii, falsific\u0103rii sau divulg\u0103rii c\u0103tre ter\u021bi.<\/p>\r\n\r\n<p>Angaja\u021bii furnizorului sunt obliga\u021bi s\u0103 respecte confiden\u021bialitatea datelor personale ale consumatorilor. Prelucrarea datelor se va efectua de c\u0103tre persoane autorizate ale Furnizorului.<\/p>\r\n\r\n<p>Furnizorul utilizeaz\u0103 metode \u0219i tehnologii de securitate \u00een conformitate cu legisla\u021bia \u00een vigoare.<\/p>\r\n\r\n<p>Furnizorul nu colecteaz\u0103 informa\u021bii legate de tranzac\u021bii, cum ar fi num\u0103rul cardului bancar, data expir\u0103rii, \u021bara de origine.<\/p>\r\n\r\n<p>Pentru informa\u021bii suplimentare, orice persoan\u0103 interesat\u0103 poate contacta Furnizorul la adresa de e-mail <a href=\"mailto:welcome@rocketseo.md\">welcome@rocketseo.md<\/a> sau la telefon <a href=\"tel:+37378909001\">+37378909001<\/a>.<\/p>\r\n\r\n<h3>7. INFORMA\u021aII DE CONTACT<\/h3>\r\n\r\n<p>Denumirea juridic\u0103 a companiei: RocketSEO SRL<\/p>\r\n\r\n<p>IDNO: 1014600005249<br>\r\nAdresa juridic\u0103: mun. Chi\u0219in\u0103u, str. Trandafirilor, 11\/5, ap. 65<br>\r\nAdresa fizic\u0103: mun. Chi\u0219in\u0103u, str. Oituz, 15<br>\r\nTelefon de contact: <a href=\"tel:+37378909001\">+37378909001<\/a><br>\r\nE-mail: <a href=\"mailto:welcome@rocketseo.md\">welcome@rocketseo.md<\/a><\/p>\r\n"],"_last_translation_edit_mode":["translation-editor"],"_wpml_word_count":["1163"],"_uag_page_assets":["a:9:{s:3:\"css\";s:263:\".uag-blocks-common-selector{z-index:var(--z-index-desktop) !important}@media (max-width: 976px){.uag-blocks-common-selector{z-index:var(--z-index-tablet) !important}}@media (max-width: 767px){.uag-blocks-common-selector{z-index:var(--z-index-mobile) !important}}\n\";s:2:\"js\";s:0:\"\";s:18:\"current_block_list\";a:7:{i:0;s:11:\"core\/search\";i:1;s:10:\"core\/group\";i:2;s:12:\"core\/heading\";i:3;s:17:\"core\/latest-posts\";i:4;s:20:\"core\/latest-comments\";i:5;s:13:\"core\/archives\";i:6;s:15:\"core\/categories\";}s:8:\"uag_flag\";b:0;s:11:\"uag_version\";s:10:\"1777619894\";s:6:\"gfonts\";a:0:{}s:10:\"gfonts_url\";s:0:\"\";s:12:\"gfonts_files\";a:0:{}s:14:\"uag_faq_layout\";b:0;}"],"_uag_css_file_name":["uag-css-11960.css"]},"uagb_featured_image_src":{"full":false,"thumbnail":false,"medium":false,"medium_large":false,"large":false,"1536x1536":false,"2048x2048":false,"woocommerce_thumbnail":false,"woocommerce_single":false,"woocommerce_gallery_thumbnail":false},"uagb_author_info":{"display_name":"annaslav","author_link":"https:\/\/rocketseo.md\/ro\/author\/annaslav\/"},"uagb_comment_info":0,"uagb_excerpt":"Prezentul document con\u021bine Termenii \u0219i Condi\u021biile de utilizare ale magazinului online rocketseo.md, aplicabile comenzilor de achizi\u021bionare a produselor\/serviciilor oferite de compania RocketSEO SRL prin intermediul site-ului web rocketseo.md. \u00cenainte de a utiliza site-ul, v\u0103 recomand\u0103m s\u0103 citi\u021bi cu aten\u021bie ace\u0219ti Termeni \u0219i Condi\u021bii. Ne rezerv\u0103m dreptul de a modifica aceste dispozi\u021bii f\u0103r\u0103 o notificare prealabil\u0103.&hellip;","_links":{"self":[{"href":"https:\/\/rocketseo.md\/ro\/wp-json\/wp\/v2\/pages\/11960","targetHints":{"allow":["GET"]}}],"collection":[{"href":"https:\/\/rocketseo.md\/ro\/wp-json\/wp\/v2\/pages"}],"about":[{"href":"https:\/\/rocketseo.md\/ro\/wp-json\/wp\/v2\/types\/page"}],"author":[{"embeddable":true,"href":"https:\/\/rocketseo.md\/ro\/wp-json\/wp\/v2\/users\/4"}],"replies":[{"embeddable":true,"href":"https:\/\/rocketseo.md\/ro\/wp-json\/wp\/v2\/comments?post=11960"}],"version-history":[{"count":0,"href":"https:\/\/rocketseo.md\/ro\/wp-json\/wp\/v2\/pages\/11960\/revisions"}],"wp:attachment":[{"href":"https:\/\/rocketseo.md\/ro\/wp-json\/wp\/v2\/media?parent=11960"}],"curies":[{"name":"wp","href":"https:\/\/api.w.org\/{rel}","templated":true}]}}